{"id":42299,"date":"2024-12-19T19:40:14","date_gmt":"2024-12-19T18:40:14","guid":{"rendered":"https:\/\/pyrkon.pl\/?page_id=42299"},"modified":"2024-12-19T19:40:49","modified_gmt":"2024-12-19T18:40:49","slug":"rules-for-registering-for-workshops-at-the-pyrkon-fan-convention","status":"publish","type":"page","link":"https:\/\/pyrkon.pl\/en\/rules-for-registering-for-workshops-at-the-pyrkon-fan-convention\/","title":{"rendered":"Rules for registering for workshops at the Pyrkon Fan Convention 2025"},"content":{"rendered":"\n<p><strong>Rules for registering for workshops at the Pyrkon Fan Convention 2025<\/strong><\/p>\n\n\n\n<!--more-->\n\n\n\n<ol class=\"wp-block-list\">\n<li>These rules and regulations were created to define the rules of signing up for workshops at the Pyrkon Fan Convention.<\/li>\n\n\n\n<li>Registration applies to selected workshops, marked in the program with the tag &#8220;enroll&#8221; (to be selected on the left side of the list available at<a href=\"https:\/\/pyrkon.pl\/program-pyrkonu\/\"> https:\/\/pyrkon.pl\/program-pyrkonu\/<\/a>).<\/li>\n\n\n\n<li>Registration is made through google forms, links to which are provided on a dedicated subpage of<a href=\"http:\/\/www.pyrkon.pl\/\"> www.pyrkon.pl<\/a>, which will be posted on Facebook and Instagram platforms and on the Workshop Zone subpage. Registration made by other means will not be considered.<\/li>\n\n\n\n<li>Applications will be accepted until the date and time specified on the <a href=\"https:\/\/pyrkon.pl\/en\/topic\/workshop-zone\/\">subpage<\/a> or until places are available until seats available means untiil filling 100% of seats on the primary list and 100% of seats on the reserve list. The number of places on the reserve list and the primary list is the same).<\/li>\n\n\n\n<li>First come first served basis applies.<\/li>\n\n\n\n<li>A single form is an application from one person. The Organizer does not provide for the possibility of registering more than one person through a single application.<\/li>\n\n\n\n<li>In the case of duplicate applications from one person with the same data, it will be considered only once.<\/li>\n\n\n\n<li>The form collects email addresses and filling it out requires logging in with an email address (in standard google forms mode).<\/li>\n\n\n\n<li>The Organizers will inform participants of their inclusion in the qualified list or reserve list by the date indicated on the <a href=\"https:\/\/pyrkon.pl\/en\/topic\/workshop-zone\/\">subpage<\/a>. Information will be provided by email, to the address indicated in the application form.<\/li>\n\n\n\n<li>The speaker will receive application lists in printed form no less than 10 minutes before the start of the workshop.<\/li>\n\n\n\n<li>In order to successfully use your email-confirmed seat at the workshop, you must appear at the venue no later than 10 minutes before the start of the workshop.<\/li>\n\n\n\n<li>The speaker has the right to check the attendance list 10 minutes or less before the workshop begins.<\/li>\n\n\n\n<li>In the event that 10 minutes before the start of the workshop not all qualified persons from the list have appeared, the speaker has the right to accept people from the reserve list in a number not exceeding the declared capacity of the workshop.<\/li>\n\n\n\n<li>In the event that 5 minutes before the start of the workshop, after checking the attendance of the primary and reserve list, there are still vacant seats, the speaker has the right to accept other people waiting in front of the room, not exceeding the declared capacity of the workshop in the registration.<\/li>\n\n\n\n<li>Once the workshop has started, it is not possible to join.<\/li>\n\n\n\n<li>The Organizer is not responsible for cancellation of the workshop, tardiness of the speakers or other independent factors.<\/li>\n\n\n\n<li>During the execution of workshops and participation in workshops, everyone is bound by the general rules and regulations of the event available at <a href=\"https:\/\/pyrkon.pl\/en\/regulations-for-fan-convention-pyrkon\/\">dedicated subpage<\/a> .<\/li>\n\n\n\n<li>In matters of dispute, the zone organizer or another equivalent Organizer shall decide. The decision of the Organizer is considered final.<\/li>\n<\/ol>\n","protected":false},"excerpt":{"rendered":"<p>Rules for registering for workshops at the Pyrkon Fan Convention 2025<\/p>\n","protected":false},"author":2763,"featured_media":0,"parent":0,"menu_order":0,"comment_status":"closed","ping_status":"closed","template":"","meta":{"_acf_changed":false,"footnotes":""},"pyr_topics":[],"class_list":["post-42299","page","type-page","status-publish","hentry"],"acf":[],"yoast_head":"<!-- This site is optimized with the Yoast SEO Premium plugin v25.9 (Yoast SEO v25.9) - https:\/\/yoast.com\/wordpress\/plugins\/seo\/ -->\n<title>Rules for registering for workshops at the Pyrkon Fan Convention 2025 &#8902; Pyrkon Fantastyczne Miejsce Spotka\u0144<\/title>\n<meta name=\"description\" content=\"Pyrkon to przede wszystkim ludzie \u2013 fani fantastyki, tw\u00f3rcy, producenci, wystawcy i\u2026 Ty, poniewa\u017c Pyrkon to fantastyczne miejsce spotka\u0144. Spotkaj dziesi\u0105tki tysi\u0119cy niesamowitych ludzi, kt\u00f3rzy dziel\u0105 to samo hobby, co Ty! Podobnie do nich wr\u00f3cisz z fantastycznymi wspomnieniami do ko\u0144ca \u017cycia! Do\u0142\u0105cz do nas ju\u017c teraz!\" \/>\n<meta name=\"robots\" content=\"index, follow, max-snippet:-1, max-image-preview:large, max-video-preview:-1\" \/>\n<link rel=\"canonical\" href=\"https:\/\/pyrkon.pl\/en\/rules-for-registering-for-workshops-at-the-pyrkon-fan-convention\/\" \/>\n<meta property=\"og:locale\" content=\"en_US\" \/>\n<meta property=\"og:type\" content=\"article\" \/>\n<meta property=\"og:title\" content=\"Rules for registering for workshops at the Pyrkon Fan Convention 2025\" \/>\n<meta property=\"og:description\" content=\"Pyrkon to przede wszystkim ludzie \u2013 fani fantastyki, tw\u00f3rcy, producenci, wystawcy i\u2026 Ty, poniewa\u017c Pyrkon to fantastyczne miejsce spotka\u0144. Spotkaj dziesi\u0105tki tysi\u0119cy niesamowitych ludzi, kt\u00f3rzy dziel\u0105 to samo hobby, co Ty! Podobnie do nich wr\u00f3cisz z fantastycznymi wspomnieniami do ko\u0144ca \u017cycia! Do\u0142\u0105cz do nas ju\u017c teraz!\" \/>\n<meta property=\"og:url\" content=\"https:\/\/pyrkon.pl\/en\/rules-for-registering-for-workshops-at-the-pyrkon-fan-convention\/\" \/>\n<meta property=\"og:site_name\" content=\"Pyrkon Fantastyczne Miejsce Spotka\u0144\" \/>\n<meta property=\"article:publisher\" content=\"https:\/\/www.facebook.com\/Pyrkon\" \/>\n<meta property=\"article:modified_time\" content=\"2024-12-19T18:40:49+00:00\" \/>\n<meta name=\"twitter:card\" content=\"summary_large_image\" \/>\n<meta name=\"twitter:site\" content=\"@pyrkon\" \/>\n<meta name=\"twitter:label1\" content=\"Est. reading time\" \/>\n\t<meta name=\"twitter:data1\" content=\"4 minutes\" \/>\n<script type=\"application\/ld+json\" class=\"yoast-schema-graph\">{\"@context\":\"https:\/\/schema.org\",\"@graph\":[{\"@type\":\"WebPage\",\"@id\":\"https:\/\/pyrkon.pl\/en\/rules-for-registering-for-workshops-at-the-pyrkon-fan-convention\/\",\"url\":\"https:\/\/pyrkon.pl\/en\/rules-for-registering-for-workshops-at-the-pyrkon-fan-convention\/\",\"name\":\"Rules for registering for workshops at the Pyrkon Fan Convention 2025 &#8902; Pyrkon Fantastyczne Miejsce Spotka\u0144\",\"isPartOf\":{\"@id\":\"https:\/\/pyrkon.pl\/#website\"},\"datePublished\":\"2024-12-19T18:40:14+00:00\",\"dateModified\":\"2024-12-19T18:40:49+00:00\",\"description\":\"Pyrkon to przede wszystkim ludzie \u2013 fani fantastyki, tw\u00f3rcy, producenci, wystawcy i\u2026 Ty, poniewa\u017c Pyrkon to fantastyczne miejsce spotka\u0144. Spotkaj dziesi\u0105tki tysi\u0119cy niesamowitych ludzi, kt\u00f3rzy dziel\u0105 to samo hobby, co Ty! Podobnie do nich wr\u00f3cisz z fantastycznymi wspomnieniami do ko\u0144ca \u017cycia! Do\u0142\u0105cz do nas ju\u017c teraz!\",\"breadcrumb\":{\"@id\":\"https:\/\/pyrkon.pl\/en\/rules-for-registering-for-workshops-at-the-pyrkon-fan-convention\/#breadcrumb\"},\"inLanguage\":\"en-US\",\"potentialAction\":[{\"@type\":\"ReadAction\",\"target\":[\"https:\/\/pyrkon.pl\/en\/rules-for-registering-for-workshops-at-the-pyrkon-fan-convention\/\"]}]},{\"@type\":\"BreadcrumbList\",\"@id\":\"https:\/\/pyrkon.pl\/en\/rules-for-registering-for-workshops-at-the-pyrkon-fan-convention\/#breadcrumb\",\"itemListElement\":[{\"@type\":\"ListItem\",\"position\":1,\"name\":\"Strona g\u0142\u00f3wna\",\"item\":\"https:\/\/pyrkon.pl\/en\/\"},{\"@type\":\"ListItem\",\"position\":2,\"name\":\"Rules for registering for workshops at the Pyrkon Fan Convention 2025\"}]},{\"@type\":\"WebSite\",\"@id\":\"https:\/\/pyrkon.pl\/#website\",\"url\":\"https:\/\/pyrkon.pl\/\",\"name\":\"Pyrkon Fantastyczne Miejsce Spotka\u0144\",\"description\":\"Festiwal Fantastyki\",\"publisher\":{\"@id\":\"https:\/\/pyrkon.pl\/#organization\"},\"potentialAction\":[{\"@type\":\"SearchAction\",\"target\":{\"@type\":\"EntryPoint\",\"urlTemplate\":\"https:\/\/pyrkon.pl\/?s={search_term_string}\"},\"query-input\":{\"@type\":\"PropertyValueSpecification\",\"valueRequired\":true,\"valueName\":\"search_term_string\"}}],\"inLanguage\":\"en-US\"},{\"@type\":\"Organization\",\"@id\":\"https:\/\/pyrkon.pl\/#organization\",\"name\":\"Pyrkon Fantastyczne Miejsce Spotka\u0144\",\"url\":\"https:\/\/pyrkon.pl\/\",\"logo\":{\"@type\":\"ImageObject\",\"inLanguage\":\"en-US\",\"@id\":\"https:\/\/pyrkon.pl\/#\/schema\/logo\/image\/\",\"url\":\"https:\/\/pyrkon.pl\/wp-content\/uploads\/2018\/02\/Festiwal_Fantastyki_Pyrkon_logo_Black_CMYK.jpg\",\"contentUrl\":\"https:\/\/pyrkon.pl\/wp-content\/uploads\/2018\/02\/Festiwal_Fantastyki_Pyrkon_logo_Black_CMYK.jpg\",\"width\":1300,\"height\":401,\"caption\":\"Pyrkon Fantastyczne Miejsce Spotka\u0144\"},\"image\":{\"@id\":\"https:\/\/pyrkon.pl\/#\/schema\/logo\/image\/\"},\"sameAs\":[\"https:\/\/www.facebook.com\/Pyrkon\",\"https:\/\/x.com\/pyrkon\",\"https:\/\/www.instagram.com\/pyrkon\/\",\"https:\/\/www.youtube.com\/user\/FestiwalPyrkon\"]}]}<\/script>\n<!-- \/ Yoast SEO Premium plugin. -->","yoast_head_json":{"title":"Rules for registering for workshops at the Pyrkon Fan Convention 2025 &#8902; Pyrkon Fantastyczne Miejsce Spotka\u0144","description":"Pyrkon to przede wszystkim ludzie \u2013 fani fantastyki, tw\u00f3rcy, producenci, wystawcy i\u2026 Ty, poniewa\u017c Pyrkon to fantastyczne miejsce spotka\u0144. Spotkaj dziesi\u0105tki tysi\u0119cy niesamowitych ludzi, kt\u00f3rzy dziel\u0105 to samo hobby, co Ty! Podobnie do nich wr\u00f3cisz z fantastycznymi wspomnieniami do ko\u0144ca \u017cycia! Do\u0142\u0105cz do nas ju\u017c teraz!","robots":{"index":"index","follow":"follow","max-snippet":"max-snippet:-1","max-image-preview":"max-image-preview:large","max-video-preview":"max-video-preview:-1"},"canonical":"https:\/\/pyrkon.pl\/en\/rules-for-registering-for-workshops-at-the-pyrkon-fan-convention\/","og_locale":"en_US","og_type":"article","og_title":"Rules for registering for workshops at the Pyrkon Fan Convention 2025","og_description":"Pyrkon to przede wszystkim ludzie \u2013 fani fantastyki, tw\u00f3rcy, producenci, wystawcy i\u2026 Ty, poniewa\u017c Pyrkon to fantastyczne miejsce spotka\u0144. Spotkaj dziesi\u0105tki tysi\u0119cy niesamowitych ludzi, kt\u00f3rzy dziel\u0105 to samo hobby, co Ty! Podobnie do nich wr\u00f3cisz z fantastycznymi wspomnieniami do ko\u0144ca \u017cycia! Do\u0142\u0105cz do nas ju\u017c teraz!","og_url":"https:\/\/pyrkon.pl\/en\/rules-for-registering-for-workshops-at-the-pyrkon-fan-convention\/","og_site_name":"Pyrkon Fantastyczne Miejsce Spotka\u0144","article_publisher":"https:\/\/www.facebook.com\/Pyrkon","article_modified_time":"2024-12-19T18:40:49+00:00","twitter_card":"summary_large_image","twitter_site":"@pyrkon","twitter_misc":{"Est. reading time":"4 minutes"},"schema":{"@context":"https:\/\/schema.org","@graph":[{"@type":"WebPage","@id":"https:\/\/pyrkon.pl\/en\/rules-for-registering-for-workshops-at-the-pyrkon-fan-convention\/","url":"https:\/\/pyrkon.pl\/en\/rules-for-registering-for-workshops-at-the-pyrkon-fan-convention\/","name":"Rules for registering for workshops at the Pyrkon Fan Convention 2025 &#8902; Pyrkon Fantastyczne Miejsce Spotka\u0144","isPartOf":{"@id":"https:\/\/pyrkon.pl\/#website"},"datePublished":"2024-12-19T18:40:14+00:00","dateModified":"2024-12-19T18:40:49+00:00","description":"Pyrkon to przede wszystkim ludzie \u2013 fani fantastyki, tw\u00f3rcy, producenci, wystawcy i\u2026 Ty, poniewa\u017c Pyrkon to fantastyczne miejsce spotka\u0144. Spotkaj dziesi\u0105tki tysi\u0119cy niesamowitych ludzi, kt\u00f3rzy dziel\u0105 to samo hobby, co Ty! Podobnie do nich wr\u00f3cisz z fantastycznymi wspomnieniami do ko\u0144ca \u017cycia! Do\u0142\u0105cz do nas ju\u017c teraz!","breadcrumb":{"@id":"https:\/\/pyrkon.pl\/en\/rules-for-registering-for-workshops-at-the-pyrkon-fan-convention\/#breadcrumb"},"inLanguage":"en-US","potentialAction":[{"@type":"ReadAction","target":["https:\/\/pyrkon.pl\/en\/rules-for-registering-for-workshops-at-the-pyrkon-fan-convention\/"]}]},{"@type":"BreadcrumbList","@id":"https:\/\/pyrkon.pl\/en\/rules-for-registering-for-workshops-at-the-pyrkon-fan-convention\/#breadcrumb","itemListElement":[{"@type":"ListItem","position":1,"name":"Strona g\u0142\u00f3wna","item":"https:\/\/pyrkon.pl\/en\/"},{"@type":"ListItem","position":2,"name":"Rules for registering for workshops at the Pyrkon Fan Convention 2025"}]},{"@type":"WebSite","@id":"https:\/\/pyrkon.pl\/#website","url":"https:\/\/pyrkon.pl\/","name":"Pyrkon Fantastyczne Miejsce Spotka\u0144","description":"Festiwal Fantastyki","publisher":{"@id":"https:\/\/pyrkon.pl\/#organization"},"potentialAction":[{"@type":"SearchAction","target":{"@type":"EntryPoint","urlTemplate":"https:\/\/pyrkon.pl\/?s={search_term_string}"},"query-input":{"@type":"PropertyValueSpecification","valueRequired":true,"valueName":"search_term_string"}}],"inLanguage":"en-US"},{"@type":"Organization","@id":"https:\/\/pyrkon.pl\/#organization","name":"Pyrkon Fantastyczne Miejsce Spotka\u0144","url":"https:\/\/pyrkon.pl\/","logo":{"@type":"ImageObject","inLanguage":"en-US","@id":"https:\/\/pyrkon.pl\/#\/schema\/logo\/image\/","url":"https:\/\/pyrkon.pl\/wp-content\/uploads\/2018\/02\/Festiwal_Fantastyki_Pyrkon_logo_Black_CMYK.jpg","contentUrl":"https:\/\/pyrkon.pl\/wp-content\/uploads\/2018\/02\/Festiwal_Fantastyki_Pyrkon_logo_Black_CMYK.jpg","width":1300,"height":401,"caption":"Pyrkon Fantastyczne Miejsce Spotka\u0144"},"image":{"@id":"https:\/\/pyrkon.pl\/#\/schema\/logo\/image\/"},"sameAs":["https:\/\/www.facebook.com\/Pyrkon","https:\/\/x.com\/pyrkon","https:\/\/www.instagram.com\/pyrkon\/","https:\/\/www.youtube.com\/user\/FestiwalPyrkon"]}]}},"_links":{"self":[{"href":"https:\/\/pyrkon.pl\/en\/wp-json\/wp\/v2\/pages\/42299","targetHints":{"allow":["GET"]}}],"collection":[{"href":"https:\/\/pyrkon.pl\/en\/wp-json\/wp\/v2\/pages"}],"about":[{"href":"https:\/\/pyrkon.pl\/en\/wp-json\/wp\/v2\/types\/page"}],"author":[{"embeddable":true,"href":"https:\/\/pyrkon.pl\/en\/wp-json\/wp\/v2\/users\/2763"}],"replies":[{"embeddable":true,"href":"https:\/\/pyrkon.pl\/en\/wp-json\/wp\/v2\/comments?post=42299"}],"version-history":[{"count":1,"href":"https:\/\/pyrkon.pl\/en\/wp-json\/wp\/v2\/pages\/42299\/revisions"}],"predecessor-version":[{"id":42301,"href":"https:\/\/pyrkon.pl\/en\/wp-json\/wp\/v2\/pages\/42299\/revisions\/42301"}],"wp:attachment":[{"href":"https:\/\/pyrkon.pl\/en\/wp-json\/wp\/v2\/media?parent=42299"}],"wp:term":[{"taxonomy":"pyr_topics","embeddable":true,"href":"https:\/\/pyrkon.pl\/en\/wp-json\/wp\/v2\/pyr_topics?post=42299"}],"curies":[{"name":"wp","href":"https:\/\/api.w.org\/{rel}","templated":true}]}}