{"id":48339,"date":"2025-12-12T14:51:42","date_gmt":"2025-12-12T13:51:42","guid":{"rendered":"https:\/\/pyrkon.pl\/?page_id=48339"},"modified":"2025-12-12T14:51:44","modified_gmt":"2025-12-12T13:51:44","slug":"appendix-no-1-to-the-regulations-of-pyrkon-fan-convention","status":"publish","type":"page","link":"https:\/\/pyrkon.pl\/en\/appendix-no-1-to-the-regulations-of-pyrkon-fan-convention\/","title":{"rendered":"APPENDIX NO. 1 TO THE REGULATIONS OF PYRKON FAN CONVENTION"},"content":{"rendered":"\n<p><strong>Information about the processing of personal data<\/strong>.<\/p>\n\n\n\n<!--more-->\n\n\n\n<ol class=\"wp-block-list\">\n<li>The controller of your personal data is the Klub Fantastyki &#8220;Druga Era&#8221; Association with its registered office in Pozna\u0144 (61-131) at Kaliska 22a\/23, registered in the National Court Register under the number 0000207209. Below you will find all the necessary information regarding the processing of your personal data in connection with the performance of the contract concluded with you and for the purpose of its proper performance.<\/li>\n\n\n\n<li>Personal data are processed on the basis of consent (art. 6 para. 1a of the GDPR), on the basis of a participation agreement in Pyrkon (art. 6 para. 1b of the GDPR) and a legitimate interest of the Controller (art. 6 para. 1 f of the GDPR) for the purposes of the execution of Pyrkon, ticket sales transactions, registration of program events presenters and participants, as well as contact with you if necessary and for the purpose of dealing with any complaints or claims. The scope of the data collected is: first name, date of birth, order number, e-mail address, in the case of a natural persons also the PESEL number and correspondence address, and in the case of persons conducting business activities also identification data (the tax identification number, account number) for the purposes of settlement of entered obligations and fulfillment of legal and tax obligations resulting from legal provisions.<\/li>\n\n\n\n<li>The provision of data is voluntary. Failure to provide data, however, prevents the participant\u2019s registration and thus the service of the order.<\/li>\n\n\n\n<li>Your personal data may be transferred to our partners for purposes necessary for the proper performance of the contract. This applies to entities providing IT or accounting services for us, companies dealing with claim enforcement, intermediaries in ordering courier services, postal operators, courier companies, services that support printing or services that support internet payments, and security services. Vendors\u2019 personal data may be transferred outside the EEA to trusted partners providing online services and holding appropriate security certificates (Privacy Shield). Vendors will be informed accordingly.<\/li>\n\n\n\n<li>As the Controller, we provide you with the right to access the data, request its rectification, erasure or restriction of its processing. You may also exercise the right to object to data processing with the Controller and the right to transfer data to another controller. In the event of your voluntary consent, you have the right to withdraw your consent to the processing at any time without affecting the lawfulness of the processing made on the basis of the consent prior to its withdrawal.<\/li>\n\n\n\n<li>You have the right to lodge a complaint concerning the processing of personal data with the President of the Office for Personal Data Protection.<\/li>\n\n\n\n<li>Personal data will not be transferred to third countries or international organizations.<\/li>\n\n\n\n<li>The controller does not carry out automated data processing or profiling.<\/li>\n\n\n\n<li>In matters relating to personal data, please contact us at the e-mail address: daneosobowe(at)pyrkon.pl.<\/li>\n<\/ol>\n","protected":false},"excerpt":{"rendered":"<p>Information about the processing of personal data.<\/p>\n","protected":false},"author":2763,"featured_media":0,"parent":0,"menu_order":0,"comment_status":"closed","ping_status":"closed","template":"","meta":{"_acf_changed":false,"footnotes":""},"pyr_topics":[],"class_list":["post-48339","page","type-page","status-publish","hentry"],"acf":[],"yoast_head":"<!-- This site is optimized with the Yoast SEO Premium plugin v25.9 (Yoast SEO v25.9) - https:\/\/yoast.com\/wordpress\/plugins\/seo\/ -->\n<title>APPENDIX NO. 1 TO THE REGULATIONS OF PYRKON FAN CONVENTION &#8902; Pyrkon Fantastyczne Miejsce Spotka\u0144<\/title>\n<meta name=\"description\" content=\"Pyrkon to przede wszystkim ludzie \u2013 fani fantastyki, tw\u00f3rcy, producenci, wystawcy i\u2026 Ty, poniewa\u017c Pyrkon to fantastyczne miejsce spotka\u0144. Spotkaj dziesi\u0105tki tysi\u0119cy niesamowitych ludzi, kt\u00f3rzy dziel\u0105 to samo hobby, co Ty! Podobnie do nich wr\u00f3cisz z fantastycznymi wspomnieniami do ko\u0144ca \u017cycia! Do\u0142\u0105cz do nas ju\u017c teraz!\" \/>\n<meta name=\"robots\" content=\"index, follow, max-snippet:-1, max-image-preview:large, max-video-preview:-1\" \/>\n<link rel=\"canonical\" href=\"https:\/\/pyrkon.pl\/en\/appendix-no-1-to-the-regulations-of-pyrkon-fan-convention\/\" \/>\n<meta property=\"og:locale\" content=\"en_US\" \/>\n<meta property=\"og:type\" content=\"article\" \/>\n<meta property=\"og:title\" content=\"APPENDIX NO. 1 TO THE REGULATIONS OF PYRKON FAN CONVENTION\" \/>\n<meta property=\"og:description\" content=\"Pyrkon to przede wszystkim ludzie \u2013 fani fantastyki, tw\u00f3rcy, producenci, wystawcy i\u2026 Ty, poniewa\u017c Pyrkon to fantastyczne miejsce spotka\u0144. Spotkaj dziesi\u0105tki tysi\u0119cy niesamowitych ludzi, kt\u00f3rzy dziel\u0105 to samo hobby, co Ty! Podobnie do nich wr\u00f3cisz z fantastycznymi wspomnieniami do ko\u0144ca \u017cycia! Do\u0142\u0105cz do nas ju\u017c teraz!\" \/>\n<meta property=\"og:url\" content=\"https:\/\/pyrkon.pl\/en\/appendix-no-1-to-the-regulations-of-pyrkon-fan-convention\/\" \/>\n<meta property=\"og:site_name\" content=\"Pyrkon Fantastyczne Miejsce Spotka\u0144\" \/>\n<meta property=\"article:publisher\" content=\"https:\/\/www.facebook.com\/Pyrkon\" \/>\n<meta property=\"article:modified_time\" content=\"2025-12-12T13:51:44+00:00\" \/>\n<meta name=\"twitter:card\" content=\"summary_large_image\" \/>\n<meta name=\"twitter:site\" content=\"@pyrkon\" \/>\n<meta name=\"twitter:label1\" content=\"Est. reading time\" \/>\n\t<meta name=\"twitter:data1\" content=\"3 minutes\" \/>\n<script type=\"application\/ld+json\" class=\"yoast-schema-graph\">{\"@context\":\"https:\/\/schema.org\",\"@graph\":[{\"@type\":\"WebPage\",\"@id\":\"https:\/\/pyrkon.pl\/en\/appendix-no-1-to-the-regulations-of-pyrkon-fan-convention\/\",\"url\":\"https:\/\/pyrkon.pl\/en\/appendix-no-1-to-the-regulations-of-pyrkon-fan-convention\/\",\"name\":\"APPENDIX NO. 1 TO THE REGULATIONS OF PYRKON FAN CONVENTION &#8902; Pyrkon Fantastyczne Miejsce Spotka\u0144\",\"isPartOf\":{\"@id\":\"https:\/\/pyrkon.pl\/#website\"},\"datePublished\":\"2025-12-12T13:51:42+00:00\",\"dateModified\":\"2025-12-12T13:51:44+00:00\",\"description\":\"Pyrkon to przede wszystkim ludzie \u2013 fani fantastyki, tw\u00f3rcy, producenci, wystawcy i\u2026 Ty, poniewa\u017c Pyrkon to fantastyczne miejsce spotka\u0144. Spotkaj dziesi\u0105tki tysi\u0119cy niesamowitych ludzi, kt\u00f3rzy dziel\u0105 to samo hobby, co Ty! Podobnie do nich wr\u00f3cisz z fantastycznymi wspomnieniami do ko\u0144ca \u017cycia! Do\u0142\u0105cz do nas ju\u017c teraz!\",\"breadcrumb\":{\"@id\":\"https:\/\/pyrkon.pl\/en\/appendix-no-1-to-the-regulations-of-pyrkon-fan-convention\/#breadcrumb\"},\"inLanguage\":\"en-US\",\"potentialAction\":[{\"@type\":\"ReadAction\",\"target\":[\"https:\/\/pyrkon.pl\/en\/appendix-no-1-to-the-regulations-of-pyrkon-fan-convention\/\"]}]},{\"@type\":\"BreadcrumbList\",\"@id\":\"https:\/\/pyrkon.pl\/en\/appendix-no-1-to-the-regulations-of-pyrkon-fan-convention\/#breadcrumb\",\"itemListElement\":[{\"@type\":\"ListItem\",\"position\":1,\"name\":\"Strona g\u0142\u00f3wna\",\"item\":\"https:\/\/pyrkon.pl\/en\/\"},{\"@type\":\"ListItem\",\"position\":2,\"name\":\"APPENDIX NO. 1 TO THE REGULATIONS OF PYRKON FAN CONVENTION\"}]},{\"@type\":\"WebSite\",\"@id\":\"https:\/\/pyrkon.pl\/#website\",\"url\":\"https:\/\/pyrkon.pl\/\",\"name\":\"Pyrkon Fantastyczne Miejsce Spotka\u0144\",\"description\":\"Festiwal Fantastyki\",\"publisher\":{\"@id\":\"https:\/\/pyrkon.pl\/#organization\"},\"potentialAction\":[{\"@type\":\"SearchAction\",\"target\":{\"@type\":\"EntryPoint\",\"urlTemplate\":\"https:\/\/pyrkon.pl\/?s={search_term_string}\"},\"query-input\":{\"@type\":\"PropertyValueSpecification\",\"valueRequired\":true,\"valueName\":\"search_term_string\"}}],\"inLanguage\":\"en-US\"},{\"@type\":\"Organization\",\"@id\":\"https:\/\/pyrkon.pl\/#organization\",\"name\":\"Pyrkon Fantastyczne Miejsce Spotka\u0144\",\"url\":\"https:\/\/pyrkon.pl\/\",\"logo\":{\"@type\":\"ImageObject\",\"inLanguage\":\"en-US\",\"@id\":\"https:\/\/pyrkon.pl\/#\/schema\/logo\/image\/\",\"url\":\"https:\/\/pyrkon.pl\/wp-content\/uploads\/2018\/02\/Festiwal_Fantastyki_Pyrkon_logo_Black_CMYK.jpg\",\"contentUrl\":\"https:\/\/pyrkon.pl\/wp-content\/uploads\/2018\/02\/Festiwal_Fantastyki_Pyrkon_logo_Black_CMYK.jpg\",\"width\":1300,\"height\":401,\"caption\":\"Pyrkon Fantastyczne Miejsce Spotka\u0144\"},\"image\":{\"@id\":\"https:\/\/pyrkon.pl\/#\/schema\/logo\/image\/\"},\"sameAs\":[\"https:\/\/www.facebook.com\/Pyrkon\",\"https:\/\/x.com\/pyrkon\",\"https:\/\/www.instagram.com\/pyrkon\/\",\"https:\/\/www.youtube.com\/user\/FestiwalPyrkon\"]}]}<\/script>\n<!-- \/ Yoast SEO Premium plugin. -->","yoast_head_json":{"title":"APPENDIX NO. 1 TO THE REGULATIONS OF PYRKON FAN CONVENTION &#8902; Pyrkon Fantastyczne Miejsce Spotka\u0144","description":"Pyrkon to przede wszystkim ludzie \u2013 fani fantastyki, tw\u00f3rcy, producenci, wystawcy i\u2026 Ty, poniewa\u017c Pyrkon to fantastyczne miejsce spotka\u0144. Spotkaj dziesi\u0105tki tysi\u0119cy niesamowitych ludzi, kt\u00f3rzy dziel\u0105 to samo hobby, co Ty! Podobnie do nich wr\u00f3cisz z fantastycznymi wspomnieniami do ko\u0144ca \u017cycia! Do\u0142\u0105cz do nas ju\u017c teraz!","robots":{"index":"index","follow":"follow","max-snippet":"max-snippet:-1","max-image-preview":"max-image-preview:large","max-video-preview":"max-video-preview:-1"},"canonical":"https:\/\/pyrkon.pl\/en\/appendix-no-1-to-the-regulations-of-pyrkon-fan-convention\/","og_locale":"en_US","og_type":"article","og_title":"APPENDIX NO. 1 TO THE REGULATIONS OF PYRKON FAN CONVENTION","og_description":"Pyrkon to przede wszystkim ludzie \u2013 fani fantastyki, tw\u00f3rcy, producenci, wystawcy i\u2026 Ty, poniewa\u017c Pyrkon to fantastyczne miejsce spotka\u0144. Spotkaj dziesi\u0105tki tysi\u0119cy niesamowitych ludzi, kt\u00f3rzy dziel\u0105 to samo hobby, co Ty! Podobnie do nich wr\u00f3cisz z fantastycznymi wspomnieniami do ko\u0144ca \u017cycia! Do\u0142\u0105cz do nas ju\u017c teraz!","og_url":"https:\/\/pyrkon.pl\/en\/appendix-no-1-to-the-regulations-of-pyrkon-fan-convention\/","og_site_name":"Pyrkon Fantastyczne Miejsce Spotka\u0144","article_publisher":"https:\/\/www.facebook.com\/Pyrkon","article_modified_time":"2025-12-12T13:51:44+00:00","twitter_card":"summary_large_image","twitter_site":"@pyrkon","twitter_misc":{"Est. reading time":"3 minutes"},"schema":{"@context":"https:\/\/schema.org","@graph":[{"@type":"WebPage","@id":"https:\/\/pyrkon.pl\/en\/appendix-no-1-to-the-regulations-of-pyrkon-fan-convention\/","url":"https:\/\/pyrkon.pl\/en\/appendix-no-1-to-the-regulations-of-pyrkon-fan-convention\/","name":"APPENDIX NO. 1 TO THE REGULATIONS OF PYRKON FAN CONVENTION &#8902; Pyrkon Fantastyczne Miejsce Spotka\u0144","isPartOf":{"@id":"https:\/\/pyrkon.pl\/#website"},"datePublished":"2025-12-12T13:51:42+00:00","dateModified":"2025-12-12T13:51:44+00:00","description":"Pyrkon to przede wszystkim ludzie \u2013 fani fantastyki, tw\u00f3rcy, producenci, wystawcy i\u2026 Ty, poniewa\u017c Pyrkon to fantastyczne miejsce spotka\u0144. Spotkaj dziesi\u0105tki tysi\u0119cy niesamowitych ludzi, kt\u00f3rzy dziel\u0105 to samo hobby, co Ty! Podobnie do nich wr\u00f3cisz z fantastycznymi wspomnieniami do ko\u0144ca \u017cycia! Do\u0142\u0105cz do nas ju\u017c teraz!","breadcrumb":{"@id":"https:\/\/pyrkon.pl\/en\/appendix-no-1-to-the-regulations-of-pyrkon-fan-convention\/#breadcrumb"},"inLanguage":"en-US","potentialAction":[{"@type":"ReadAction","target":["https:\/\/pyrkon.pl\/en\/appendix-no-1-to-the-regulations-of-pyrkon-fan-convention\/"]}]},{"@type":"BreadcrumbList","@id":"https:\/\/pyrkon.pl\/en\/appendix-no-1-to-the-regulations-of-pyrkon-fan-convention\/#breadcrumb","itemListElement":[{"@type":"ListItem","position":1,"name":"Strona g\u0142\u00f3wna","item":"https:\/\/pyrkon.pl\/en\/"},{"@type":"ListItem","position":2,"name":"APPENDIX NO. 1 TO THE REGULATIONS OF PYRKON FAN CONVENTION"}]},{"@type":"WebSite","@id":"https:\/\/pyrkon.pl\/#website","url":"https:\/\/pyrkon.pl\/","name":"Pyrkon Fantastyczne Miejsce Spotka\u0144","description":"Festiwal Fantastyki","publisher":{"@id":"https:\/\/pyrkon.pl\/#organization"},"potentialAction":[{"@type":"SearchAction","target":{"@type":"EntryPoint","urlTemplate":"https:\/\/pyrkon.pl\/?s={search_term_string}"},"query-input":{"@type":"PropertyValueSpecification","valueRequired":true,"valueName":"search_term_string"}}],"inLanguage":"en-US"},{"@type":"Organization","@id":"https:\/\/pyrkon.pl\/#organization","name":"Pyrkon Fantastyczne Miejsce Spotka\u0144","url":"https:\/\/pyrkon.pl\/","logo":{"@type":"ImageObject","inLanguage":"en-US","@id":"https:\/\/pyrkon.pl\/#\/schema\/logo\/image\/","url":"https:\/\/pyrkon.pl\/wp-content\/uploads\/2018\/02\/Festiwal_Fantastyki_Pyrkon_logo_Black_CMYK.jpg","contentUrl":"https:\/\/pyrkon.pl\/wp-content\/uploads\/2018\/02\/Festiwal_Fantastyki_Pyrkon_logo_Black_CMYK.jpg","width":1300,"height":401,"caption":"Pyrkon Fantastyczne Miejsce Spotka\u0144"},"image":{"@id":"https:\/\/pyrkon.pl\/#\/schema\/logo\/image\/"},"sameAs":["https:\/\/www.facebook.com\/Pyrkon","https:\/\/x.com\/pyrkon","https:\/\/www.instagram.com\/pyrkon\/","https:\/\/www.youtube.com\/user\/FestiwalPyrkon"]}]}},"_links":{"self":[{"href":"https:\/\/pyrkon.pl\/en\/wp-json\/wp\/v2\/pages\/48339","targetHints":{"allow":["GET"]}}],"collection":[{"href":"https:\/\/pyrkon.pl\/en\/wp-json\/wp\/v2\/pages"}],"about":[{"href":"https:\/\/pyrkon.pl\/en\/wp-json\/wp\/v2\/types\/page"}],"author":[{"embeddable":true,"href":"https:\/\/pyrkon.pl\/en\/wp-json\/wp\/v2\/users\/2763"}],"replies":[{"embeddable":true,"href":"https:\/\/pyrkon.pl\/en\/wp-json\/wp\/v2\/comments?post=48339"}],"version-history":[{"count":1,"href":"https:\/\/pyrkon.pl\/en\/wp-json\/wp\/v2\/pages\/48339\/revisions"}],"predecessor-version":[{"id":48341,"href":"https:\/\/pyrkon.pl\/en\/wp-json\/wp\/v2\/pages\/48339\/revisions\/48341"}],"wp:attachment":[{"href":"https:\/\/pyrkon.pl\/en\/wp-json\/wp\/v2\/media?parent=48339"}],"wp:term":[{"taxonomy":"pyr_topics","embeddable":true,"href":"https:\/\/pyrkon.pl\/en\/wp-json\/wp\/v2\/pyr_topics?post=48339"}],"curies":[{"name":"wp","href":"https:\/\/api.w.org\/{rel}","templated":true}]}}