{"id":48345,"date":"2025-12-12T15:24:16","date_gmt":"2025-12-12T14:24:16","guid":{"rendered":"https:\/\/pyrkon.pl\/?page_id=48345"},"modified":"2025-12-12T15:25:08","modified_gmt":"2025-12-12T14:25:08","slug":"appendix-no-3-to-the-regulations-of-the-pyrkon-fan-convention","status":"publish","type":"page","link":"https:\/\/pyrkon.pl\/en\/appendix-no-3-to-the-regulations-of-the-pyrkon-fan-convention\/","title":{"rendered":"APPENDIX NO. 3 TO THE REGULATIONS OF THE PYRKON FAN CONVENTION"},"content":{"rendered":"\n<!--more-->\n\n\n\n<p><strong>Rules for reserving spots for lectures<\/strong><\/p>\n\n\n\n<ol class=\"wp-block-list\">\n<li>The reservation of seats is made via the website<a href=\"http:\/\/www.ebilet.pl\/\"> www.ebilet.pl<\/a> and requires the creation of an account on this website.<\/li>\n\n\n\n<li>A seat reservation for a program event can be made by any person with a ticket purchased in pre-sale, in accordance with point 3 of this appendix. On each ticket with tokens assigned to the ticket there is an individual code, which after entering on the Ebilet webpage provides you with 1 to 6 tokens to distribute.<\/li>\n\n\n\n<li>The maximum number of bookings per program event per ticket depends on the number of tokens per ticket:\n<ul class=\"wp-block-list\">\n<li>A 3-day ticket in a special package includes 6 tokens (tickets available until stock lasts)<\/li>\n\n\n\n<li>A 3-day \u201cearly bird\u201d ticket purchased from 18.06.2025 \u2013<strong> u<\/strong>ntil stock lasts includes 4 tokens;<\/li>\n\n\n\n<li>A 3-day ticket purchased in the First Batch includes 3 tokens\u00a0;<\/li>\n\n\n\n<li>A 3-day children\u2019s ticket (for children aged 6 to 12 years old) purchased in the First Batch includes 1 token;<\/li>\n\n\n\n<li>A 3-day ticket purchased in the Second<strong> <\/strong>Batch includes 2 tokens\u00a0;<\/li>\n\n\n\n<li>A 3-day children\u2019s ticket (for children aged 6 to 12 years old) purchased in the Second Batch includes 1 token;<\/li>\n\n\n\n<li>A 3-day ticket purchased in the the Third Batch does not include any tokens; <\/li>\n\n\n\n<li>A 3-day children\u2019s ticket (for children aged 6 to 12 years old) purchased in the Third Batch does not include any tokens.<\/li>\n<\/ul>\n<\/li>\n\n\n\n<li>The code entitling the holder to reserve seats for program events becomes valid 24 hours after the purchase of the ticket.<\/li>\n\n\n\n<li>One code in the ebilet.pl system has a specific number of tokens assigned to it. One code entitles you to only reserve one seat for the same program event.<\/li>\n\n\n\n<li>Reservations for program events can be made after the program is published. The exact start date of reservations will be announced on the Pyrkon website in advance.<\/li>\n\n\n\n<li>Reservations for program events for individual days will be closed the day before:\n<ul class=\"wp-block-list\">\n<li>for program events on Friday, 19 June 2026 registration will be open until 11:59 p.m CET, on Thursday, 18 June 2026;<\/li>\n\n\n\n<li>for program events on Saturday, June 20, 2026 Registration will be open until 11:59 p.m CET on Friday, June 19, 2026;<\/li>\n\n\n\n<li>for program events on Sunday, 21 June 2026 Registration will be open until 11:59 p.m CET on Saturday, 20 June 2026.<\/li>\n<\/ul>\n<\/li>\n\n\n\n<li>After making the reservation, the participant receives a ticket to the reserved program event. To pick up the reservation it is necessary to have a printed ticket to the program event.<\/li>\n\n\n\n<li>A once scanned ticket cannot be scanned again.<\/li>\n\n\n\n<li>People holding a reservation for a program item are admitted to the room 10 minutes (or 15 in special cases) before it begins.<\/li>\n\n\n\n<li>The reservation of a seat at the program event guarantees entrance to the hall, not the priority of entrance to the hall.<\/li>\n\n\n\n<li>Unclaimed reservations will be cancelled 6 minutes before the start of the program event.<\/li>\n\n\n\n<li>The following rooms are included in the reservation:\n<ul class=\"wp-block-list\">\n<li>Earth Hall<\/li>\n\n\n\n<li>Great Auditorium<\/li>\n\n\n\n<li>Large Auditorium<\/li>\n\n\n\n<li>Small Auditorium<\/li>\n\n\n\n<li>Science Room<\/li>\n\n\n\n<li>Comic and Popculture Room<\/li>\n\n\n\n<li>Literature Room 1<\/li>\n\n\n\n<li>Literature Room 2<\/li>\n\n\n\n<li>Manga and Anime Room 1<\/li>\n\n\n\n<li>Manga and Anime Room 2<\/li>\n\n\n\n<li>Gaming Room<\/li>\n\n\n\n<li>RPG Room 1<\/li>\n\n\n\n<li>RPG Room 2<\/li>\n\n\n\n<li>Film and TV Series Room 1<\/li>\n\n\n\n<li>Film and TV Series Room 2<br>Reservation covers no less than 50% of the seats available in the rooms.&nbsp;<\/li>\n<\/ul>\n<\/li>\n\n\n\n<li>In exceptional cases, the organizer may increase the number of places to be booked for selected program events.<\/li>\n\n\n\n<li>If the seat limit is exhausted, the program event will assume the status of \u201ctickets temporarily unavailable\u201d.<\/li>\n\n\n\n<li>In case of cancellation of a program event available for reservation prior to the Convention, persons who have booked a seat for this program event will receive an email notification of its cancellation and an additional token giving them the possibility to reserve seats for other available program events.<\/li>\n\n\n\n<li>If during the course of the Pyrkon program, a program event covered by seat reservation is cancelled due to reasons beyond our control, no additional seat reservation for new program events will be activated.<\/li>\n\n\n\n<li>There is no possibility to cancel a reservation for a program event after they have been made.<\/li>\n\n\n\n<li>In case of loss or destruction of a ticket to the program event, the participant will be able to obtain a copy of it at the Ebilet point in the Eastern Hall. The cost of issuing a duplicate at Ebilet is PLN 10.<\/li>\n<\/ol>\n","protected":false},"excerpt":{"rendered":"","protected":false},"author":2763,"featured_media":0,"parent":0,"menu_order":0,"comment_status":"closed","ping_status":"closed","template":"","meta":{"_acf_changed":false,"footnotes":""},"pyr_topics":[],"class_list":["post-48345","page","type-page","status-publish","hentry"],"acf":[],"yoast_head":"<!-- This site is optimized with the Yoast SEO Premium plugin v25.9 (Yoast SEO v25.9) - https:\/\/yoast.com\/wordpress\/plugins\/seo\/ -->\n<title>APPENDIX NO. 3 TO THE REGULATIONS OF THE PYRKON FAN CONVENTION &#8902; Pyrkon Fantastyczne Miejsce Spotka\u0144<\/title>\n<meta name=\"description\" content=\"Pyrkon to przede wszystkim ludzie \u2013 fani fantastyki, tw\u00f3rcy, producenci, wystawcy i\u2026 Ty, poniewa\u017c Pyrkon to fantastyczne miejsce spotka\u0144. Spotkaj dziesi\u0105tki tysi\u0119cy niesamowitych ludzi, kt\u00f3rzy dziel\u0105 to samo hobby, co Ty! Podobnie do nich wr\u00f3cisz z fantastycznymi wspomnieniami do ko\u0144ca \u017cycia! Do\u0142\u0105cz do nas ju\u017c teraz!\" \/>\n<meta name=\"robots\" content=\"index, follow, max-snippet:-1, max-image-preview:large, max-video-preview:-1\" \/>\n<link rel=\"canonical\" href=\"https:\/\/pyrkon.pl\/en\/appendix-no-3-to-the-regulations-of-the-pyrkon-fan-convention\/\" \/>\n<meta property=\"og:locale\" content=\"en_US\" \/>\n<meta property=\"og:type\" content=\"article\" \/>\n<meta property=\"og:title\" content=\"APPENDIX NO. 3 TO THE REGULATIONS OF THE PYRKON FAN CONVENTION\" \/>\n<meta property=\"og:description\" content=\"Pyrkon to przede wszystkim ludzie \u2013 fani fantastyki, tw\u00f3rcy, producenci, wystawcy i\u2026 Ty, poniewa\u017c Pyrkon to fantastyczne miejsce spotka\u0144. Spotkaj dziesi\u0105tki tysi\u0119cy niesamowitych ludzi, kt\u00f3rzy dziel\u0105 to samo hobby, co Ty! Podobnie do nich wr\u00f3cisz z fantastycznymi wspomnieniami do ko\u0144ca \u017cycia! Do\u0142\u0105cz do nas ju\u017c teraz!\" \/>\n<meta property=\"og:url\" content=\"https:\/\/pyrkon.pl\/en\/appendix-no-3-to-the-regulations-of-the-pyrkon-fan-convention\/\" \/>\n<meta property=\"og:site_name\" content=\"Pyrkon Fantastyczne Miejsce Spotka\u0144\" \/>\n<meta property=\"article:publisher\" content=\"https:\/\/www.facebook.com\/Pyrkon\" \/>\n<meta property=\"article:modified_time\" content=\"2025-12-12T14:25:08+00:00\" \/>\n<meta name=\"twitter:card\" content=\"summary_large_image\" \/>\n<meta name=\"twitter:site\" content=\"@pyrkon\" \/>\n<meta name=\"twitter:label1\" content=\"Est. reading time\" \/>\n\t<meta name=\"twitter:data1\" content=\"5 minutes\" \/>\n<script type=\"application\/ld+json\" class=\"yoast-schema-graph\">{\"@context\":\"https:\/\/schema.org\",\"@graph\":[{\"@type\":\"WebPage\",\"@id\":\"https:\/\/pyrkon.pl\/en\/appendix-no-3-to-the-regulations-of-the-pyrkon-fan-convention\/\",\"url\":\"https:\/\/pyrkon.pl\/en\/appendix-no-3-to-the-regulations-of-the-pyrkon-fan-convention\/\",\"name\":\"APPENDIX NO. 3 TO THE REGULATIONS OF THE PYRKON FAN CONVENTION &#8902; Pyrkon Fantastyczne Miejsce Spotka\u0144\",\"isPartOf\":{\"@id\":\"https:\/\/pyrkon.pl\/#website\"},\"datePublished\":\"2025-12-12T14:24:16+00:00\",\"dateModified\":\"2025-12-12T14:25:08+00:00\",\"description\":\"Pyrkon to przede wszystkim ludzie \u2013 fani fantastyki, tw\u00f3rcy, producenci, wystawcy i\u2026 Ty, poniewa\u017c Pyrkon to fantastyczne miejsce spotka\u0144. Spotkaj dziesi\u0105tki tysi\u0119cy niesamowitych ludzi, kt\u00f3rzy dziel\u0105 to samo hobby, co Ty! Podobnie do nich wr\u00f3cisz z fantastycznymi wspomnieniami do ko\u0144ca \u017cycia! Do\u0142\u0105cz do nas ju\u017c teraz!\",\"breadcrumb\":{\"@id\":\"https:\/\/pyrkon.pl\/en\/appendix-no-3-to-the-regulations-of-the-pyrkon-fan-convention\/#breadcrumb\"},\"inLanguage\":\"en-US\",\"potentialAction\":[{\"@type\":\"ReadAction\",\"target\":[\"https:\/\/pyrkon.pl\/en\/appendix-no-3-to-the-regulations-of-the-pyrkon-fan-convention\/\"]}]},{\"@type\":\"BreadcrumbList\",\"@id\":\"https:\/\/pyrkon.pl\/en\/appendix-no-3-to-the-regulations-of-the-pyrkon-fan-convention\/#breadcrumb\",\"itemListElement\":[{\"@type\":\"ListItem\",\"position\":1,\"name\":\"Strona g\u0142\u00f3wna\",\"item\":\"https:\/\/pyrkon.pl\/en\/\"},{\"@type\":\"ListItem\",\"position\":2,\"name\":\"APPENDIX NO. 3 TO THE REGULATIONS OF THE PYRKON FAN CONVENTION\"}]},{\"@type\":\"WebSite\",\"@id\":\"https:\/\/pyrkon.pl\/#website\",\"url\":\"https:\/\/pyrkon.pl\/\",\"name\":\"Pyrkon Fantastyczne Miejsce Spotka\u0144\",\"description\":\"Festiwal Fantastyki\",\"publisher\":{\"@id\":\"https:\/\/pyrkon.pl\/#organization\"},\"potentialAction\":[{\"@type\":\"SearchAction\",\"target\":{\"@type\":\"EntryPoint\",\"urlTemplate\":\"https:\/\/pyrkon.pl\/?s={search_term_string}\"},\"query-input\":{\"@type\":\"PropertyValueSpecification\",\"valueRequired\":true,\"valueName\":\"search_term_string\"}}],\"inLanguage\":\"en-US\"},{\"@type\":\"Organization\",\"@id\":\"https:\/\/pyrkon.pl\/#organization\",\"name\":\"Pyrkon Fantastyczne Miejsce Spotka\u0144\",\"url\":\"https:\/\/pyrkon.pl\/\",\"logo\":{\"@type\":\"ImageObject\",\"inLanguage\":\"en-US\",\"@id\":\"https:\/\/pyrkon.pl\/#\/schema\/logo\/image\/\",\"url\":\"https:\/\/pyrkon.pl\/wp-content\/uploads\/2018\/02\/Festiwal_Fantastyki_Pyrkon_logo_Black_CMYK.jpg\",\"contentUrl\":\"https:\/\/pyrkon.pl\/wp-content\/uploads\/2018\/02\/Festiwal_Fantastyki_Pyrkon_logo_Black_CMYK.jpg\",\"width\":1300,\"height\":401,\"caption\":\"Pyrkon Fantastyczne Miejsce Spotka\u0144\"},\"image\":{\"@id\":\"https:\/\/pyrkon.pl\/#\/schema\/logo\/image\/\"},\"sameAs\":[\"https:\/\/www.facebook.com\/Pyrkon\",\"https:\/\/x.com\/pyrkon\",\"https:\/\/www.instagram.com\/pyrkon\/\",\"https:\/\/www.youtube.com\/user\/FestiwalPyrkon\"]}]}<\/script>\n<!-- \/ Yoast SEO Premium plugin. -->","yoast_head_json":{"title":"APPENDIX NO. 3 TO THE REGULATIONS OF THE PYRKON FAN CONVENTION &#8902; Pyrkon Fantastyczne Miejsce Spotka\u0144","description":"Pyrkon to przede wszystkim ludzie \u2013 fani fantastyki, tw\u00f3rcy, producenci, wystawcy i\u2026 Ty, poniewa\u017c Pyrkon to fantastyczne miejsce spotka\u0144. Spotkaj dziesi\u0105tki tysi\u0119cy niesamowitych ludzi, kt\u00f3rzy dziel\u0105 to samo hobby, co Ty! Podobnie do nich wr\u00f3cisz z fantastycznymi wspomnieniami do ko\u0144ca \u017cycia! Do\u0142\u0105cz do nas ju\u017c teraz!","robots":{"index":"index","follow":"follow","max-snippet":"max-snippet:-1","max-image-preview":"max-image-preview:large","max-video-preview":"max-video-preview:-1"},"canonical":"https:\/\/pyrkon.pl\/en\/appendix-no-3-to-the-regulations-of-the-pyrkon-fan-convention\/","og_locale":"en_US","og_type":"article","og_title":"APPENDIX NO. 3 TO THE REGULATIONS OF THE PYRKON FAN CONVENTION","og_description":"Pyrkon to przede wszystkim ludzie \u2013 fani fantastyki, tw\u00f3rcy, producenci, wystawcy i\u2026 Ty, poniewa\u017c Pyrkon to fantastyczne miejsce spotka\u0144. Spotkaj dziesi\u0105tki tysi\u0119cy niesamowitych ludzi, kt\u00f3rzy dziel\u0105 to samo hobby, co Ty! Podobnie do nich wr\u00f3cisz z fantastycznymi wspomnieniami do ko\u0144ca \u017cycia! Do\u0142\u0105cz do nas ju\u017c teraz!","og_url":"https:\/\/pyrkon.pl\/en\/appendix-no-3-to-the-regulations-of-the-pyrkon-fan-convention\/","og_site_name":"Pyrkon Fantastyczne Miejsce Spotka\u0144","article_publisher":"https:\/\/www.facebook.com\/Pyrkon","article_modified_time":"2025-12-12T14:25:08+00:00","twitter_card":"summary_large_image","twitter_site":"@pyrkon","twitter_misc":{"Est. reading time":"5 minutes"},"schema":{"@context":"https:\/\/schema.org","@graph":[{"@type":"WebPage","@id":"https:\/\/pyrkon.pl\/en\/appendix-no-3-to-the-regulations-of-the-pyrkon-fan-convention\/","url":"https:\/\/pyrkon.pl\/en\/appendix-no-3-to-the-regulations-of-the-pyrkon-fan-convention\/","name":"APPENDIX NO. 3 TO THE REGULATIONS OF THE PYRKON FAN CONVENTION &#8902; Pyrkon Fantastyczne Miejsce Spotka\u0144","isPartOf":{"@id":"https:\/\/pyrkon.pl\/#website"},"datePublished":"2025-12-12T14:24:16+00:00","dateModified":"2025-12-12T14:25:08+00:00","description":"Pyrkon to przede wszystkim ludzie \u2013 fani fantastyki, tw\u00f3rcy, producenci, wystawcy i\u2026 Ty, poniewa\u017c Pyrkon to fantastyczne miejsce spotka\u0144. Spotkaj dziesi\u0105tki tysi\u0119cy niesamowitych ludzi, kt\u00f3rzy dziel\u0105 to samo hobby, co Ty! Podobnie do nich wr\u00f3cisz z fantastycznymi wspomnieniami do ko\u0144ca \u017cycia! Do\u0142\u0105cz do nas ju\u017c teraz!","breadcrumb":{"@id":"https:\/\/pyrkon.pl\/en\/appendix-no-3-to-the-regulations-of-the-pyrkon-fan-convention\/#breadcrumb"},"inLanguage":"en-US","potentialAction":[{"@type":"ReadAction","target":["https:\/\/pyrkon.pl\/en\/appendix-no-3-to-the-regulations-of-the-pyrkon-fan-convention\/"]}]},{"@type":"BreadcrumbList","@id":"https:\/\/pyrkon.pl\/en\/appendix-no-3-to-the-regulations-of-the-pyrkon-fan-convention\/#breadcrumb","itemListElement":[{"@type":"ListItem","position":1,"name":"Strona g\u0142\u00f3wna","item":"https:\/\/pyrkon.pl\/en\/"},{"@type":"ListItem","position":2,"name":"APPENDIX NO. 3 TO THE REGULATIONS OF THE PYRKON FAN CONVENTION"}]},{"@type":"WebSite","@id":"https:\/\/pyrkon.pl\/#website","url":"https:\/\/pyrkon.pl\/","name":"Pyrkon Fantastyczne Miejsce Spotka\u0144","description":"Festiwal Fantastyki","publisher":{"@id":"https:\/\/pyrkon.pl\/#organization"},"potentialAction":[{"@type":"SearchAction","target":{"@type":"EntryPoint","urlTemplate":"https:\/\/pyrkon.pl\/?s={search_term_string}"},"query-input":{"@type":"PropertyValueSpecification","valueRequired":true,"valueName":"search_term_string"}}],"inLanguage":"en-US"},{"@type":"Organization","@id":"https:\/\/pyrkon.pl\/#organization","name":"Pyrkon Fantastyczne Miejsce Spotka\u0144","url":"https:\/\/pyrkon.pl\/","logo":{"@type":"ImageObject","inLanguage":"en-US","@id":"https:\/\/pyrkon.pl\/#\/schema\/logo\/image\/","url":"https:\/\/pyrkon.pl\/wp-content\/uploads\/2018\/02\/Festiwal_Fantastyki_Pyrkon_logo_Black_CMYK.jpg","contentUrl":"https:\/\/pyrkon.pl\/wp-content\/uploads\/2018\/02\/Festiwal_Fantastyki_Pyrkon_logo_Black_CMYK.jpg","width":1300,"height":401,"caption":"Pyrkon Fantastyczne Miejsce Spotka\u0144"},"image":{"@id":"https:\/\/pyrkon.pl\/#\/schema\/logo\/image\/"},"sameAs":["https:\/\/www.facebook.com\/Pyrkon","https:\/\/x.com\/pyrkon","https:\/\/www.instagram.com\/pyrkon\/","https:\/\/www.youtube.com\/user\/FestiwalPyrkon"]}]}},"_links":{"self":[{"href":"https:\/\/pyrkon.pl\/en\/wp-json\/wp\/v2\/pages\/48345","targetHints":{"allow":["GET"]}}],"collection":[{"href":"https:\/\/pyrkon.pl\/en\/wp-json\/wp\/v2\/pages"}],"about":[{"href":"https:\/\/pyrkon.pl\/en\/wp-json\/wp\/v2\/types\/page"}],"author":[{"embeddable":true,"href":"https:\/\/pyrkon.pl\/en\/wp-json\/wp\/v2\/users\/2763"}],"replies":[{"embeddable":true,"href":"https:\/\/pyrkon.pl\/en\/wp-json\/wp\/v2\/comments?post=48345"}],"version-history":[{"count":2,"href":"https:\/\/pyrkon.pl\/en\/wp-json\/wp\/v2\/pages\/48345\/revisions"}],"predecessor-version":[{"id":48347,"href":"https:\/\/pyrkon.pl\/en\/wp-json\/wp\/v2\/pages\/48345\/revisions\/48347"}],"wp:attachment":[{"href":"https:\/\/pyrkon.pl\/en\/wp-json\/wp\/v2\/media?parent=48345"}],"wp:term":[{"taxonomy":"pyr_topics","embeddable":true,"href":"https:\/\/pyrkon.pl\/en\/wp-json\/wp\/v2\/pyr_topics?post=48345"}],"curies":[{"name":"wp","href":"https:\/\/api.w.org\/{rel}","templated":true}]}}