{"id":48455,"date":"2025-12-17T20:09:52","date_gmt":"2025-12-17T19:09:52","guid":{"rendered":"https:\/\/pyrkon.pl\/?page_id=48455"},"modified":"2026-04-06T13:07:14","modified_gmt":"2026-04-06T11:07:14","slug":"press-pass-terms-and-conditions","status":"publish","type":"page","link":"https:\/\/pyrkon.pl\/en\/press-pass-terms-and-conditions\/","title":{"rendered":"Press Pass Terms and Conditions"},"content":{"rendered":"\n<p>Pyrkon Fan Convention, organised by \u201cDruga Era\u201d Fan Association<\/p>\n\n\n\n<!--more-->\n\n\n\n<ol class=\"wp-block-list\">\n<li>The basis for issuing a Press Pass allowing entry to the premises of Pyrkon is active work as a creator, regularly making contributions published in the traditional media outlets or online.<\/li>\n\n\n\n<li>Press Pass can also be granted to individuals who take an active role in the pop culture world; namely those who create content for online portals, channels, blogs or websites that cover topics related to Pyrkon Fan Convention (ie. computer or board games, electronics, new technologies, film and literature) and are popular among potential Pyrkon demographics.<\/li>\n\n\n\n<li>The Organiser reserves the right to deny a Press Pass without explanation, as well as the right to deny the pass when the media does not align with the profile of the Convention, is not updated regularly or when one outlet put in too many applications.<\/li>\n\n\n\n<li>Press Pass is free of charge.<\/li>\n\n\n\n<li>The Organiser will inform the approved outlets in a separate email how to retrieve the passes.<\/li>\n\n\n\n<li>Press Pass must be visible for inspection by the convention staff and relevant services while the pass holder is performing their journalistic duties.<\/li>\n\n\n\n<li>Press Pass does not entitle you to photographing or recording specific events (concerts, panels, etc.) happening during the convention. Permissions to do so have to be obtained from the creators of each of the program events.<\/li>\n\n\n\n<li>If you fulfil the requirements of these T&amp;C and want to apply for Press Pass, fill in the application form available here: <a href=\"https:\/\/pyrkon.pl\/en\/press-passes\/\">link here<\/a><\/li>\n\n\n\n<li>Recipients of Press Pass are required to publish information about Pyrkon Fan Convention by the outlet they work with, that is a website, a channel, a blog, a printed magazine, a TV or radio programme. Such published information may be based on materials available at &nbsp;<a href=\"http:\/\/www.pyrkon.pl\/\">www.pyrkon.pl<\/a>, <a href=\"http:\/\/www.pyrkon.prowly.com\/\">www.pyrkon.prowly.com<\/a> or materials sent by the organisers (texts, banners, photos), or it may be an original editorial piece.<\/li>\n<\/ol>\n","protected":false},"excerpt":{"rendered":"<p>Pyrkon Fan Convention, organised by \u201cDruga Era\u201d Fan Association<\/p>\n","protected":false},"author":2763,"featured_media":0,"parent":0,"menu_order":0,"comment_status":"closed","ping_status":"closed","template":"","meta":{"_acf_changed":false,"footnotes":""},"pyr_topics":[],"class_list":["post-48455","page","type-page","status-publish","hentry"],"acf":[],"yoast_head":"<!-- This site is optimized with the Yoast SEO Premium plugin v25.9 (Yoast SEO v25.9) - https:\/\/yoast.com\/wordpress\/plugins\/seo\/ -->\n<title>Press Pass Terms and Conditions &#8902; Pyrkon Fantastyczne Miejsce Spotka\u0144<\/title>\n<meta name=\"description\" content=\"Pyrkon to przede wszystkim ludzie \u2013 fani fantastyki, tw\u00f3rcy, producenci, wystawcy i\u2026 Ty, poniewa\u017c Pyrkon to fantastyczne miejsce spotka\u0144. Spotkaj dziesi\u0105tki tysi\u0119cy niesamowitych ludzi, kt\u00f3rzy dziel\u0105 to samo hobby, co Ty! Podobnie do nich wr\u00f3cisz z fantastycznymi wspomnieniami do ko\u0144ca \u017cycia! Do\u0142\u0105cz do nas ju\u017c teraz!\" \/>\n<meta name=\"robots\" content=\"index, follow, max-snippet:-1, max-image-preview:large, max-video-preview:-1\" \/>\n<link rel=\"canonical\" href=\"https:\/\/pyrkon.pl\/en\/press-pass-terms-and-conditions\/\" \/>\n<meta property=\"og:locale\" content=\"en_US\" \/>\n<meta property=\"og:type\" content=\"article\" \/>\n<meta property=\"og:title\" content=\"Press Pass Terms and Conditions\" \/>\n<meta property=\"og:description\" content=\"Pyrkon to przede wszystkim ludzie \u2013 fani fantastyki, tw\u00f3rcy, producenci, wystawcy i\u2026 Ty, poniewa\u017c Pyrkon to fantastyczne miejsce spotka\u0144. Spotkaj dziesi\u0105tki tysi\u0119cy niesamowitych ludzi, kt\u00f3rzy dziel\u0105 to samo hobby, co Ty! Podobnie do nich wr\u00f3cisz z fantastycznymi wspomnieniami do ko\u0144ca \u017cycia! Do\u0142\u0105cz do nas ju\u017c teraz!\" \/>\n<meta property=\"og:url\" content=\"https:\/\/pyrkon.pl\/en\/press-pass-terms-and-conditions\/\" \/>\n<meta property=\"og:site_name\" content=\"Pyrkon Fantastyczne Miejsce Spotka\u0144\" \/>\n<meta property=\"article:publisher\" content=\"https:\/\/www.facebook.com\/Pyrkon\" \/>\n<meta property=\"article:modified_time\" content=\"2026-04-06T11:07:14+00:00\" \/>\n<meta name=\"twitter:card\" content=\"summary_large_image\" \/>\n<meta name=\"twitter:site\" content=\"@pyrkon\" \/>\n<meta name=\"twitter:label1\" content=\"Est. reading time\" \/>\n\t<meta name=\"twitter:data1\" content=\"2 minutes\" \/>\n<script type=\"application\/ld+json\" class=\"yoast-schema-graph\">{\"@context\":\"https:\/\/schema.org\",\"@graph\":[{\"@type\":\"WebPage\",\"@id\":\"https:\/\/pyrkon.pl\/en\/press-pass-terms-and-conditions\/\",\"url\":\"https:\/\/pyrkon.pl\/en\/press-pass-terms-and-conditions\/\",\"name\":\"Press Pass Terms and Conditions &#8902; Pyrkon Fantastyczne Miejsce Spotka\u0144\",\"isPartOf\":{\"@id\":\"https:\/\/pyrkon.pl\/#website\"},\"datePublished\":\"2025-12-17T19:09:52+00:00\",\"dateModified\":\"2026-04-06T11:07:14+00:00\",\"description\":\"Pyrkon to przede wszystkim ludzie \u2013 fani fantastyki, tw\u00f3rcy, producenci, wystawcy i\u2026 Ty, poniewa\u017c Pyrkon to fantastyczne miejsce spotka\u0144. Spotkaj dziesi\u0105tki tysi\u0119cy niesamowitych ludzi, kt\u00f3rzy dziel\u0105 to samo hobby, co Ty! Podobnie do nich wr\u00f3cisz z fantastycznymi wspomnieniami do ko\u0144ca \u017cycia! Do\u0142\u0105cz do nas ju\u017c teraz!\",\"breadcrumb\":{\"@id\":\"https:\/\/pyrkon.pl\/en\/press-pass-terms-and-conditions\/#breadcrumb\"},\"inLanguage\":\"en-US\",\"potentialAction\":[{\"@type\":\"ReadAction\",\"target\":[\"https:\/\/pyrkon.pl\/en\/press-pass-terms-and-conditions\/\"]}]},{\"@type\":\"BreadcrumbList\",\"@id\":\"https:\/\/pyrkon.pl\/en\/press-pass-terms-and-conditions\/#breadcrumb\",\"itemListElement\":[{\"@type\":\"ListItem\",\"position\":1,\"name\":\"Strona g\u0142\u00f3wna\",\"item\":\"https:\/\/pyrkon.pl\/en\/\"},{\"@type\":\"ListItem\",\"position\":2,\"name\":\"Press Pass Terms and Conditions\"}]},{\"@type\":\"WebSite\",\"@id\":\"https:\/\/pyrkon.pl\/#website\",\"url\":\"https:\/\/pyrkon.pl\/\",\"name\":\"Pyrkon Fantastyczne Miejsce Spotka\u0144\",\"description\":\"Festiwal Fantastyki\",\"publisher\":{\"@id\":\"https:\/\/pyrkon.pl\/#organization\"},\"potentialAction\":[{\"@type\":\"SearchAction\",\"target\":{\"@type\":\"EntryPoint\",\"urlTemplate\":\"https:\/\/pyrkon.pl\/?s={search_term_string}\"},\"query-input\":{\"@type\":\"PropertyValueSpecification\",\"valueRequired\":true,\"valueName\":\"search_term_string\"}}],\"inLanguage\":\"en-US\"},{\"@type\":\"Organization\",\"@id\":\"https:\/\/pyrkon.pl\/#organization\",\"name\":\"Pyrkon Fantastyczne Miejsce Spotka\u0144\",\"url\":\"https:\/\/pyrkon.pl\/\",\"logo\":{\"@type\":\"ImageObject\",\"inLanguage\":\"en-US\",\"@id\":\"https:\/\/pyrkon.pl\/#\/schema\/logo\/image\/\",\"url\":\"https:\/\/pyrkon.pl\/wp-content\/uploads\/2018\/02\/Festiwal_Fantastyki_Pyrkon_logo_Black_CMYK.jpg\",\"contentUrl\":\"https:\/\/pyrkon.pl\/wp-content\/uploads\/2018\/02\/Festiwal_Fantastyki_Pyrkon_logo_Black_CMYK.jpg\",\"width\":1300,\"height\":401,\"caption\":\"Pyrkon Fantastyczne Miejsce Spotka\u0144\"},\"image\":{\"@id\":\"https:\/\/pyrkon.pl\/#\/schema\/logo\/image\/\"},\"sameAs\":[\"https:\/\/www.facebook.com\/Pyrkon\",\"https:\/\/x.com\/pyrkon\",\"https:\/\/www.instagram.com\/pyrkon\/\",\"https:\/\/www.youtube.com\/user\/FestiwalPyrkon\"]}]}<\/script>\n<!-- \/ Yoast SEO Premium plugin. -->","yoast_head_json":{"title":"Press Pass Terms and Conditions &#8902; Pyrkon Fantastyczne Miejsce Spotka\u0144","description":"Pyrkon to przede wszystkim ludzie \u2013 fani fantastyki, tw\u00f3rcy, producenci, wystawcy i\u2026 Ty, poniewa\u017c Pyrkon to fantastyczne miejsce spotka\u0144. Spotkaj dziesi\u0105tki tysi\u0119cy niesamowitych ludzi, kt\u00f3rzy dziel\u0105 to samo hobby, co Ty! Podobnie do nich wr\u00f3cisz z fantastycznymi wspomnieniami do ko\u0144ca \u017cycia! Do\u0142\u0105cz do nas ju\u017c teraz!","robots":{"index":"index","follow":"follow","max-snippet":"max-snippet:-1","max-image-preview":"max-image-preview:large","max-video-preview":"max-video-preview:-1"},"canonical":"https:\/\/pyrkon.pl\/en\/press-pass-terms-and-conditions\/","og_locale":"en_US","og_type":"article","og_title":"Press Pass Terms and Conditions","og_description":"Pyrkon to przede wszystkim ludzie \u2013 fani fantastyki, tw\u00f3rcy, producenci, wystawcy i\u2026 Ty, poniewa\u017c Pyrkon to fantastyczne miejsce spotka\u0144. Spotkaj dziesi\u0105tki tysi\u0119cy niesamowitych ludzi, kt\u00f3rzy dziel\u0105 to samo hobby, co Ty! Podobnie do nich wr\u00f3cisz z fantastycznymi wspomnieniami do ko\u0144ca \u017cycia! Do\u0142\u0105cz do nas ju\u017c teraz!","og_url":"https:\/\/pyrkon.pl\/en\/press-pass-terms-and-conditions\/","og_site_name":"Pyrkon Fantastyczne Miejsce Spotka\u0144","article_publisher":"https:\/\/www.facebook.com\/Pyrkon","article_modified_time":"2026-04-06T11:07:14+00:00","twitter_card":"summary_large_image","twitter_site":"@pyrkon","twitter_misc":{"Est. reading time":"2 minutes"},"schema":{"@context":"https:\/\/schema.org","@graph":[{"@type":"WebPage","@id":"https:\/\/pyrkon.pl\/en\/press-pass-terms-and-conditions\/","url":"https:\/\/pyrkon.pl\/en\/press-pass-terms-and-conditions\/","name":"Press Pass Terms and Conditions &#8902; Pyrkon Fantastyczne Miejsce Spotka\u0144","isPartOf":{"@id":"https:\/\/pyrkon.pl\/#website"},"datePublished":"2025-12-17T19:09:52+00:00","dateModified":"2026-04-06T11:07:14+00:00","description":"Pyrkon to przede wszystkim ludzie \u2013 fani fantastyki, tw\u00f3rcy, producenci, wystawcy i\u2026 Ty, poniewa\u017c Pyrkon to fantastyczne miejsce spotka\u0144. Spotkaj dziesi\u0105tki tysi\u0119cy niesamowitych ludzi, kt\u00f3rzy dziel\u0105 to samo hobby, co Ty! Podobnie do nich wr\u00f3cisz z fantastycznymi wspomnieniami do ko\u0144ca \u017cycia! Do\u0142\u0105cz do nas ju\u017c teraz!","breadcrumb":{"@id":"https:\/\/pyrkon.pl\/en\/press-pass-terms-and-conditions\/#breadcrumb"},"inLanguage":"en-US","potentialAction":[{"@type":"ReadAction","target":["https:\/\/pyrkon.pl\/en\/press-pass-terms-and-conditions\/"]}]},{"@type":"BreadcrumbList","@id":"https:\/\/pyrkon.pl\/en\/press-pass-terms-and-conditions\/#breadcrumb","itemListElement":[{"@type":"ListItem","position":1,"name":"Strona g\u0142\u00f3wna","item":"https:\/\/pyrkon.pl\/en\/"},{"@type":"ListItem","position":2,"name":"Press Pass Terms and Conditions"}]},{"@type":"WebSite","@id":"https:\/\/pyrkon.pl\/#website","url":"https:\/\/pyrkon.pl\/","name":"Pyrkon Fantastyczne Miejsce Spotka\u0144","description":"Festiwal Fantastyki","publisher":{"@id":"https:\/\/pyrkon.pl\/#organization"},"potentialAction":[{"@type":"SearchAction","target":{"@type":"EntryPoint","urlTemplate":"https:\/\/pyrkon.pl\/?s={search_term_string}"},"query-input":{"@type":"PropertyValueSpecification","valueRequired":true,"valueName":"search_term_string"}}],"inLanguage":"en-US"},{"@type":"Organization","@id":"https:\/\/pyrkon.pl\/#organization","name":"Pyrkon Fantastyczne Miejsce Spotka\u0144","url":"https:\/\/pyrkon.pl\/","logo":{"@type":"ImageObject","inLanguage":"en-US","@id":"https:\/\/pyrkon.pl\/#\/schema\/logo\/image\/","url":"https:\/\/pyrkon.pl\/wp-content\/uploads\/2018\/02\/Festiwal_Fantastyki_Pyrkon_logo_Black_CMYK.jpg","contentUrl":"https:\/\/pyrkon.pl\/wp-content\/uploads\/2018\/02\/Festiwal_Fantastyki_Pyrkon_logo_Black_CMYK.jpg","width":1300,"height":401,"caption":"Pyrkon Fantastyczne Miejsce Spotka\u0144"},"image":{"@id":"https:\/\/pyrkon.pl\/#\/schema\/logo\/image\/"},"sameAs":["https:\/\/www.facebook.com\/Pyrkon","https:\/\/x.com\/pyrkon","https:\/\/www.instagram.com\/pyrkon\/","https:\/\/www.youtube.com\/user\/FestiwalPyrkon"]}]}},"_links":{"self":[{"href":"https:\/\/pyrkon.pl\/en\/wp-json\/wp\/v2\/pages\/48455","targetHints":{"allow":["GET"]}}],"collection":[{"href":"https:\/\/pyrkon.pl\/en\/wp-json\/wp\/v2\/pages"}],"about":[{"href":"https:\/\/pyrkon.pl\/en\/wp-json\/wp\/v2\/types\/page"}],"author":[{"embeddable":true,"href":"https:\/\/pyrkon.pl\/en\/wp-json\/wp\/v2\/users\/2763"}],"replies":[{"embeddable":true,"href":"https:\/\/pyrkon.pl\/en\/wp-json\/wp\/v2\/comments?post=48455"}],"version-history":[{"count":2,"href":"https:\/\/pyrkon.pl\/en\/wp-json\/wp\/v2\/pages\/48455\/revisions"}],"predecessor-version":[{"id":51171,"href":"https:\/\/pyrkon.pl\/en\/wp-json\/wp\/v2\/pages\/48455\/revisions\/51171"}],"wp:attachment":[{"href":"https:\/\/pyrkon.pl\/en\/wp-json\/wp\/v2\/media?parent=48455"}],"wp:term":[{"taxonomy":"pyr_topics","embeddable":true,"href":"https:\/\/pyrkon.pl\/en\/wp-json\/wp\/v2\/pyr_topics?post=48455"}],"curies":[{"name":"wp","href":"https:\/\/api.w.org\/{rel}","templated":true}]}}