{"id":48959,"date":"2026-01-14T11:53:53","date_gmt":"2026-01-14T10:53:53","guid":{"rendered":"https:\/\/pyrkon.pl\/?page_id=48959"},"modified":"2026-01-14T11:53:56","modified_gmt":"2026-01-14T10:53:56","slug":"annex-4-to-regulations-of-the-pyrkon-2026-fan-convention","status":"publish","type":"page","link":"https:\/\/pyrkon.pl\/en\/annex-4-to-regulations-of-the-pyrkon-2026-fan-convention\/","title":{"rendered":"ANNEX 4 TO REGULATIONS OF THE PYRKON 2026 FAN CONVENTION"},"content":{"rendered":"\n<!--more-->\n\n\n\n<p>1. Pyrkon takes place at MTP Pozna\u0144 Expo located at G\u0142ogowska 14 in Pozna\u0144, in particular in Eastern, Western and Northern Entrances, as well as Halls 3, 3A, 5, 5A, 6A, 6B, 6C, 7, 7A, 8, 8A, 10, 11, PCC (Pozna\u0144 Congress Center) and the surrounding area (hereinafter known as MTP) on July 19-21, 2026.<\/p>\n\n\n\n<p>2. Participants can access the premises of Pyrkon at designated times:<\/p>\n\n\n\n<ul class=\"wp-block-list\">\n<li>Hall 3 MTP: from 12:00 to 23:00 on Friday, from 10:00 to 23:00 on Saturday, from 9:00 to 17:00 on Sunday<\/li>\n\n\n\n<li>Hall 3A MTP: from 12:00 on Friday do godz. 18:00 on Sunday<\/li>\n\n\n\n<li>Green Auditorium (Sala Zielona) and Blue Auditorium (Sala Niebieska) in the Eastern Entrance building: from 14:00 to 23:00 on Friday, from 11:00 to 23:00 on Saturday and from 11:00 to 16:00 on Sunday; unless information at the entrance to the auditorium states otherwise<\/li>\n\n\n\n<li>Hall 5 and Hall 5A MTP: from 14:00 to 21:00 on Friday (last entry at 20:30), from 10:00 to 21:00 on Saturday (last entry at 20:30) and from 10:00 to 16:00 on Sunday<\/li>\n\n\n\n<li>Hall 6AB MTP: (Games Room): from 12:00 on Friday to 18:00 on Sunday<\/li>\n\n\n\n<li>Hall 6C MTP: from 12:00 to 21:00 on Friday, from 10:00 to 21:00 on Saturday and from 10:00 to 16:00 on Sunday<\/li>\n\n\n\n<li>Hall 7A MTP: from 12:00 to 22:00 on Friday, from 10:00 to 22:00 on Saturday and from 10:00 to 17:00 on Sunday<\/li>\n\n\n\n<li>Hall 7 (ground floor): from 12:00 to 21:00 on Friday, from 10:00 to 21:00 on Saturday and from 10:00 to 17:00 on Sunday<\/li>\n\n\n\n<li>Hall 7 MTP: (mezzanine): from 12:00 to 00:30 on Friday, from 10:00 to 00:30 on Saturday and from 10:00 to 17:00 on Sunday<\/li>\n\n\n\n<li>Hall 8 MTP: from 13:00 to 21:00 on Friday, from 9:30 to 21:00 on Saturday, from 9:30 to 16:00 on Sunday<\/li>\n\n\n\n<li>Hall 8A MTP: from 12:00 to 21:00 on Friday, from 10:00 to 21:00 on Saturday and from 10:00 to 16:00 on Sunday<\/li>\n\n\n\n<li>Hall 10 MTP: (Convention Office\/Biuro Festiwalowe) from 12:00 on Friday to 18:00 on Sunday<\/li>\n\n\n\n<li>Hall 11 MTP: from 12:00 on Friday to 18:00 on Sunday<\/li>\n\n\n\n<li>PCC Hall (Pozna\u0144 Congress Center) MTP: from 14:00 to 24:00 on Friday, from 9:00 to 02:30 on Saturday and from 9:00 to 18:00 on Sunday<br>\u2013 unless information at the entrance to the hall states otherwise.<\/li>\n<\/ul>\n\n\n\n<p>Times given are approximate and may be changed by the Organiser.<\/p>\n","protected":false},"excerpt":{"rendered":"","protected":false},"author":2763,"featured_media":0,"parent":0,"menu_order":0,"comment_status":"closed","ping_status":"closed","template":"","meta":{"_acf_changed":false,"footnotes":""},"pyr_topics":[],"class_list":["post-48959","page","type-page","status-publish","hentry"],"acf":[],"yoast_head":"<!-- This site is optimized with the Yoast SEO Premium plugin v25.9 (Yoast SEO v25.9) - https:\/\/yoast.com\/wordpress\/plugins\/seo\/ -->\n<title>ANNEX 4 TO REGULATIONS OF THE PYRKON 2026 FAN CONVENTION &#8902; Pyrkon Fantastyczne Miejsce Spotka\u0144<\/title>\n<meta name=\"description\" content=\"Pyrkon to przede wszystkim ludzie \u2013 fani fantastyki, tw\u00f3rcy, producenci, wystawcy i\u2026 Ty, poniewa\u017c Pyrkon to fantastyczne miejsce spotka\u0144. Spotkaj dziesi\u0105tki tysi\u0119cy niesamowitych ludzi, kt\u00f3rzy dziel\u0105 to samo hobby, co Ty! Podobnie do nich wr\u00f3cisz z fantastycznymi wspomnieniami do ko\u0144ca \u017cycia! Do\u0142\u0105cz do nas ju\u017c teraz!\" \/>\n<meta name=\"robots\" content=\"index, follow, max-snippet:-1, max-image-preview:large, max-video-preview:-1\" \/>\n<link rel=\"canonical\" href=\"https:\/\/pyrkon.pl\/en\/annex-4-to-regulations-of-the-pyrkon-2026-fan-convention\/\" \/>\n<meta property=\"og:locale\" content=\"en_US\" \/>\n<meta property=\"og:type\" content=\"article\" \/>\n<meta property=\"og:title\" content=\"ANNEX 4 TO REGULATIONS OF THE PYRKON 2026 FAN CONVENTION\" \/>\n<meta property=\"og:description\" content=\"Pyrkon to przede wszystkim ludzie \u2013 fani fantastyki, tw\u00f3rcy, producenci, wystawcy i\u2026 Ty, poniewa\u017c Pyrkon to fantastyczne miejsce spotka\u0144. Spotkaj dziesi\u0105tki tysi\u0119cy niesamowitych ludzi, kt\u00f3rzy dziel\u0105 to samo hobby, co Ty! Podobnie do nich wr\u00f3cisz z fantastycznymi wspomnieniami do ko\u0144ca \u017cycia! Do\u0142\u0105cz do nas ju\u017c teraz!\" \/>\n<meta property=\"og:url\" content=\"https:\/\/pyrkon.pl\/en\/annex-4-to-regulations-of-the-pyrkon-2026-fan-convention\/\" \/>\n<meta property=\"og:site_name\" content=\"Pyrkon Fantastyczne Miejsce Spotka\u0144\" \/>\n<meta property=\"article:publisher\" content=\"https:\/\/www.facebook.com\/Pyrkon\" \/>\n<meta property=\"article:modified_time\" content=\"2026-01-14T10:53:56+00:00\" \/>\n<meta name=\"twitter:card\" content=\"summary_large_image\" \/>\n<meta name=\"twitter:site\" content=\"@pyrkon\" \/>\n<meta name=\"twitter:label1\" content=\"Est. reading time\" \/>\n\t<meta name=\"twitter:data1\" content=\"3 minutes\" \/>\n<script type=\"application\/ld+json\" class=\"yoast-schema-graph\">{\"@context\":\"https:\/\/schema.org\",\"@graph\":[{\"@type\":\"WebPage\",\"@id\":\"https:\/\/pyrkon.pl\/en\/annex-4-to-regulations-of-the-pyrkon-2026-fan-convention\/\",\"url\":\"https:\/\/pyrkon.pl\/en\/annex-4-to-regulations-of-the-pyrkon-2026-fan-convention\/\",\"name\":\"ANNEX 4 TO REGULATIONS OF THE PYRKON 2026 FAN CONVENTION &#8902; Pyrkon Fantastyczne Miejsce Spotka\u0144\",\"isPartOf\":{\"@id\":\"https:\/\/pyrkon.pl\/#website\"},\"datePublished\":\"2026-01-14T10:53:53+00:00\",\"dateModified\":\"2026-01-14T10:53:56+00:00\",\"description\":\"Pyrkon to przede wszystkim ludzie \u2013 fani fantastyki, tw\u00f3rcy, producenci, wystawcy i\u2026 Ty, poniewa\u017c Pyrkon to fantastyczne miejsce spotka\u0144. Spotkaj dziesi\u0105tki tysi\u0119cy niesamowitych ludzi, kt\u00f3rzy dziel\u0105 to samo hobby, co Ty! Podobnie do nich wr\u00f3cisz z fantastycznymi wspomnieniami do ko\u0144ca \u017cycia! Do\u0142\u0105cz do nas ju\u017c teraz!\",\"breadcrumb\":{\"@id\":\"https:\/\/pyrkon.pl\/en\/annex-4-to-regulations-of-the-pyrkon-2026-fan-convention\/#breadcrumb\"},\"inLanguage\":\"en-US\",\"potentialAction\":[{\"@type\":\"ReadAction\",\"target\":[\"https:\/\/pyrkon.pl\/en\/annex-4-to-regulations-of-the-pyrkon-2026-fan-convention\/\"]}]},{\"@type\":\"BreadcrumbList\",\"@id\":\"https:\/\/pyrkon.pl\/en\/annex-4-to-regulations-of-the-pyrkon-2026-fan-convention\/#breadcrumb\",\"itemListElement\":[{\"@type\":\"ListItem\",\"position\":1,\"name\":\"Strona g\u0142\u00f3wna\",\"item\":\"https:\/\/pyrkon.pl\/en\/\"},{\"@type\":\"ListItem\",\"position\":2,\"name\":\"ANNEX 4 TO REGULATIONS OF THE PYRKON 2026 FAN CONVENTION\"}]},{\"@type\":\"WebSite\",\"@id\":\"https:\/\/pyrkon.pl\/#website\",\"url\":\"https:\/\/pyrkon.pl\/\",\"name\":\"Pyrkon Fantastyczne Miejsce Spotka\u0144\",\"description\":\"Festiwal Fantastyki\",\"publisher\":{\"@id\":\"https:\/\/pyrkon.pl\/#organization\"},\"potentialAction\":[{\"@type\":\"SearchAction\",\"target\":{\"@type\":\"EntryPoint\",\"urlTemplate\":\"https:\/\/pyrkon.pl\/?s={search_term_string}\"},\"query-input\":{\"@type\":\"PropertyValueSpecification\",\"valueRequired\":true,\"valueName\":\"search_term_string\"}}],\"inLanguage\":\"en-US\"},{\"@type\":\"Organization\",\"@id\":\"https:\/\/pyrkon.pl\/#organization\",\"name\":\"Pyrkon Fantastyczne Miejsce Spotka\u0144\",\"url\":\"https:\/\/pyrkon.pl\/\",\"logo\":{\"@type\":\"ImageObject\",\"inLanguage\":\"en-US\",\"@id\":\"https:\/\/pyrkon.pl\/#\/schema\/logo\/image\/\",\"url\":\"https:\/\/pyrkon.pl\/wp-content\/uploads\/2018\/02\/Festiwal_Fantastyki_Pyrkon_logo_Black_CMYK.jpg\",\"contentUrl\":\"https:\/\/pyrkon.pl\/wp-content\/uploads\/2018\/02\/Festiwal_Fantastyki_Pyrkon_logo_Black_CMYK.jpg\",\"width\":1300,\"height\":401,\"caption\":\"Pyrkon Fantastyczne Miejsce Spotka\u0144\"},\"image\":{\"@id\":\"https:\/\/pyrkon.pl\/#\/schema\/logo\/image\/\"},\"sameAs\":[\"https:\/\/www.facebook.com\/Pyrkon\",\"https:\/\/x.com\/pyrkon\",\"https:\/\/www.instagram.com\/pyrkon\/\",\"https:\/\/www.youtube.com\/user\/FestiwalPyrkon\"]}]}<\/script>\n<!-- \/ Yoast SEO Premium plugin. -->","yoast_head_json":{"title":"ANNEX 4 TO REGULATIONS OF THE PYRKON 2026 FAN CONVENTION &#8902; Pyrkon Fantastyczne Miejsce Spotka\u0144","description":"Pyrkon to przede wszystkim ludzie \u2013 fani fantastyki, tw\u00f3rcy, producenci, wystawcy i\u2026 Ty, poniewa\u017c Pyrkon to fantastyczne miejsce spotka\u0144. Spotkaj dziesi\u0105tki tysi\u0119cy niesamowitych ludzi, kt\u00f3rzy dziel\u0105 to samo hobby, co Ty! Podobnie do nich wr\u00f3cisz z fantastycznymi wspomnieniami do ko\u0144ca \u017cycia! Do\u0142\u0105cz do nas ju\u017c teraz!","robots":{"index":"index","follow":"follow","max-snippet":"max-snippet:-1","max-image-preview":"max-image-preview:large","max-video-preview":"max-video-preview:-1"},"canonical":"https:\/\/pyrkon.pl\/en\/annex-4-to-regulations-of-the-pyrkon-2026-fan-convention\/","og_locale":"en_US","og_type":"article","og_title":"ANNEX 4 TO REGULATIONS OF THE PYRKON 2026 FAN CONVENTION","og_description":"Pyrkon to przede wszystkim ludzie \u2013 fani fantastyki, tw\u00f3rcy, producenci, wystawcy i\u2026 Ty, poniewa\u017c Pyrkon to fantastyczne miejsce spotka\u0144. Spotkaj dziesi\u0105tki tysi\u0119cy niesamowitych ludzi, kt\u00f3rzy dziel\u0105 to samo hobby, co Ty! Podobnie do nich wr\u00f3cisz z fantastycznymi wspomnieniami do ko\u0144ca \u017cycia! Do\u0142\u0105cz do nas ju\u017c teraz!","og_url":"https:\/\/pyrkon.pl\/en\/annex-4-to-regulations-of-the-pyrkon-2026-fan-convention\/","og_site_name":"Pyrkon Fantastyczne Miejsce Spotka\u0144","article_publisher":"https:\/\/www.facebook.com\/Pyrkon","article_modified_time":"2026-01-14T10:53:56+00:00","twitter_card":"summary_large_image","twitter_site":"@pyrkon","twitter_misc":{"Est. reading time":"3 minutes"},"schema":{"@context":"https:\/\/schema.org","@graph":[{"@type":"WebPage","@id":"https:\/\/pyrkon.pl\/en\/annex-4-to-regulations-of-the-pyrkon-2026-fan-convention\/","url":"https:\/\/pyrkon.pl\/en\/annex-4-to-regulations-of-the-pyrkon-2026-fan-convention\/","name":"ANNEX 4 TO REGULATIONS OF THE PYRKON 2026 FAN CONVENTION &#8902; Pyrkon Fantastyczne Miejsce Spotka\u0144","isPartOf":{"@id":"https:\/\/pyrkon.pl\/#website"},"datePublished":"2026-01-14T10:53:53+00:00","dateModified":"2026-01-14T10:53:56+00:00","description":"Pyrkon to przede wszystkim ludzie \u2013 fani fantastyki, tw\u00f3rcy, producenci, wystawcy i\u2026 Ty, poniewa\u017c Pyrkon to fantastyczne miejsce spotka\u0144. Spotkaj dziesi\u0105tki tysi\u0119cy niesamowitych ludzi, kt\u00f3rzy dziel\u0105 to samo hobby, co Ty! Podobnie do nich wr\u00f3cisz z fantastycznymi wspomnieniami do ko\u0144ca \u017cycia! Do\u0142\u0105cz do nas ju\u017c teraz!","breadcrumb":{"@id":"https:\/\/pyrkon.pl\/en\/annex-4-to-regulations-of-the-pyrkon-2026-fan-convention\/#breadcrumb"},"inLanguage":"en-US","potentialAction":[{"@type":"ReadAction","target":["https:\/\/pyrkon.pl\/en\/annex-4-to-regulations-of-the-pyrkon-2026-fan-convention\/"]}]},{"@type":"BreadcrumbList","@id":"https:\/\/pyrkon.pl\/en\/annex-4-to-regulations-of-the-pyrkon-2026-fan-convention\/#breadcrumb","itemListElement":[{"@type":"ListItem","position":1,"name":"Strona g\u0142\u00f3wna","item":"https:\/\/pyrkon.pl\/en\/"},{"@type":"ListItem","position":2,"name":"ANNEX 4 TO REGULATIONS OF THE PYRKON 2026 FAN CONVENTION"}]},{"@type":"WebSite","@id":"https:\/\/pyrkon.pl\/#website","url":"https:\/\/pyrkon.pl\/","name":"Pyrkon Fantastyczne Miejsce Spotka\u0144","description":"Festiwal Fantastyki","publisher":{"@id":"https:\/\/pyrkon.pl\/#organization"},"potentialAction":[{"@type":"SearchAction","target":{"@type":"EntryPoint","urlTemplate":"https:\/\/pyrkon.pl\/?s={search_term_string}"},"query-input":{"@type":"PropertyValueSpecification","valueRequired":true,"valueName":"search_term_string"}}],"inLanguage":"en-US"},{"@type":"Organization","@id":"https:\/\/pyrkon.pl\/#organization","name":"Pyrkon Fantastyczne Miejsce Spotka\u0144","url":"https:\/\/pyrkon.pl\/","logo":{"@type":"ImageObject","inLanguage":"en-US","@id":"https:\/\/pyrkon.pl\/#\/schema\/logo\/image\/","url":"https:\/\/pyrkon.pl\/wp-content\/uploads\/2018\/02\/Festiwal_Fantastyki_Pyrkon_logo_Black_CMYK.jpg","contentUrl":"https:\/\/pyrkon.pl\/wp-content\/uploads\/2018\/02\/Festiwal_Fantastyki_Pyrkon_logo_Black_CMYK.jpg","width":1300,"height":401,"caption":"Pyrkon Fantastyczne Miejsce Spotka\u0144"},"image":{"@id":"https:\/\/pyrkon.pl\/#\/schema\/logo\/image\/"},"sameAs":["https:\/\/www.facebook.com\/Pyrkon","https:\/\/x.com\/pyrkon","https:\/\/www.instagram.com\/pyrkon\/","https:\/\/www.youtube.com\/user\/FestiwalPyrkon"]}]}},"_links":{"self":[{"href":"https:\/\/pyrkon.pl\/en\/wp-json\/wp\/v2\/pages\/48959","targetHints":{"allow":["GET"]}}],"collection":[{"href":"https:\/\/pyrkon.pl\/en\/wp-json\/wp\/v2\/pages"}],"about":[{"href":"https:\/\/pyrkon.pl\/en\/wp-json\/wp\/v2\/types\/page"}],"author":[{"embeddable":true,"href":"https:\/\/pyrkon.pl\/en\/wp-json\/wp\/v2\/users\/2763"}],"replies":[{"embeddable":true,"href":"https:\/\/pyrkon.pl\/en\/wp-json\/wp\/v2\/comments?post=48959"}],"version-history":[{"count":1,"href":"https:\/\/pyrkon.pl\/en\/wp-json\/wp\/v2\/pages\/48959\/revisions"}],"predecessor-version":[{"id":48960,"href":"https:\/\/pyrkon.pl\/en\/wp-json\/wp\/v2\/pages\/48959\/revisions\/48960"}],"wp:attachment":[{"href":"https:\/\/pyrkon.pl\/en\/wp-json\/wp\/v2\/media?parent=48959"}],"wp:term":[{"taxonomy":"pyr_topics","embeddable":true,"href":"https:\/\/pyrkon.pl\/en\/wp-json\/wp\/v2\/pyr_topics?post=48959"}],"curies":[{"name":"wp","href":"https:\/\/api.w.org\/{rel}","templated":true}]}}