{"id":52356,"date":"2026-05-06T00:04:18","date_gmt":"2026-05-05T22:04:18","guid":{"rendered":"https:\/\/pyrkon.pl\/?page_id=52356"},"modified":"2026-05-06T00:41:40","modified_gmt":"2026-05-05T22:41:40","slug":"the-masquerade-2","status":"publish","type":"page","link":"https:\/\/pyrkon.pl\/en\/the-masquerade-2\/","title":{"rendered":"The Masquerade"},"content":{"rendered":"\n<p><strong>On Saturday in the Earth Hall \u2013 the headline of the Convention \u2013 The Masquerade, a beautiful show with qualifiers for Extreme Cosplay Gathering World Championship with the finals in Paris! Come and see, or better yet, come and compete!<\/strong><\/p>\n\n\n\n<!--more-->\n\n\n\n<div class=\"b-link-pills\">\n  <div class=\"b-link-pills__label\">\n    Na skr\u00f3ty:\n  <\/div>\n\n  <div class=\"js-pills-items b-link-pills__items-container b-link-pills__item-color-variant--violet\" data-scroll-mode=\"1\">\n                                            \n  <a href=\"https:\/\/pyrkon.pl\/en\/pyrkon-guests\/\" class=\"c-btn c-btn--aqua\" target=\"_self\">\n  Guests\n  <\/a>\n                                        \n  <a href=\"https:\/\/pyrkon.pl\/en\/program-sections\/\" class=\"c-btn c-btn--aqua\" target=\"_self\">\n  Program Sections\n  <\/a>\n                                        \n  <a href=\"https:\/\/pyrkon.pl\/en\/tematyka\/cosplay-zone\/\" class=\"c-btn c-btn--aqua\" target=\"_self\">\n  Cosplay Zone\n  <\/a>\n                                        \n  <a href=\"https:\/\/pyrkon.pl\/en\/the-own-design-competition\/\" class=\"c-btn c-btn--aqua\" target=\"_self\">\n  The Own Design Competition\n  <\/a>\n                                        \n  <a href=\"https:\/\/pyrkon.pl\/en\/pyrkon-photo-cosplay\/\" class=\"c-btn c-btn--aqua\" target=\"_self\">\n  Pyrkon Photo Cosplay\n  <\/a>\n            <\/div>\n<\/div>\n\n\n<figure class=\"wp-block-image aligncenter size-full\"><img loading=\"lazy\" decoding=\"async\" width=\"879\" height=\"334\" src=\"https:\/\/pyrkon.pl\/wp-content\/uploads\/2023\/05\/maskarada-1.png\" alt=\"\" class=\"wp-image-32685\" srcset=\"https:\/\/pyrkon.pl\/wp-content\/uploads\/2023\/05\/maskarada-1.png 879w, https:\/\/pyrkon.pl\/wp-content\/uploads\/2023\/05\/maskarada-1-300x114.png 300w, https:\/\/pyrkon.pl\/wp-content\/uploads\/2023\/05\/maskarada-1-768x292.png 768w\" sizes=\"auto, (max-width: 879px) 100vw, 879px\" \/><\/figure>\n\n\n\n<p>The most important cosplay competition at Pyrkon with qualifiers for the Extreme Cosplay Gathering World Championships, with the finals in Paris! A colourful show full of lights, creativity and fantasy. The awarded persons will receive the title of \u201cCosplay Representation of Poland\u201d and, at the expense of the organizer and with their support, will go to represent Poland during the finals of the Extreme Cosplay Gathering World Championship in Paris.<\/p>\n\n\n\n<p class=\"has-text-align-center\"><strong>We are accepting your submissions until June 1, 2026 (Monday), 11:59 PM.<\/strong><\/p>\n\n\n\n<div class=\"wp-block-buttons is-content-justification-center is-nowrap is-layout-flex wp-container-core-buttons-is-layout-1fb9aab6 wp-block-buttons-is-layout-flex\">\n<div class=\"wp-block-button has-custom-width wp-block-button__width-50\"><a class=\"wp-block-button__link wp-element-button\" href=\"https:\/\/www.cognitoforms.com\/Maskarada1\/Maskarada2026Zg%C5%82oszeniaNaKonkurs\">The Masquerade Registrations (PL ONLy!)<\/a><\/div>\n\n\n\n<div class=\"wp-block-button has-custom-width wp-block-button__width-50\"><a class=\"wp-block-button__link wp-element-button\" href=\"https:\/\/pyrkon.pl\/en\/the-masquerade-regulations\/\">RULES AND REGULATION OF THE MASQUERADE COMPETITION<\/a><\/div>\n<\/div>\n\n\n\n<p>We accept groups of 1 to 4 people. Cosplayers participating in the competition should be of legal age and present on stage a self-made costume as similar as possible to the reference illustration (selected frame from a film or comic book, illustration, etc). The course of the event, step by step, can be found in the rules and regulations. The competition takes place in the late afternoon on Saturday at the Earth Hall in PCC.<\/p>\n\n\n\n<p><strong>What awaits the winners? Financial prizes of PLN 16,000 total!<\/strong><\/p>\n\n\n\n<ul class=\"wp-block-list\">\n<li>1st place.<strong>&nbsp;Polish Cosplay Representatives at the Extreme Cosplay Gathering classification 2026, PLN 6,000.&nbsp;&nbsp;<\/strong>It is one group or a soloist (1-4 people) who, at the expense of the organizer and with their support, will represent Poland during the finals of the European Cosplay Gathering in Paris (July 2026). They will receive a financial award in the amount of PLN<\/li>\n\n\n\n<li>2nd place.<strong>&nbsp;Runner-up of the Polish Cosplay Representatives in the Extreme Cosplay Gathering classification 2026, PLN 4,000.&nbsp;<\/strong>&nbsp;It is one group or a soloist (1-4 people) who, in the event of indisposition of the Polish Cosplay Representatives for European Cosplay Gathering 2026, at the expense of the organizer and with their support, will represent Poland during the finals of European Cosplay Gathering in Paris (July 2026). In addition, they will receive a financial award of PLN 4,000.<\/li>\n\n\n\n<li><strong>Three equivalent Jury Awards of PLN 2,000 each<\/strong>, which will be awarded to outstanding cosplayers (groups or soloists) at the discretion of the judges. The jury may consider both the overall work of the cosplayer and a single element of this work to be worth rewarding (e.g. stage performance, use of a new creative technique, propmaking, above-average hairdressing and make-up work, representation of the character\u2026). Each of the three jurors is entitled to a decisive vote on the award of one of the prizes.<\/li>\n\n\n\n<li>&nbsp;<strong>All participants<\/strong>&nbsp;who perform on the stage during the 2025 Masquerade will receive a thank you in the form of a&nbsp;<strong>three-day pass for Pyrkon 2026.&nbsp;<\/strong>&nbsp;<\/li>\n<\/ul>\n\n\n\n<p>We encourage people with less experience to apply, but we require the persons applying to be of age and have Polish citizenship or a permanent residence card (due to the trip for the winners).<\/p>\n\n\n\n<h2 class=\"wp-block-heading\" id=\"h-masquerade-jury\">Masquerade Jury<\/h2>\n\n\n\n<div class=\"wp-block-columns is-layout-flex wp-container-core-columns-is-layout-9d6595d7 wp-block-columns-is-layout-flex\">\n<div class=\"wp-block-column is-layout-flow wp-block-column-is-layout-flow\">\n<figure class=\"wp-block-image size-large\"><img loading=\"lazy\" decoding=\"async\" width=\"1330\" height=\"887\" src=\"https:\/\/pyrkon.pl\/wp-content\/uploads\/2026\/05\/992A3206-1330x887.jpg\" alt=\"\" class=\"wp-image-52244\" srcset=\"https:\/\/pyrkon.pl\/wp-content\/uploads\/2026\/05\/992A3206-1330x887.jpg 1330w, https:\/\/pyrkon.pl\/wp-content\/uploads\/2026\/05\/992A3206-300x200.jpg 300w, https:\/\/pyrkon.pl\/wp-content\/uploads\/2026\/05\/992A3206-768x512.jpg 768w, https:\/\/pyrkon.pl\/wp-content\/uploads\/2026\/05\/992A3206-1536x1025.jpg 1536w, https:\/\/pyrkon.pl\/wp-content\/uploads\/2026\/05\/992A3206.jpg 2048w\" sizes=\"auto, (max-width: 1330px) 100vw, 1330px\" \/><figcaption class=\"wp-element-caption\">Jury: Helper &#8211; <a href=\"https:\/\/www.instagram.com\/helper.workshop\/\">Instagram<\/a><\/figcaption><\/figure>\n<\/div>\n\n\n\n<div class=\"wp-block-column is-layout-flow wp-block-column-is-layout-flow\">\n<figure class=\"wp-block-image size-large\"><img loading=\"lazy\" decoding=\"async\" width=\"1330\" height=\"887\" src=\"https:\/\/pyrkon.pl\/wp-content\/uploads\/2026\/05\/Seraphine-Ocean-Song-League-of-Legends-1330x887.jpg\" alt=\"\" class=\"wp-image-52250\" srcset=\"https:\/\/pyrkon.pl\/wp-content\/uploads\/2026\/05\/Seraphine-Ocean-Song-League-of-Legends-1330x887.jpg 1330w, https:\/\/pyrkon.pl\/wp-content\/uploads\/2026\/05\/Seraphine-Ocean-Song-League-of-Legends-300x200.jpg 300w, https:\/\/pyrkon.pl\/wp-content\/uploads\/2026\/05\/Seraphine-Ocean-Song-League-of-Legends-768x512.jpg 768w, https:\/\/pyrkon.pl\/wp-content\/uploads\/2026\/05\/Seraphine-Ocean-Song-League-of-Legends-1536x1025.jpg 1536w, https:\/\/pyrkon.pl\/wp-content\/uploads\/2026\/05\/Seraphine-Ocean-Song-League-of-Legends.jpg 2048w\" sizes=\"auto, (max-width: 1330px) 100vw, 1330px\" \/><figcaption class=\"wp-element-caption\">Jury: Yuji Koi &#8211; <a href=\"https:\/\/www.instagram.com\/yuji.hannah\/\">Instagram<\/a><\/figcaption><\/figure>\n<\/div>\n\n\n\n<div class=\"wp-block-column is-layout-flow wp-block-column-is-layout-flow\">\n<figure class=\"wp-block-image size-large\"><img loading=\"lazy\" decoding=\"async\" width=\"1330\" height=\"886\" src=\"https:\/\/pyrkon.pl\/wp-content\/uploads\/2026\/05\/Kopia-Maskarada24-galeria-145-1330x886.jpg\" alt=\"\" class=\"wp-image-52247\" srcset=\"https:\/\/pyrkon.pl\/wp-content\/uploads\/2026\/05\/Kopia-Maskarada24-galeria-145-1330x886.jpg 1330w, https:\/\/pyrkon.pl\/wp-content\/uploads\/2026\/05\/Kopia-Maskarada24-galeria-145-300x200.jpg 300w, https:\/\/pyrkon.pl\/wp-content\/uploads\/2026\/05\/Kopia-Maskarada24-galeria-145-768x512.jpg 768w, https:\/\/pyrkon.pl\/wp-content\/uploads\/2026\/05\/Kopia-Maskarada24-galeria-145-1536x1024.jpg 1536w, https:\/\/pyrkon.pl\/wp-content\/uploads\/2026\/05\/Kopia-Maskarada24-galeria-145.jpg 2048w\" sizes=\"auto, (max-width: 1330px) 100vw, 1330px\" \/><figcaption class=\"wp-element-caption\">Jury: Kula Cosplay &#8211; <a href=\"https:\/\/www.instagram.com\/kulacosplay\/\">Instagram<\/a><\/figcaption><\/figure>\n<\/div>\n<\/div>\n\n\n\n<h2 class=\"wp-block-heading\" id=\"h-winners-of-previous-masquerade-editions\"><strong>Winners of Previous Masquerade Editions<\/strong><\/h2>\n\n\n\n<p>If you\u2019re curious who won the previous editions of the Masquerade, below we present the costumes of past winners. See for yourselves how stunning and vibrant these outfits are! Do you dream of joining the ranks of the winners and representing Poland at Europe\u2019s most prestigious cosplay competition\u2014the European Cosplay Gathering? Then go for it!<\/p>\n\n\n\n<div class=\"wp-block-buttons is-content-justification-center is-layout-flex wp-container-core-buttons-is-layout-16018d1d wp-block-buttons-is-layout-flex\">\n<div class=\"wp-block-button has-custom-width wp-block-button__width-50\"><a class=\"wp-block-button__link wp-element-button\" href=\"https:\/\/pyrkon.pl\/en\/the-winners-of-recent-editions-of-the-masquerade\/\">Winners of Previous Masquerade<\/a><\/div>\n<\/div>\n\n\n\n<p>And if you\u2019d like to see what the previous editions of the Masquerade looked like, we\u2019ve got recordings for you below!<\/p>\n\n\n\n<div class=\"wp-block-columns is-layout-flex wp-container-core-columns-is-layout-9d6595d7 wp-block-columns-is-layout-flex\">\n<div class=\"wp-block-column is-layout-flow wp-block-column-is-layout-flow\">\n<figure class=\"wp-block-embed is-type-video is-provider-youtube wp-block-embed-youtube wp-embed-aspect-16-9 wp-has-aspect-ratio\"><div class=\"wp-block-embed__wrapper\">\n<div class=\"c-embed c-embed--video\" style=\"height: 100%;\"><iframe loading=\"lazy\" title=\"MASKARADA 2025 | Najwa\u017cniejszy KONKURS COSPLAY | Pyrkon 2025\" width=\"500\" height=\"281\" src=\"https:\/\/www.youtube.com\/embed\/fIj7ZtRBigc?feature=oembed\" frameborder=\"0\" allow=\"accelerometer; autoplay; clipboard-write; encrypted-media; gyroscope; picture-in-picture; web-share\" referrerpolicy=\"strict-origin-when-cross-origin\" allowfullscreen><\/iframe><\/div>\n<\/div><\/figure>\n<\/div>\n\n\n\n<div class=\"wp-block-column is-layout-flow wp-block-column-is-layout-flow\">\n<figure class=\"wp-block-embed is-type-video is-provider-vimeo wp-block-embed-vimeo wp-embed-aspect-16-9 wp-has-aspect-ratio\"><div class=\"wp-block-embed__wrapper\">\n<div class=\"c-embed c-embed--video\" style=\"height: 100%;\"><iframe loading=\"lazy\" title=\"Maskarada 2019\" src=\"https:\/\/player.vimeo.com\/video\/337834603?dnt=1&amp;app_id=122963\" width=\"500\" height=\"281\" frameborder=\"0\" allow=\"autoplay; fullscreen; picture-in-picture; clipboard-write; encrypted-media; web-share\" referrerpolicy=\"strict-origin-when-cross-origin\"><\/iframe><\/div>\n<\/div><\/figure>\n<\/div>\n\n\n\n<div class=\"wp-block-column is-layout-flow wp-block-column-is-layout-flow\">\n<figure class=\"wp-block-embed is-type-video is-provider-youtube wp-block-embed-youtube wp-embed-aspect-16-9 wp-has-aspect-ratio\"><div class=\"wp-block-embed__wrapper\">\n<div class=\"c-embed c-embed--video\" style=\"height: 100%;\"><iframe loading=\"lazy\" title=\"Maskarada Pyrkon 2018\" width=\"500\" height=\"281\" src=\"https:\/\/www.youtube.com\/embed\/y9oyvjEzV-Q?feature=oembed\" frameborder=\"0\" allow=\"accelerometer; autoplay; clipboard-write; encrypted-media; gyroscope; picture-in-picture; web-share\" referrerpolicy=\"strict-origin-when-cross-origin\" allowfullscreen><\/iframe><\/div>\n<\/div><\/figure>\n<\/div>\n<\/div>\n","protected":false},"excerpt":{"rendered":"<p>On Saturday in the Earth Hall \u2013 the headline of the Convention \u2013 The Masquerade, a beautiful show with qualifiers for Extreme Cosplay Gathering World Championship with the finals in Paris! Come and see, or better yet, come and compete!<\/p>\n","protected":false},"author":2763,"featured_media":0,"parent":0,"menu_order":0,"comment_status":"closed","ping_status":"closed","template":"","meta":{"_acf_changed":false,"footnotes":""},"pyr_topics":[],"class_list":["post-52356","page","type-page","status-publish","hentry"],"acf":[],"yoast_head":"<!-- This site is optimized with the Yoast SEO Premium plugin v25.9 (Yoast SEO v25.9) - https:\/\/yoast.com\/wordpress\/plugins\/seo\/ -->\n<title>The Masquerade &#8902; Pyrkon Fantastyczne Miejsce Spotka\u0144<\/title>\n<meta name=\"description\" content=\"Pyrkon to przede wszystkim ludzie \u2013 fani fantastyki, tw\u00f3rcy, producenci, wystawcy i\u2026 Ty, poniewa\u017c Pyrkon to fantastyczne miejsce spotka\u0144. Spotkaj dziesi\u0105tki tysi\u0119cy niesamowitych ludzi, kt\u00f3rzy dziel\u0105 to samo hobby, co Ty! Podobnie do nich wr\u00f3cisz z fantastycznymi wspomnieniami do ko\u0144ca \u017cycia! Do\u0142\u0105cz do nas ju\u017c teraz!\" \/>\n<meta name=\"robots\" content=\"index, follow, max-snippet:-1, max-image-preview:large, max-video-preview:-1\" \/>\n<link rel=\"canonical\" href=\"https:\/\/pyrkon.pl\/en\/the-masquerade-2\/\" \/>\n<meta property=\"og:locale\" content=\"en_US\" \/>\n<meta property=\"og:type\" content=\"article\" \/>\n<meta property=\"og:title\" content=\"The Masquerade\" \/>\n<meta property=\"og:description\" content=\"Pyrkon to przede wszystkim ludzie \u2013 fani fantastyki, tw\u00f3rcy, producenci, wystawcy i\u2026 Ty, poniewa\u017c Pyrkon to fantastyczne miejsce spotka\u0144. Spotkaj dziesi\u0105tki tysi\u0119cy niesamowitych ludzi, kt\u00f3rzy dziel\u0105 to samo hobby, co Ty! Podobnie do nich wr\u00f3cisz z fantastycznymi wspomnieniami do ko\u0144ca \u017cycia! Do\u0142\u0105cz do nas ju\u017c teraz!\" \/>\n<meta property=\"og:url\" content=\"https:\/\/pyrkon.pl\/en\/the-masquerade-2\/\" \/>\n<meta property=\"og:site_name\" content=\"Pyrkon Fantastyczne Miejsce Spotka\u0144\" \/>\n<meta property=\"article:publisher\" content=\"https:\/\/www.facebook.com\/Pyrkon\" \/>\n<meta property=\"article:modified_time\" content=\"2026-05-05T22:41:40+00:00\" \/>\n<meta property=\"og:image\" content=\"https:\/\/pyrkon.pl\/wp-content\/uploads\/2023\/05\/maskarada-1.png\" \/>\n\t<meta property=\"og:image:width\" content=\"879\" \/>\n\t<meta property=\"og:image:height\" content=\"334\" \/>\n\t<meta property=\"og:image:type\" content=\"image\/png\" \/>\n<meta name=\"twitter:card\" content=\"summary_large_image\" \/>\n<meta name=\"twitter:site\" content=\"@pyrkon\" \/>\n<meta name=\"twitter:label1\" content=\"Est. reading time\" \/>\n\t<meta name=\"twitter:data1\" content=\"5 minutes\" \/>\n<script type=\"application\/ld+json\" class=\"yoast-schema-graph\">{\"@context\":\"https:\/\/schema.org\",\"@graph\":[{\"@type\":\"WebPage\",\"@id\":\"https:\/\/pyrkon.pl\/en\/the-masquerade-2\/\",\"url\":\"https:\/\/pyrkon.pl\/en\/the-masquerade-2\/\",\"name\":\"The Masquerade &#8902; Pyrkon Fantastyczne Miejsce Spotka\u0144\",\"isPartOf\":{\"@id\":\"https:\/\/pyrkon.pl\/#website\"},\"primaryImageOfPage\":{\"@id\":\"https:\/\/pyrkon.pl\/en\/the-masquerade-2\/#primaryimage\"},\"image\":{\"@id\":\"https:\/\/pyrkon.pl\/en\/the-masquerade-2\/#primaryimage\"},\"thumbnailUrl\":\"https:\/\/pyrkon.pl\/wp-content\/uploads\/2023\/05\/maskarada-1.png\",\"datePublished\":\"2026-05-05T22:04:18+00:00\",\"dateModified\":\"2026-05-05T22:41:40+00:00\",\"description\":\"Pyrkon to przede wszystkim ludzie \u2013 fani fantastyki, tw\u00f3rcy, producenci, wystawcy i\u2026 Ty, poniewa\u017c Pyrkon to fantastyczne miejsce spotka\u0144. Spotkaj dziesi\u0105tki tysi\u0119cy niesamowitych ludzi, kt\u00f3rzy dziel\u0105 to samo hobby, co Ty! Podobnie do nich wr\u00f3cisz z fantastycznymi wspomnieniami do ko\u0144ca \u017cycia! Do\u0142\u0105cz do nas ju\u017c teraz!\",\"breadcrumb\":{\"@id\":\"https:\/\/pyrkon.pl\/en\/the-masquerade-2\/#breadcrumb\"},\"inLanguage\":\"en-US\",\"potentialAction\":[{\"@type\":\"ReadAction\",\"target\":[\"https:\/\/pyrkon.pl\/en\/the-masquerade-2\/\"]}]},{\"@type\":\"ImageObject\",\"inLanguage\":\"en-US\",\"@id\":\"https:\/\/pyrkon.pl\/en\/the-masquerade-2\/#primaryimage\",\"url\":\"https:\/\/pyrkon.pl\/wp-content\/uploads\/2023\/05\/maskarada-1.png\",\"contentUrl\":\"https:\/\/pyrkon.pl\/wp-content\/uploads\/2023\/05\/maskarada-1.png\"},{\"@type\":\"BreadcrumbList\",\"@id\":\"https:\/\/pyrkon.pl\/en\/the-masquerade-2\/#breadcrumb\",\"itemListElement\":[{\"@type\":\"ListItem\",\"position\":1,\"name\":\"Strona g\u0142\u00f3wna\",\"item\":\"https:\/\/pyrkon.pl\/en\/\"},{\"@type\":\"ListItem\",\"position\":2,\"name\":\"The Masquerade\"}]},{\"@type\":\"WebSite\",\"@id\":\"https:\/\/pyrkon.pl\/#website\",\"url\":\"https:\/\/pyrkon.pl\/\",\"name\":\"Pyrkon Fantastyczne Miejsce Spotka\u0144\",\"description\":\"Festiwal Fantastyki\",\"publisher\":{\"@id\":\"https:\/\/pyrkon.pl\/#organization\"},\"potentialAction\":[{\"@type\":\"SearchAction\",\"target\":{\"@type\":\"EntryPoint\",\"urlTemplate\":\"https:\/\/pyrkon.pl\/?s={search_term_string}\"},\"query-input\":{\"@type\":\"PropertyValueSpecification\",\"valueRequired\":true,\"valueName\":\"search_term_string\"}}],\"inLanguage\":\"en-US\"},{\"@type\":\"Organization\",\"@id\":\"https:\/\/pyrkon.pl\/#organization\",\"name\":\"Pyrkon Fantastyczne Miejsce Spotka\u0144\",\"url\":\"https:\/\/pyrkon.pl\/\",\"logo\":{\"@type\":\"ImageObject\",\"inLanguage\":\"en-US\",\"@id\":\"https:\/\/pyrkon.pl\/#\/schema\/logo\/image\/\",\"url\":\"https:\/\/pyrkon.pl\/wp-content\/uploads\/2018\/02\/Festiwal_Fantastyki_Pyrkon_logo_Black_CMYK.jpg\",\"contentUrl\":\"https:\/\/pyrkon.pl\/wp-content\/uploads\/2018\/02\/Festiwal_Fantastyki_Pyrkon_logo_Black_CMYK.jpg\",\"width\":1300,\"height\":401,\"caption\":\"Pyrkon Fantastyczne Miejsce Spotka\u0144\"},\"image\":{\"@id\":\"https:\/\/pyrkon.pl\/#\/schema\/logo\/image\/\"},\"sameAs\":[\"https:\/\/www.facebook.com\/Pyrkon\",\"https:\/\/x.com\/pyrkon\",\"https:\/\/www.instagram.com\/pyrkon\/\",\"https:\/\/www.youtube.com\/user\/FestiwalPyrkon\"]}]}<\/script>\n<!-- \/ Yoast SEO Premium plugin. -->","yoast_head_json":{"title":"The Masquerade &#8902; Pyrkon Fantastyczne Miejsce Spotka\u0144","description":"Pyrkon to przede wszystkim ludzie \u2013 fani fantastyki, tw\u00f3rcy, producenci, wystawcy i\u2026 Ty, poniewa\u017c Pyrkon to fantastyczne miejsce spotka\u0144. Spotkaj dziesi\u0105tki tysi\u0119cy niesamowitych ludzi, kt\u00f3rzy dziel\u0105 to samo hobby, co Ty! Podobnie do nich wr\u00f3cisz z fantastycznymi wspomnieniami do ko\u0144ca \u017cycia! Do\u0142\u0105cz do nas ju\u017c teraz!","robots":{"index":"index","follow":"follow","max-snippet":"max-snippet:-1","max-image-preview":"max-image-preview:large","max-video-preview":"max-video-preview:-1"},"canonical":"https:\/\/pyrkon.pl\/en\/the-masquerade-2\/","og_locale":"en_US","og_type":"article","og_title":"The Masquerade","og_description":"Pyrkon to przede wszystkim ludzie \u2013 fani fantastyki, tw\u00f3rcy, producenci, wystawcy i\u2026 Ty, poniewa\u017c Pyrkon to fantastyczne miejsce spotka\u0144. Spotkaj dziesi\u0105tki tysi\u0119cy niesamowitych ludzi, kt\u00f3rzy dziel\u0105 to samo hobby, co Ty! Podobnie do nich wr\u00f3cisz z fantastycznymi wspomnieniami do ko\u0144ca \u017cycia! Do\u0142\u0105cz do nas ju\u017c teraz!","og_url":"https:\/\/pyrkon.pl\/en\/the-masquerade-2\/","og_site_name":"Pyrkon Fantastyczne Miejsce Spotka\u0144","article_publisher":"https:\/\/www.facebook.com\/Pyrkon","article_modified_time":"2026-05-05T22:41:40+00:00","og_image":[{"width":879,"height":334,"url":"https:\/\/pyrkon.pl\/wp-content\/uploads\/2023\/05\/maskarada-1.png","type":"image\/png"}],"twitter_card":"summary_large_image","twitter_site":"@pyrkon","twitter_misc":{"Est. reading time":"5 minutes"},"schema":{"@context":"https:\/\/schema.org","@graph":[{"@type":"WebPage","@id":"https:\/\/pyrkon.pl\/en\/the-masquerade-2\/","url":"https:\/\/pyrkon.pl\/en\/the-masquerade-2\/","name":"The Masquerade &#8902; Pyrkon Fantastyczne Miejsce Spotka\u0144","isPartOf":{"@id":"https:\/\/pyrkon.pl\/#website"},"primaryImageOfPage":{"@id":"https:\/\/pyrkon.pl\/en\/the-masquerade-2\/#primaryimage"},"image":{"@id":"https:\/\/pyrkon.pl\/en\/the-masquerade-2\/#primaryimage"},"thumbnailUrl":"https:\/\/pyrkon.pl\/wp-content\/uploads\/2023\/05\/maskarada-1.png","datePublished":"2026-05-05T22:04:18+00:00","dateModified":"2026-05-05T22:41:40+00:00","description":"Pyrkon to przede wszystkim ludzie \u2013 fani fantastyki, tw\u00f3rcy, producenci, wystawcy i\u2026 Ty, poniewa\u017c Pyrkon to fantastyczne miejsce spotka\u0144. Spotkaj dziesi\u0105tki tysi\u0119cy niesamowitych ludzi, kt\u00f3rzy dziel\u0105 to samo hobby, co Ty! Podobnie do nich wr\u00f3cisz z fantastycznymi wspomnieniami do ko\u0144ca \u017cycia! Do\u0142\u0105cz do nas ju\u017c teraz!","breadcrumb":{"@id":"https:\/\/pyrkon.pl\/en\/the-masquerade-2\/#breadcrumb"},"inLanguage":"en-US","potentialAction":[{"@type":"ReadAction","target":["https:\/\/pyrkon.pl\/en\/the-masquerade-2\/"]}]},{"@type":"ImageObject","inLanguage":"en-US","@id":"https:\/\/pyrkon.pl\/en\/the-masquerade-2\/#primaryimage","url":"https:\/\/pyrkon.pl\/wp-content\/uploads\/2023\/05\/maskarada-1.png","contentUrl":"https:\/\/pyrkon.pl\/wp-content\/uploads\/2023\/05\/maskarada-1.png"},{"@type":"BreadcrumbList","@id":"https:\/\/pyrkon.pl\/en\/the-masquerade-2\/#breadcrumb","itemListElement":[{"@type":"ListItem","position":1,"name":"Strona g\u0142\u00f3wna","item":"https:\/\/pyrkon.pl\/en\/"},{"@type":"ListItem","position":2,"name":"The Masquerade"}]},{"@type":"WebSite","@id":"https:\/\/pyrkon.pl\/#website","url":"https:\/\/pyrkon.pl\/","name":"Pyrkon Fantastyczne Miejsce Spotka\u0144","description":"Festiwal Fantastyki","publisher":{"@id":"https:\/\/pyrkon.pl\/#organization"},"potentialAction":[{"@type":"SearchAction","target":{"@type":"EntryPoint","urlTemplate":"https:\/\/pyrkon.pl\/?s={search_term_string}"},"query-input":{"@type":"PropertyValueSpecification","valueRequired":true,"valueName":"search_term_string"}}],"inLanguage":"en-US"},{"@type":"Organization","@id":"https:\/\/pyrkon.pl\/#organization","name":"Pyrkon Fantastyczne Miejsce Spotka\u0144","url":"https:\/\/pyrkon.pl\/","logo":{"@type":"ImageObject","inLanguage":"en-US","@id":"https:\/\/pyrkon.pl\/#\/schema\/logo\/image\/","url":"https:\/\/pyrkon.pl\/wp-content\/uploads\/2018\/02\/Festiwal_Fantastyki_Pyrkon_logo_Black_CMYK.jpg","contentUrl":"https:\/\/pyrkon.pl\/wp-content\/uploads\/2018\/02\/Festiwal_Fantastyki_Pyrkon_logo_Black_CMYK.jpg","width":1300,"height":401,"caption":"Pyrkon Fantastyczne Miejsce Spotka\u0144"},"image":{"@id":"https:\/\/pyrkon.pl\/#\/schema\/logo\/image\/"},"sameAs":["https:\/\/www.facebook.com\/Pyrkon","https:\/\/x.com\/pyrkon","https:\/\/www.instagram.com\/pyrkon\/","https:\/\/www.youtube.com\/user\/FestiwalPyrkon"]}]}},"_links":{"self":[{"href":"https:\/\/pyrkon.pl\/en\/wp-json\/wp\/v2\/pages\/52356","targetHints":{"allow":["GET"]}}],"collection":[{"href":"https:\/\/pyrkon.pl\/en\/wp-json\/wp\/v2\/pages"}],"about":[{"href":"https:\/\/pyrkon.pl\/en\/wp-json\/wp\/v2\/types\/page"}],"author":[{"embeddable":true,"href":"https:\/\/pyrkon.pl\/en\/wp-json\/wp\/v2\/users\/2763"}],"replies":[{"embeddable":true,"href":"https:\/\/pyrkon.pl\/en\/wp-json\/wp\/v2\/comments?post=52356"}],"version-history":[{"count":2,"href":"https:\/\/pyrkon.pl\/en\/wp-json\/wp\/v2\/pages\/52356\/revisions"}],"predecessor-version":[{"id":52370,"href":"https:\/\/pyrkon.pl\/en\/wp-json\/wp\/v2\/pages\/52356\/revisions\/52370"}],"wp:attachment":[{"href":"https:\/\/pyrkon.pl\/en\/wp-json\/wp\/v2\/media?parent=52356"}],"wp:term":[{"taxonomy":"pyr_topics","embeddable":true,"href":"https:\/\/pyrkon.pl\/en\/wp-json\/wp\/v2\/pyr_topics?post=52356"}],"curies":[{"name":"wp","href":"https:\/\/api.w.org\/{rel}","templated":true}]}}