{"id":52358,"date":"2026-05-06T00:17:47","date_gmt":"2026-05-05T22:17:47","guid":{"rendered":"https:\/\/pyrkon.pl\/?page_id=52358"},"modified":"2026-05-06T00:42:50","modified_gmt":"2026-05-05T22:42:50","slug":"the-own-design-competition","status":"publish","type":"page","link":"https:\/\/pyrkon.pl\/en\/the-own-design-competition\/","title":{"rendered":"The Own Design Competition"},"content":{"rendered":"\n<p><strong>A contest for creators of fantastic costumes that may or may not be cosplay!<\/strong><\/p>\n\n\n\n<!--more-->\n\n\n\n<div class=\"b-link-pills\">\n  <div class=\"b-link-pills__label\">\n    Na skr\u00f3ty:\n  <\/div>\n\n  <div class=\"js-pills-items b-link-pills__items-container b-link-pills__item-color-variant--violet\" data-scroll-mode=\"1\">\n                                            \n  <a href=\"https:\/\/pyrkon.pl\/en\/pyrkon-guests\/\" class=\"c-btn c-btn--aqua\" target=\"_self\">\n  Guests\n  <\/a>\n                                        \n  <a href=\"https:\/\/pyrkon.pl\/en\/program-sections\/\" class=\"c-btn c-btn--aqua\" target=\"_self\">\n  Program Sections\n  <\/a>\n                                        \n  <a href=\"https:\/\/pyrkon.pl\/en\/tematyka\/cosplay-zone\/\" class=\"c-btn c-btn--aqua\" target=\"_self\">\n  Cosplay Zone\n  <\/a>\n                                        \n  <a href=\"https:\/\/pyrkon.pl\/en\/the-masquerade-2\/\" class=\"c-btn c-btn--aqua\" target=\"_self\">\n  The Masquerade\n  <\/a>\n                                        \n  <a href=\"https:\/\/pyrkon.pl\/en\/pyrkon-photo-cosplay\/\" class=\"c-btn c-btn--aqua\" target=\"_self\">\n  Pyrkon Photo Cosplay\n  <\/a>\n            <\/div>\n<\/div>\n\n\n<p>The Own Design Competition is a competition for creators of all those phenomenal costumes that may, but don\u2019t have to, be cosplay! Do you create your own outfits and portray characters of your choice? Are you inspired by books, films, or other works of pop culture? Or perhaps you design costumes based on your own original ideas? The Original Design Contest is just for you!<\/p>\n\n\n\n<p class=\"has-text-align-center\"><strong>We are accepting your submissions until June 1, 2026 (Monday), 11:59 PM.<\/strong><\/p>\n\n\n\n<div class=\"wp-block-buttons is-layout-flex wp-block-buttons-is-layout-flex\">\n<div class=\"wp-block-button\"><a class=\"wp-block-button__link wp-element-button\" href=\"https:\/\/short.pyrkon.pl\/projektwlasny26\">Registration for The Own Design Competition (PL ONLY!)<\/a><\/div>\n\n\n\n<div class=\"wp-block-button\"><a class=\"wp-block-button__link wp-element-button\" href=\"https:\/\/pyrkon.pl\/en\/rules-and-regulations-of-the-pyrkon-fan-convention-own-design-competition\/\">RULES AND REGULATIONS OF THE  OWN DESIGN COMPETITION (PL ONLY!)<\/a><\/div>\n<\/div>\n\n\n\n<div class=\"wp-block-buttons is-content-justification-center is-layout-flex wp-container-core-buttons-is-layout-16018d1d wp-block-buttons-is-layout-flex\">\n<div class=\"wp-block-button has-custom-width wp-block-button__width-75\"><a class=\"wp-block-button__link wp-element-button\" href=\"https:\/\/pyrkon.pl\/wp-content\/uploads\/2026\/05\/Zgoda-rodzica-Projekt-Wlasny-2026.pdf\">CARER\u2019S CONSENT (PL ONLY!)<\/a><\/div>\n<\/div>\n\n\n\n<p>Costume designers participating in the competition should present a self-made costume in one of two categories:<\/p>\n\n\n\n<p><strong>The jury\u2019s special prizes<\/strong>&nbsp;are 3 equal prizes, PLN 500 each. They will be awarded based on an individual decision of the juror whose name they bear, and are aimed at distinguishing participants whose works have interesting details, an innovative or creative approach to techniques, project coherence or other noteworthy elements worth emphasizing. The prizes in this category are:<br>\ud83c\udfc6<strong>&nbsp;Anhyra\u2019s award \u2013 PLN 500<br><\/strong>\ud83c\udfc6<strong>&nbsp;Bisz\u2019s award \u2013 PLN 500<br><\/strong>\ud83c\udfc6<strong>&nbsp;Kuba Dobrenko\u2019s award \u2013 PLN 500<\/strong><\/p>\n\n\n\n<p><strong>The \u201cBest Costume Based on Fanart\u201d&nbsp;category<\/strong>, where the made costume is created as a representation of an already existing, graphic vision by another artist (e.g. character fanarts in versions other than the original ones, animal humanizations, combinations of characters from different universes, etc.) The prize in this category is:<br>\ud83c\udfc6&nbsp;<strong>1st place \u2013 PLN 2,000<br><\/strong>\ud83c\udfc6&nbsp;<strong>2nd place \u2013 PLN 1,500<\/strong><\/p>\n\n\n\n<p><strong>The \u201cBest Original Costume\u201d category,<\/strong>&nbsp;where the costume is made as a reproduction of the participant\u2019s own design of a character developed by the person making the costume. The reference may be in graphic or literary form, provided that the author of the costume created it personally. The prize in this category is:<br>\ud83c\udfc6&nbsp;<strong>1st place \u2013 PLN 2,000<br>\ud83c\udfc6<\/strong>&nbsp;<strong>2nd place \u2013 PLN 1,500<\/strong><\/p>\n\n\n\n<p>Presentations can take place by walking along the catwalk or presenting a prepared scene. The course of the event, step by step, can be found in the rules and regulations.<\/p>\n\n\n\n<p>Presentations can take place by walking along the catwalk or presenting a prepared scene. The course of the event, step by step, can be found in the rules and regulations.<\/p>\n\n\n\n<h2 class=\"wp-block-heading\" id=\"h-the-own-design-competition-jury\">The Own Design Competition jury: <\/h2>\n\n\n\n<div class=\"wp-block-columns is-layout-flex wp-container-core-columns-is-layout-9d6595d7 wp-block-columns-is-layout-flex\">\n<div class=\"wp-block-column is-layout-flow wp-block-column-is-layout-flow\">\n<figure class=\"wp-block-image size-large\"><a href=\"https:\/\/www.instagram.com\/nadyasonika\/\"><img loading=\"lazy\" decoding=\"async\" width=\"1330\" height=\"887\" src=\"https:\/\/pyrkon.pl\/wp-content\/uploads\/2026\/03\/peach_52989975295_o-1330x887.jpg\" alt=\"\" class=\"wp-image-51079\" srcset=\"https:\/\/pyrkon.pl\/wp-content\/uploads\/2026\/03\/peach_52989975295_o-1330x887.jpg 1330w, https:\/\/pyrkon.pl\/wp-content\/uploads\/2026\/03\/peach_52989975295_o-300x200.jpg 300w, https:\/\/pyrkon.pl\/wp-content\/uploads\/2026\/03\/peach_52989975295_o-768x512.jpg 768w, https:\/\/pyrkon.pl\/wp-content\/uploads\/2026\/03\/peach_52989975295_o-1536x1025.jpg 1536w, https:\/\/pyrkon.pl\/wp-content\/uploads\/2026\/03\/peach_52989975295_o-scaled.jpg 2048w\" sizes=\"auto, (max-width: 1330px) 100vw, 1330px\" \/><\/a><figcaption class=\"wp-element-caption\">Jury: Nadyasonika &#8211; <a href=\"https:\/\/www.instagram.com\/nadyasonika\/\">Instagram<\/a><\/figcaption><\/figure>\n<\/div>\n\n\n\n<div class=\"wp-block-column is-layout-flow wp-block-column-is-layout-flow\">\n<figure class=\"wp-block-image size-large\"><img loading=\"lazy\" decoding=\"async\" width=\"1330\" height=\"887\" src=\"https:\/\/pyrkon.pl\/wp-content\/uploads\/2026\/05\/Kuba-Dobrenko-1330x887.jpg\" alt=\"\" class=\"wp-image-52236\" srcset=\"https:\/\/pyrkon.pl\/wp-content\/uploads\/2026\/05\/Kuba-Dobrenko-1330x887.jpg 1330w, https:\/\/pyrkon.pl\/wp-content\/uploads\/2026\/05\/Kuba-Dobrenko-300x200.jpg 300w, https:\/\/pyrkon.pl\/wp-content\/uploads\/2026\/05\/Kuba-Dobrenko-768x512.jpg 768w, https:\/\/pyrkon.pl\/wp-content\/uploads\/2026\/05\/Kuba-Dobrenko-1536x1025.jpg 1536w, https:\/\/pyrkon.pl\/wp-content\/uploads\/2026\/05\/Kuba-Dobrenko.jpg 2048w\" sizes=\"auto, (max-width: 1330px) 100vw, 1330px\" \/><figcaption class=\"wp-element-caption\">Jury: Kuba Dobrenko \u0141agunionok &#8211; <a href=\"https:\/\/www.facebook.com\/oakstall\">Facebook<\/a><\/figcaption><\/figure>\n<\/div>\n\n\n\n<div class=\"wp-block-column is-layout-flow wp-block-column-is-layout-flow\">\n<figure class=\"wp-block-image size-large\"><img loading=\"lazy\" decoding=\"async\" width=\"1330\" height=\"887\" src=\"https:\/\/pyrkon.pl\/wp-content\/uploads\/2026\/05\/ayo-1330x887.jpg\" alt=\"\" class=\"wp-image-52239\" srcset=\"https:\/\/pyrkon.pl\/wp-content\/uploads\/2026\/05\/ayo-1330x887.jpg 1330w, https:\/\/pyrkon.pl\/wp-content\/uploads\/2026\/05\/ayo-300x200.jpg 300w, https:\/\/pyrkon.pl\/wp-content\/uploads\/2026\/05\/ayo-768x512.jpg 768w, https:\/\/pyrkon.pl\/wp-content\/uploads\/2026\/05\/ayo-1536x1025.jpg 1536w, https:\/\/pyrkon.pl\/wp-content\/uploads\/2026\/05\/ayo.jpg 2048w\" sizes=\"auto, (max-width: 1330px) 100vw, 1330px\" \/><figcaption class=\"wp-element-caption\">Jury: Ayo &#8211; <a href=\"https:\/\/www.instagram.com\/ayo_ntko\/\">Instagram<\/a><\/figcaption><\/figure>\n<\/div>\n<\/div>\n\n\n\n<h2 class=\"wp-block-heading\" id=\"h-winners-of-previous-editions-of-the-own-design-competition\"><strong>Winners of Previous Editions of the Own Design Competition<\/strong><\/h2>\n\n\n\n<p>If you\u2019re curious who won the previous editions of the Original Design Contest, below we present the costumes of past winners. See for yourselves how stunning and vibrant these outfits are!<\/p>\n\n\n\n<div class=\"wp-block-buttons is-content-justification-center is-layout-flex wp-container-core-buttons-is-layout-16018d1d wp-block-buttons-is-layout-flex\">\n<div class=\"wp-block-button has-custom-width wp-block-button__width-75\"><a class=\"wp-block-button__link wp-element-button\" href=\"https:\/\/pyrkon.pl\/en\/the-winners-of-recent-editions-of-the-masquerade\/\">Winners of Previous Editions of the Own Design Competition<\/a><\/div>\n<\/div>\n","protected":false},"excerpt":{"rendered":"<p>A contest for creators of fantastic costumes that may or may not be cosplay!<\/p>\n","protected":false},"author":2763,"featured_media":0,"parent":0,"menu_order":0,"comment_status":"closed","ping_status":"closed","template":"","meta":{"_acf_changed":false,"footnotes":""},"pyr_topics":[],"class_list":["post-52358","page","type-page","status-publish","hentry"],"acf":[],"yoast_head":"<!-- This site is optimized with the Yoast SEO Premium plugin v25.9 (Yoast SEO v25.9) - https:\/\/yoast.com\/wordpress\/plugins\/seo\/ -->\n<title>The Own Design Competition &#8902; Pyrkon Fantastyczne Miejsce Spotka\u0144<\/title>\n<meta name=\"description\" content=\"Pyrkon to przede wszystkim ludzie \u2013 fani fantastyki, tw\u00f3rcy, producenci, wystawcy i\u2026 Ty, poniewa\u017c Pyrkon to fantastyczne miejsce spotka\u0144. Spotkaj dziesi\u0105tki tysi\u0119cy niesamowitych ludzi, kt\u00f3rzy dziel\u0105 to samo hobby, co Ty! Podobnie do nich wr\u00f3cisz z fantastycznymi wspomnieniami do ko\u0144ca \u017cycia! Do\u0142\u0105cz do nas ju\u017c teraz!\" \/>\n<meta name=\"robots\" content=\"index, follow, max-snippet:-1, max-image-preview:large, max-video-preview:-1\" \/>\n<link rel=\"canonical\" href=\"https:\/\/pyrkon.pl\/en\/the-own-design-competition\/\" \/>\n<meta property=\"og:locale\" content=\"en_US\" \/>\n<meta property=\"og:type\" content=\"article\" \/>\n<meta property=\"og:title\" content=\"The Own Design Competition\" \/>\n<meta property=\"og:description\" content=\"Pyrkon to przede wszystkim ludzie \u2013 fani fantastyki, tw\u00f3rcy, producenci, wystawcy i\u2026 Ty, poniewa\u017c Pyrkon to fantastyczne miejsce spotka\u0144. Spotkaj dziesi\u0105tki tysi\u0119cy niesamowitych ludzi, kt\u00f3rzy dziel\u0105 to samo hobby, co Ty! Podobnie do nich wr\u00f3cisz z fantastycznymi wspomnieniami do ko\u0144ca \u017cycia! Do\u0142\u0105cz do nas ju\u017c teraz!\" \/>\n<meta property=\"og:url\" content=\"https:\/\/pyrkon.pl\/en\/the-own-design-competition\/\" \/>\n<meta property=\"og:site_name\" content=\"Pyrkon Fantastyczne Miejsce Spotka\u0144\" \/>\n<meta property=\"article:publisher\" content=\"https:\/\/www.facebook.com\/Pyrkon\" \/>\n<meta property=\"article:modified_time\" content=\"2026-05-05T22:42:50+00:00\" \/>\n<meta property=\"og:image\" content=\"https:\/\/pyrkon.pl\/wp-content\/uploads\/2026\/03\/peach_52989975295_o-scaled.jpg\" \/>\n\t<meta property=\"og:image:width\" content=\"2048\" \/>\n\t<meta property=\"og:image:height\" content=\"1366\" \/>\n\t<meta property=\"og:image:type\" content=\"image\/jpeg\" \/>\n<meta name=\"twitter:card\" content=\"summary_large_image\" \/>\n<meta name=\"twitter:site\" content=\"@pyrkon\" \/>\n<meta name=\"twitter:label1\" content=\"Est. reading time\" \/>\n\t<meta name=\"twitter:data1\" content=\"4 minutes\" \/>\n<script type=\"application\/ld+json\" class=\"yoast-schema-graph\">{\"@context\":\"https:\/\/schema.org\",\"@graph\":[{\"@type\":\"WebPage\",\"@id\":\"https:\/\/pyrkon.pl\/en\/the-own-design-competition\/\",\"url\":\"https:\/\/pyrkon.pl\/en\/the-own-design-competition\/\",\"name\":\"The Own Design Competition &#8902; Pyrkon Fantastyczne Miejsce Spotka\u0144\",\"isPartOf\":{\"@id\":\"https:\/\/pyrkon.pl\/#website\"},\"primaryImageOfPage\":{\"@id\":\"https:\/\/pyrkon.pl\/en\/the-own-design-competition\/#primaryimage\"},\"image\":{\"@id\":\"https:\/\/pyrkon.pl\/en\/the-own-design-competition\/#primaryimage\"},\"thumbnailUrl\":\"https:\/\/pyrkon.pl\/wp-content\/uploads\/2026\/03\/peach_52989975295_o-1330x887.jpg\",\"datePublished\":\"2026-05-05T22:17:47+00:00\",\"dateModified\":\"2026-05-05T22:42:50+00:00\",\"description\":\"Pyrkon to przede wszystkim ludzie \u2013 fani fantastyki, tw\u00f3rcy, producenci, wystawcy i\u2026 Ty, poniewa\u017c Pyrkon to fantastyczne miejsce spotka\u0144. Spotkaj dziesi\u0105tki tysi\u0119cy niesamowitych ludzi, kt\u00f3rzy dziel\u0105 to samo hobby, co Ty! Podobnie do nich wr\u00f3cisz z fantastycznymi wspomnieniami do ko\u0144ca \u017cycia! Do\u0142\u0105cz do nas ju\u017c teraz!\",\"breadcrumb\":{\"@id\":\"https:\/\/pyrkon.pl\/en\/the-own-design-competition\/#breadcrumb\"},\"inLanguage\":\"en-US\",\"potentialAction\":[{\"@type\":\"ReadAction\",\"target\":[\"https:\/\/pyrkon.pl\/en\/the-own-design-competition\/\"]}]},{\"@type\":\"ImageObject\",\"inLanguage\":\"en-US\",\"@id\":\"https:\/\/pyrkon.pl\/en\/the-own-design-competition\/#primaryimage\",\"url\":\"https:\/\/pyrkon.pl\/wp-content\/uploads\/2026\/03\/peach_52989975295_o-1330x887.jpg\",\"contentUrl\":\"https:\/\/pyrkon.pl\/wp-content\/uploads\/2026\/03\/peach_52989975295_o-1330x887.jpg\"},{\"@type\":\"BreadcrumbList\",\"@id\":\"https:\/\/pyrkon.pl\/en\/the-own-design-competition\/#breadcrumb\",\"itemListElement\":[{\"@type\":\"ListItem\",\"position\":1,\"name\":\"Strona g\u0142\u00f3wna\",\"item\":\"https:\/\/pyrkon.pl\/en\/\"},{\"@type\":\"ListItem\",\"position\":2,\"name\":\"The Own Design Competition\"}]},{\"@type\":\"WebSite\",\"@id\":\"https:\/\/pyrkon.pl\/#website\",\"url\":\"https:\/\/pyrkon.pl\/\",\"name\":\"Pyrkon Fantastyczne Miejsce Spotka\u0144\",\"description\":\"Festiwal Fantastyki\",\"publisher\":{\"@id\":\"https:\/\/pyrkon.pl\/#organization\"},\"potentialAction\":[{\"@type\":\"SearchAction\",\"target\":{\"@type\":\"EntryPoint\",\"urlTemplate\":\"https:\/\/pyrkon.pl\/?s={search_term_string}\"},\"query-input\":{\"@type\":\"PropertyValueSpecification\",\"valueRequired\":true,\"valueName\":\"search_term_string\"}}],\"inLanguage\":\"en-US\"},{\"@type\":\"Organization\",\"@id\":\"https:\/\/pyrkon.pl\/#organization\",\"name\":\"Pyrkon Fantastyczne Miejsce Spotka\u0144\",\"url\":\"https:\/\/pyrkon.pl\/\",\"logo\":{\"@type\":\"ImageObject\",\"inLanguage\":\"en-US\",\"@id\":\"https:\/\/pyrkon.pl\/#\/schema\/logo\/image\/\",\"url\":\"https:\/\/pyrkon.pl\/wp-content\/uploads\/2018\/02\/Festiwal_Fantastyki_Pyrkon_logo_Black_CMYK.jpg\",\"contentUrl\":\"https:\/\/pyrkon.pl\/wp-content\/uploads\/2018\/02\/Festiwal_Fantastyki_Pyrkon_logo_Black_CMYK.jpg\",\"width\":1300,\"height\":401,\"caption\":\"Pyrkon Fantastyczne Miejsce Spotka\u0144\"},\"image\":{\"@id\":\"https:\/\/pyrkon.pl\/#\/schema\/logo\/image\/\"},\"sameAs\":[\"https:\/\/www.facebook.com\/Pyrkon\",\"https:\/\/x.com\/pyrkon\",\"https:\/\/www.instagram.com\/pyrkon\/\",\"https:\/\/www.youtube.com\/user\/FestiwalPyrkon\"]}]}<\/script>\n<!-- \/ Yoast SEO Premium plugin. -->","yoast_head_json":{"title":"The Own Design Competition &#8902; Pyrkon Fantastyczne Miejsce Spotka\u0144","description":"Pyrkon to przede wszystkim ludzie \u2013 fani fantastyki, tw\u00f3rcy, producenci, wystawcy i\u2026 Ty, poniewa\u017c Pyrkon to fantastyczne miejsce spotka\u0144. Spotkaj dziesi\u0105tki tysi\u0119cy niesamowitych ludzi, kt\u00f3rzy dziel\u0105 to samo hobby, co Ty! Podobnie do nich wr\u00f3cisz z fantastycznymi wspomnieniami do ko\u0144ca \u017cycia! Do\u0142\u0105cz do nas ju\u017c teraz!","robots":{"index":"index","follow":"follow","max-snippet":"max-snippet:-1","max-image-preview":"max-image-preview:large","max-video-preview":"max-video-preview:-1"},"canonical":"https:\/\/pyrkon.pl\/en\/the-own-design-competition\/","og_locale":"en_US","og_type":"article","og_title":"The Own Design Competition","og_description":"Pyrkon to przede wszystkim ludzie \u2013 fani fantastyki, tw\u00f3rcy, producenci, wystawcy i\u2026 Ty, poniewa\u017c Pyrkon to fantastyczne miejsce spotka\u0144. Spotkaj dziesi\u0105tki tysi\u0119cy niesamowitych ludzi, kt\u00f3rzy dziel\u0105 to samo hobby, co Ty! Podobnie do nich wr\u00f3cisz z fantastycznymi wspomnieniami do ko\u0144ca \u017cycia! Do\u0142\u0105cz do nas ju\u017c teraz!","og_url":"https:\/\/pyrkon.pl\/en\/the-own-design-competition\/","og_site_name":"Pyrkon Fantastyczne Miejsce Spotka\u0144","article_publisher":"https:\/\/www.facebook.com\/Pyrkon","article_modified_time":"2026-05-05T22:42:50+00:00","og_image":[{"width":2048,"height":1366,"url":"https:\/\/pyrkon.pl\/wp-content\/uploads\/2026\/03\/peach_52989975295_o-scaled.jpg","type":"image\/jpeg"}],"twitter_card":"summary_large_image","twitter_site":"@pyrkon","twitter_misc":{"Est. reading time":"4 minutes"},"schema":{"@context":"https:\/\/schema.org","@graph":[{"@type":"WebPage","@id":"https:\/\/pyrkon.pl\/en\/the-own-design-competition\/","url":"https:\/\/pyrkon.pl\/en\/the-own-design-competition\/","name":"The Own Design Competition &#8902; Pyrkon Fantastyczne Miejsce Spotka\u0144","isPartOf":{"@id":"https:\/\/pyrkon.pl\/#website"},"primaryImageOfPage":{"@id":"https:\/\/pyrkon.pl\/en\/the-own-design-competition\/#primaryimage"},"image":{"@id":"https:\/\/pyrkon.pl\/en\/the-own-design-competition\/#primaryimage"},"thumbnailUrl":"https:\/\/pyrkon.pl\/wp-content\/uploads\/2026\/03\/peach_52989975295_o-1330x887.jpg","datePublished":"2026-05-05T22:17:47+00:00","dateModified":"2026-05-05T22:42:50+00:00","description":"Pyrkon to przede wszystkim ludzie \u2013 fani fantastyki, tw\u00f3rcy, producenci, wystawcy i\u2026 Ty, poniewa\u017c Pyrkon to fantastyczne miejsce spotka\u0144. Spotkaj dziesi\u0105tki tysi\u0119cy niesamowitych ludzi, kt\u00f3rzy dziel\u0105 to samo hobby, co Ty! Podobnie do nich wr\u00f3cisz z fantastycznymi wspomnieniami do ko\u0144ca \u017cycia! Do\u0142\u0105cz do nas ju\u017c teraz!","breadcrumb":{"@id":"https:\/\/pyrkon.pl\/en\/the-own-design-competition\/#breadcrumb"},"inLanguage":"en-US","potentialAction":[{"@type":"ReadAction","target":["https:\/\/pyrkon.pl\/en\/the-own-design-competition\/"]}]},{"@type":"ImageObject","inLanguage":"en-US","@id":"https:\/\/pyrkon.pl\/en\/the-own-design-competition\/#primaryimage","url":"https:\/\/pyrkon.pl\/wp-content\/uploads\/2026\/03\/peach_52989975295_o-1330x887.jpg","contentUrl":"https:\/\/pyrkon.pl\/wp-content\/uploads\/2026\/03\/peach_52989975295_o-1330x887.jpg"},{"@type":"BreadcrumbList","@id":"https:\/\/pyrkon.pl\/en\/the-own-design-competition\/#breadcrumb","itemListElement":[{"@type":"ListItem","position":1,"name":"Strona g\u0142\u00f3wna","item":"https:\/\/pyrkon.pl\/en\/"},{"@type":"ListItem","position":2,"name":"The Own Design Competition"}]},{"@type":"WebSite","@id":"https:\/\/pyrkon.pl\/#website","url":"https:\/\/pyrkon.pl\/","name":"Pyrkon Fantastyczne Miejsce Spotka\u0144","description":"Festiwal Fantastyki","publisher":{"@id":"https:\/\/pyrkon.pl\/#organization"},"potentialAction":[{"@type":"SearchAction","target":{"@type":"EntryPoint","urlTemplate":"https:\/\/pyrkon.pl\/?s={search_term_string}"},"query-input":{"@type":"PropertyValueSpecification","valueRequired":true,"valueName":"search_term_string"}}],"inLanguage":"en-US"},{"@type":"Organization","@id":"https:\/\/pyrkon.pl\/#organization","name":"Pyrkon Fantastyczne Miejsce Spotka\u0144","url":"https:\/\/pyrkon.pl\/","logo":{"@type":"ImageObject","inLanguage":"en-US","@id":"https:\/\/pyrkon.pl\/#\/schema\/logo\/image\/","url":"https:\/\/pyrkon.pl\/wp-content\/uploads\/2018\/02\/Festiwal_Fantastyki_Pyrkon_logo_Black_CMYK.jpg","contentUrl":"https:\/\/pyrkon.pl\/wp-content\/uploads\/2018\/02\/Festiwal_Fantastyki_Pyrkon_logo_Black_CMYK.jpg","width":1300,"height":401,"caption":"Pyrkon Fantastyczne Miejsce Spotka\u0144"},"image":{"@id":"https:\/\/pyrkon.pl\/#\/schema\/logo\/image\/"},"sameAs":["https:\/\/www.facebook.com\/Pyrkon","https:\/\/x.com\/pyrkon","https:\/\/www.instagram.com\/pyrkon\/","https:\/\/www.youtube.com\/user\/FestiwalPyrkon"]}]}},"_links":{"self":[{"href":"https:\/\/pyrkon.pl\/en\/wp-json\/wp\/v2\/pages\/52358","targetHints":{"allow":["GET"]}}],"collection":[{"href":"https:\/\/pyrkon.pl\/en\/wp-json\/wp\/v2\/pages"}],"about":[{"href":"https:\/\/pyrkon.pl\/en\/wp-json\/wp\/v2\/types\/page"}],"author":[{"embeddable":true,"href":"https:\/\/pyrkon.pl\/en\/wp-json\/wp\/v2\/users\/2763"}],"replies":[{"embeddable":true,"href":"https:\/\/pyrkon.pl\/en\/wp-json\/wp\/v2\/comments?post=52358"}],"version-history":[{"count":3,"href":"https:\/\/pyrkon.pl\/en\/wp-json\/wp\/v2\/pages\/52358\/revisions"}],"predecessor-version":[{"id":52371,"href":"https:\/\/pyrkon.pl\/en\/wp-json\/wp\/v2\/pages\/52358\/revisions\/52371"}],"wp:attachment":[{"href":"https:\/\/pyrkon.pl\/en\/wp-json\/wp\/v2\/media?parent=52358"}],"wp:term":[{"taxonomy":"pyr_topics","embeddable":true,"href":"https:\/\/pyrkon.pl\/en\/wp-json\/wp\/v2\/pyr_topics?post=52358"}],"curies":[{"name":"wp","href":"https:\/\/api.w.org\/{rel}","templated":true}]}}