{"id":52362,"date":"2026-05-06T00:28:45","date_gmt":"2026-05-05T22:28:45","guid":{"rendered":"https:\/\/pyrkon.pl\/?page_id=52362"},"modified":"2026-05-06T00:43:43","modified_gmt":"2026-05-05T22:43:43","slug":"pyrkon-photo-cosplay","status":"publish","type":"page","link":"https:\/\/pyrkon.pl\/en\/pyrkon-photo-cosplay\/","title":{"rendered":"Pyrkon Photo Cosplay"},"content":{"rendered":"\n<p><strong>If you are a cosplay photography creator, experimenting with the light, emotions and the narrative \u2013 that\u2019s a contest for you. It\u2019s a space made especially for photographers, who can capture the magic of cosplay and turn it into a unique tale captured in a single picture.<\/strong><\/p>\n\n\n\n<!--more-->\n\n\n\n<div class=\"b-link-pills\">\n  <div class=\"b-link-pills__label\">\n    Na skr\u00f3ty:\n  <\/div>\n\n  <div class=\"js-pills-items b-link-pills__items-container b-link-pills__item-color-variant--violet\" data-scroll-mode=\"1\">\n                                            \n  <a href=\"https:\/\/pyrkon.pl\/en\/pyrkon-guests\/\" class=\"c-btn c-btn--aqua\" target=\"_self\">\n  Guests\n  <\/a>\n                                        \n  <a href=\"https:\/\/pyrkon.pl\/en\/program-sections\/\" class=\"c-btn c-btn--aqua\" target=\"_self\">\n  Program Sections\n  <\/a>\n                                        \n  <a href=\"https:\/\/pyrkon.pl\/en\/tematyka\/cosplay-zone\/\" class=\"c-btn c-btn--aqua\" target=\"_self\">\n  Cosplay Zone\n  <\/a>\n                                        \n  <a href=\"https:\/\/pyrkon.pl\/en\/the-masquerade-2\/\" class=\"c-btn c-btn--aqua\" target=\"_self\">\n  The Masquerade\n  <\/a>\n                                        \n  <a href=\"https:\/\/pyrkon.pl\/en\/the-own-design-competition\/\" class=\"c-btn c-btn--aqua\" target=\"_self\">\n  The Own Design Competition\n  <\/a>\n            <\/div>\n<\/div>\n\n\n<p>We\u2019re looking for works that do more than just showcase the costume: they convey who the character is, show their personality and story. We want to see the atmosphere of the world they\u2019re from: its mood, tension, magic or darkness. It\u2019s not only <em>what the character looks like<\/em>, but also <em>what they are feeling<\/em> and <em>what\u2019s the story<\/em> behind the picture.<\/p>\n\n\n\n<p>If you can capture a moment that transports the viewer to another reality, don&#8217;t hesitate. Share your vision with us and let your shared passion for creation guide you.<\/p>\n\n\n\n<h2 class=\"wp-block-heading\" id=\"h-about-pyrkon-foto-cosplay-contest\"><strong>About Pyrkon Foto Cosplay contest<\/strong><\/h2>\n\n\n\n<p>Each participant can submit up to three own photographs \u2013 each in a separate form \u2013&nbsp; presenting a cosplay based on existing characters from movies, games, anime, comic books or musicals. Editing is permitted, but it should enhance the picture, not be its basis.<\/p>\n\n\n\n<p>The contest is open for photographers over 18 years of age from all over Europe, so you can expect an international level of works! The final will take place at Pyrkon, where the best works will be presented in a special exhibition in the Cosplay Zone in Hall 7A.<\/p>\n\n\n\n<p class=\"has-text-align-center\"><strong>Submissions are open until May 30, 2026 (Sunday), 11:59 PM.<\/strong><br><\/p>\n\n\n\n<div class=\"wp-block-buttons is-content-justification-center is-nowrap is-layout-flex wp-container-core-buttons-is-layout-1fb9aab6 wp-block-buttons-is-layout-flex\">\n<div class=\"wp-block-button has-custom-width wp-block-button__width-50\"><a class=\"wp-block-button__link wp-element-button\">Pyrkon Foto Cosplay Submissions<\/a><\/div>\n\n\n\n<div class=\"wp-block-button has-custom-width wp-block-button__width-50\"><a class=\"wp-block-button__link wp-element-button\" href=\"https:\/\/pyrkon.pl\/en\/rules-and-regulations-of-the-pyrkon-foto-cosplay-contest\/\">Pyrkon Foto Cosplay Rules &amp; Regulations<\/a><\/div>\n<\/div>\n\n\n\n<div class=\"wp-block-buttons is-content-justification-center is-layout-flex wp-container-core-buttons-is-layout-16018d1d wp-block-buttons-is-layout-flex\">\n<div class=\"wp-block-button has-custom-width wp-block-button__width-75\"><a class=\"wp-block-button__link wp-element-button\" href=\"https:\/\/pyrkon.pl\/wp-content\/uploads\/2026\/05\/Model-Release-Clause-PYRKON-FOTO-COSPLAY-2026.pdf\">Model release form<\/a><\/div>\n<\/div>\n\n\n\n<p class=\"has-text-align-center\">Remember, there are no restrictions on the number of people in the photo \u2013 but each model must agree to participate in the contest!<\/p>\n\n\n\n<h2 class=\"wp-block-heading\" id=\"h-the-jury-selects-the-winners-in-the-following-categories\">The jury selects the winners in the following categories:<\/h2>\n\n\n\n<ul class=\"wp-block-list\">\n<li><strong>The &#8220;Portrait\/Self-Portrait&#8221; category. A prize of 300 euros.<\/strong><br>A portrait photo (including a self-portrait), that is, one presenting an artistic image of a person or group, emphasizing character traits.&nbsp;<\/li>\n\n\n\n<li><strong>\u201eGRAND PRIX\u201d. A prize of 1,000 euros and a statuette made by the sculptor Robert Tomak.<\/strong><strong><br><\/strong><strong> <\/strong>The best photo of the competition.<\/li>\n\n\n\n<li><strong>The &#8220;Best editing&#8221; category A prize of 300 euros.<\/strong><strong><br><\/strong><strong> <\/strong>A photo that gained artistically in the process of neat, precise editing.&nbsp;<\/li>\n\n\n\n<li><strong>The &#8220;Framed emotions&#8221; category A prize of 300 euros.<\/strong><strong><br><\/strong><strong> <\/strong>A photograph that reflects emotions in a credible and moving way.<\/li>\n\n\n\n<li><strong>The &#8220;Inobvious&#8221; category. A prize of 300 euros.<\/strong><strong><br><\/strong><strong> <\/strong>The photo is surprising in terms of formal solutions or its subject matter.<\/li>\n\n\n\n<li><strong>The &#8220;Movement and Dynamics&#8221; category. A prize of 300 euros.<\/strong><strong><br><\/strong>A photograph showing an object in motion, in particular the impact of movement on the costume.<\/li>\n\n\n\n<li><strong>The &#8220;Composition&#8221; category. A prize of 300 euros.<\/strong><strong><br><\/strong>A photograph with the best composition.<\/li>\n\n\n\n<li><strong>The &#8220;Spectacular use of light&#8221; category. A prize of 300 euros.<\/strong><strong><br><\/strong>A photo taken with the best use of natural or artificial light, where lighting is a key aspect of the photo.<\/li>\n<\/ul>\n\n\n\n<h2 class=\"wp-block-heading\" id=\"h-pyrkon-photo-cosplay-contest-jury\">Pyrkon Photo Cosplay Contest Jury<\/h2>\n\n\n\n<div class=\"wp-block-columns is-layout-flex wp-container-core-columns-is-layout-9d6595d7 wp-block-columns-is-layout-flex\">\n<div class=\"wp-block-column is-layout-flow wp-block-column-is-layout-flow\">\n<figure class=\"wp-block-image size-full\"><img loading=\"lazy\" decoding=\"async\" width=\"1000\" height=\"665\" src=\"https:\/\/pyrkon.pl\/wp-content\/uploads\/2026\/05\/NataliaZahora.jpg\" alt=\"\" class=\"wp-image-52190\" srcset=\"https:\/\/pyrkon.pl\/wp-content\/uploads\/2026\/05\/NataliaZahora.jpg 1000w, https:\/\/pyrkon.pl\/wp-content\/uploads\/2026\/05\/NataliaZahora-300x200.jpg 300w, https:\/\/pyrkon.pl\/wp-content\/uploads\/2026\/05\/NataliaZahora-768x511.jpg 768w\" sizes=\"auto, (max-width: 1000px) 100vw, 1000px\" \/><figcaption class=\"wp-element-caption\">Jury: Natalia Zahora &#8211; <a href=\"https:\/\/www.instagram.com\/cosplayscape\/\">Instagram<\/a><\/figcaption><\/figure>\n<\/div>\n\n\n\n<div class=\"wp-block-column is-layout-flow wp-block-column-is-layout-flow\">\n<figure class=\"wp-block-image size-full\"><img loading=\"lazy\" decoding=\"async\" width=\"1000\" height=\"665\" src=\"https:\/\/pyrkon.pl\/wp-content\/uploads\/2026\/05\/JAMES-PORTRAIT-1.jpg\" alt=\"\" class=\"wp-image-52198\" srcset=\"https:\/\/pyrkon.pl\/wp-content\/uploads\/2026\/05\/JAMES-PORTRAIT-1.jpg 1000w, https:\/\/pyrkon.pl\/wp-content\/uploads\/2026\/05\/JAMES-PORTRAIT-1-300x200.jpg 300w, https:\/\/pyrkon.pl\/wp-content\/uploads\/2026\/05\/JAMES-PORTRAIT-1-768x511.jpg 768w\" sizes=\"auto, (max-width: 1000px) 100vw, 1000px\" \/><figcaption class=\"wp-element-caption\">Jury: Omaru &#8211; <a href=\"https:\/\/www.instagram.com\/omaruisfed\/\">Instagram<\/a><\/figcaption><\/figure>\n<\/div>\n\n\n\n<div class=\"wp-block-column is-layout-flow wp-block-column-is-layout-flow\">\n<figure class=\"wp-block-image size-full\"><img loading=\"lazy\" decoding=\"async\" width=\"1000\" height=\"665\" src=\"https:\/\/pyrkon.pl\/wp-content\/uploads\/2026\/05\/G86A2642.jpg\" alt=\"\" class=\"wp-image-52201\" srcset=\"https:\/\/pyrkon.pl\/wp-content\/uploads\/2026\/05\/G86A2642.jpg 1000w, https:\/\/pyrkon.pl\/wp-content\/uploads\/2026\/05\/G86A2642-300x200.jpg 300w, https:\/\/pyrkon.pl\/wp-content\/uploads\/2026\/05\/G86A2642-768x511.jpg 768w\" sizes=\"auto, (max-width: 1000px) 100vw, 1000px\" \/><figcaption class=\"wp-element-caption\">Jury: Pugoffka &#8211; <a href=\"https:\/\/www.instagram.com\/pugoffka_sama\/\">Instagram<\/a><\/figcaption><\/figure>\n<\/div>\n<\/div>\n","protected":false},"excerpt":{"rendered":"<p>If you are a cosplay photography creator, experimenting with the light, emotions and the narrative \u2013 that\u2019s a contest for you. It\u2019s a space made especially for photographers, who can capture the magic of cosplay and turn it into a unique tale captured in a single picture.<\/p>\n","protected":false},"author":2763,"featured_media":0,"parent":0,"menu_order":0,"comment_status":"closed","ping_status":"closed","template":"","meta":{"_acf_changed":false,"footnotes":""},"pyr_topics":[],"class_list":["post-52362","page","type-page","status-publish","hentry"],"acf":[],"yoast_head":"<!-- This site is optimized with the Yoast SEO Premium plugin v25.9 (Yoast SEO v25.9) - https:\/\/yoast.com\/wordpress\/plugins\/seo\/ -->\n<title>Pyrkon Photo Cosplay &#8902; Pyrkon Fantastyczne Miejsce Spotka\u0144<\/title>\n<meta name=\"description\" content=\"Pyrkon to przede wszystkim ludzie \u2013 fani fantastyki, tw\u00f3rcy, producenci, wystawcy i\u2026 Ty, poniewa\u017c Pyrkon to fantastyczne miejsce spotka\u0144. Spotkaj dziesi\u0105tki tysi\u0119cy niesamowitych ludzi, kt\u00f3rzy dziel\u0105 to samo hobby, co Ty! Podobnie do nich wr\u00f3cisz z fantastycznymi wspomnieniami do ko\u0144ca \u017cycia! Do\u0142\u0105cz do nas ju\u017c teraz!\" \/>\n<meta name=\"robots\" content=\"index, follow, max-snippet:-1, max-image-preview:large, max-video-preview:-1\" \/>\n<link rel=\"canonical\" href=\"https:\/\/pyrkon.pl\/en\/pyrkon-photo-cosplay\/\" \/>\n<meta property=\"og:locale\" content=\"en_US\" \/>\n<meta property=\"og:type\" content=\"article\" \/>\n<meta property=\"og:title\" content=\"Pyrkon Photo Cosplay\" \/>\n<meta property=\"og:description\" content=\"Pyrkon to przede wszystkim ludzie \u2013 fani fantastyki, tw\u00f3rcy, producenci, wystawcy i\u2026 Ty, poniewa\u017c Pyrkon to fantastyczne miejsce spotka\u0144. Spotkaj dziesi\u0105tki tysi\u0119cy niesamowitych ludzi, kt\u00f3rzy dziel\u0105 to samo hobby, co Ty! Podobnie do nich wr\u00f3cisz z fantastycznymi wspomnieniami do ko\u0144ca \u017cycia! Do\u0142\u0105cz do nas ju\u017c teraz!\" \/>\n<meta property=\"og:url\" content=\"https:\/\/pyrkon.pl\/en\/pyrkon-photo-cosplay\/\" \/>\n<meta property=\"og:site_name\" content=\"Pyrkon Fantastyczne Miejsce Spotka\u0144\" \/>\n<meta property=\"article:publisher\" content=\"https:\/\/www.facebook.com\/Pyrkon\" \/>\n<meta property=\"article:modified_time\" content=\"2026-05-05T22:43:43+00:00\" \/>\n<meta property=\"og:image\" content=\"https:\/\/pyrkon.pl\/wp-content\/uploads\/2026\/05\/NataliaZahora.jpg\" \/>\n\t<meta property=\"og:image:width\" content=\"1000\" \/>\n\t<meta property=\"og:image:height\" content=\"665\" \/>\n\t<meta property=\"og:image:type\" content=\"image\/jpeg\" \/>\n<meta name=\"twitter:card\" content=\"summary_large_image\" \/>\n<meta name=\"twitter:site\" content=\"@pyrkon\" \/>\n<meta name=\"twitter:label1\" content=\"Est. reading time\" \/>\n\t<meta name=\"twitter:data1\" content=\"4 minutes\" \/>\n<script type=\"application\/ld+json\" class=\"yoast-schema-graph\">{\"@context\":\"https:\/\/schema.org\",\"@graph\":[{\"@type\":\"WebPage\",\"@id\":\"https:\/\/pyrkon.pl\/en\/pyrkon-photo-cosplay\/\",\"url\":\"https:\/\/pyrkon.pl\/en\/pyrkon-photo-cosplay\/\",\"name\":\"Pyrkon Photo Cosplay &#8902; Pyrkon Fantastyczne Miejsce Spotka\u0144\",\"isPartOf\":{\"@id\":\"https:\/\/pyrkon.pl\/#website\"},\"primaryImageOfPage\":{\"@id\":\"https:\/\/pyrkon.pl\/en\/pyrkon-photo-cosplay\/#primaryimage\"},\"image\":{\"@id\":\"https:\/\/pyrkon.pl\/en\/pyrkon-photo-cosplay\/#primaryimage\"},\"thumbnailUrl\":\"https:\/\/pyrkon.pl\/wp-content\/uploads\/2026\/05\/NataliaZahora.jpg\",\"datePublished\":\"2026-05-05T22:28:45+00:00\",\"dateModified\":\"2026-05-05T22:43:43+00:00\",\"description\":\"Pyrkon to przede wszystkim ludzie \u2013 fani fantastyki, tw\u00f3rcy, producenci, wystawcy i\u2026 Ty, poniewa\u017c Pyrkon to fantastyczne miejsce spotka\u0144. Spotkaj dziesi\u0105tki tysi\u0119cy niesamowitych ludzi, kt\u00f3rzy dziel\u0105 to samo hobby, co Ty! Podobnie do nich wr\u00f3cisz z fantastycznymi wspomnieniami do ko\u0144ca \u017cycia! Do\u0142\u0105cz do nas ju\u017c teraz!\",\"breadcrumb\":{\"@id\":\"https:\/\/pyrkon.pl\/en\/pyrkon-photo-cosplay\/#breadcrumb\"},\"inLanguage\":\"en-US\",\"potentialAction\":[{\"@type\":\"ReadAction\",\"target\":[\"https:\/\/pyrkon.pl\/en\/pyrkon-photo-cosplay\/\"]}]},{\"@type\":\"ImageObject\",\"inLanguage\":\"en-US\",\"@id\":\"https:\/\/pyrkon.pl\/en\/pyrkon-photo-cosplay\/#primaryimage\",\"url\":\"https:\/\/pyrkon.pl\/wp-content\/uploads\/2026\/05\/NataliaZahora.jpg\",\"contentUrl\":\"https:\/\/pyrkon.pl\/wp-content\/uploads\/2026\/05\/NataliaZahora.jpg\"},{\"@type\":\"BreadcrumbList\",\"@id\":\"https:\/\/pyrkon.pl\/en\/pyrkon-photo-cosplay\/#breadcrumb\",\"itemListElement\":[{\"@type\":\"ListItem\",\"position\":1,\"name\":\"Strona g\u0142\u00f3wna\",\"item\":\"https:\/\/pyrkon.pl\/en\/\"},{\"@type\":\"ListItem\",\"position\":2,\"name\":\"Pyrkon Photo Cosplay\"}]},{\"@type\":\"WebSite\",\"@id\":\"https:\/\/pyrkon.pl\/#website\",\"url\":\"https:\/\/pyrkon.pl\/\",\"name\":\"Pyrkon Fantastyczne Miejsce Spotka\u0144\",\"description\":\"Festiwal Fantastyki\",\"publisher\":{\"@id\":\"https:\/\/pyrkon.pl\/#organization\"},\"potentialAction\":[{\"@type\":\"SearchAction\",\"target\":{\"@type\":\"EntryPoint\",\"urlTemplate\":\"https:\/\/pyrkon.pl\/?s={search_term_string}\"},\"query-input\":{\"@type\":\"PropertyValueSpecification\",\"valueRequired\":true,\"valueName\":\"search_term_string\"}}],\"inLanguage\":\"en-US\"},{\"@type\":\"Organization\",\"@id\":\"https:\/\/pyrkon.pl\/#organization\",\"name\":\"Pyrkon Fantastyczne Miejsce Spotka\u0144\",\"url\":\"https:\/\/pyrkon.pl\/\",\"logo\":{\"@type\":\"ImageObject\",\"inLanguage\":\"en-US\",\"@id\":\"https:\/\/pyrkon.pl\/#\/schema\/logo\/image\/\",\"url\":\"https:\/\/pyrkon.pl\/wp-content\/uploads\/2018\/02\/Festiwal_Fantastyki_Pyrkon_logo_Black_CMYK.jpg\",\"contentUrl\":\"https:\/\/pyrkon.pl\/wp-content\/uploads\/2018\/02\/Festiwal_Fantastyki_Pyrkon_logo_Black_CMYK.jpg\",\"width\":1300,\"height\":401,\"caption\":\"Pyrkon Fantastyczne Miejsce Spotka\u0144\"},\"image\":{\"@id\":\"https:\/\/pyrkon.pl\/#\/schema\/logo\/image\/\"},\"sameAs\":[\"https:\/\/www.facebook.com\/Pyrkon\",\"https:\/\/x.com\/pyrkon\",\"https:\/\/www.instagram.com\/pyrkon\/\",\"https:\/\/www.youtube.com\/user\/FestiwalPyrkon\"]}]}<\/script>\n<!-- \/ Yoast SEO Premium plugin. -->","yoast_head_json":{"title":"Pyrkon Photo Cosplay &#8902; Pyrkon Fantastyczne Miejsce Spotka\u0144","description":"Pyrkon to przede wszystkim ludzie \u2013 fani fantastyki, tw\u00f3rcy, producenci, wystawcy i\u2026 Ty, poniewa\u017c Pyrkon to fantastyczne miejsce spotka\u0144. Spotkaj dziesi\u0105tki tysi\u0119cy niesamowitych ludzi, kt\u00f3rzy dziel\u0105 to samo hobby, co Ty! Podobnie do nich wr\u00f3cisz z fantastycznymi wspomnieniami do ko\u0144ca \u017cycia! Do\u0142\u0105cz do nas ju\u017c teraz!","robots":{"index":"index","follow":"follow","max-snippet":"max-snippet:-1","max-image-preview":"max-image-preview:large","max-video-preview":"max-video-preview:-1"},"canonical":"https:\/\/pyrkon.pl\/en\/pyrkon-photo-cosplay\/","og_locale":"en_US","og_type":"article","og_title":"Pyrkon Photo Cosplay","og_description":"Pyrkon to przede wszystkim ludzie \u2013 fani fantastyki, tw\u00f3rcy, producenci, wystawcy i\u2026 Ty, poniewa\u017c Pyrkon to fantastyczne miejsce spotka\u0144. Spotkaj dziesi\u0105tki tysi\u0119cy niesamowitych ludzi, kt\u00f3rzy dziel\u0105 to samo hobby, co Ty! Podobnie do nich wr\u00f3cisz z fantastycznymi wspomnieniami do ko\u0144ca \u017cycia! Do\u0142\u0105cz do nas ju\u017c teraz!","og_url":"https:\/\/pyrkon.pl\/en\/pyrkon-photo-cosplay\/","og_site_name":"Pyrkon Fantastyczne Miejsce Spotka\u0144","article_publisher":"https:\/\/www.facebook.com\/Pyrkon","article_modified_time":"2026-05-05T22:43:43+00:00","og_image":[{"width":1000,"height":665,"url":"https:\/\/pyrkon.pl\/wp-content\/uploads\/2026\/05\/NataliaZahora.jpg","type":"image\/jpeg"}],"twitter_card":"summary_large_image","twitter_site":"@pyrkon","twitter_misc":{"Est. reading time":"4 minutes"},"schema":{"@context":"https:\/\/schema.org","@graph":[{"@type":"WebPage","@id":"https:\/\/pyrkon.pl\/en\/pyrkon-photo-cosplay\/","url":"https:\/\/pyrkon.pl\/en\/pyrkon-photo-cosplay\/","name":"Pyrkon Photo Cosplay &#8902; Pyrkon Fantastyczne Miejsce Spotka\u0144","isPartOf":{"@id":"https:\/\/pyrkon.pl\/#website"},"primaryImageOfPage":{"@id":"https:\/\/pyrkon.pl\/en\/pyrkon-photo-cosplay\/#primaryimage"},"image":{"@id":"https:\/\/pyrkon.pl\/en\/pyrkon-photo-cosplay\/#primaryimage"},"thumbnailUrl":"https:\/\/pyrkon.pl\/wp-content\/uploads\/2026\/05\/NataliaZahora.jpg","datePublished":"2026-05-05T22:28:45+00:00","dateModified":"2026-05-05T22:43:43+00:00","description":"Pyrkon to przede wszystkim ludzie \u2013 fani fantastyki, tw\u00f3rcy, producenci, wystawcy i\u2026 Ty, poniewa\u017c Pyrkon to fantastyczne miejsce spotka\u0144. Spotkaj dziesi\u0105tki tysi\u0119cy niesamowitych ludzi, kt\u00f3rzy dziel\u0105 to samo hobby, co Ty! Podobnie do nich wr\u00f3cisz z fantastycznymi wspomnieniami do ko\u0144ca \u017cycia! Do\u0142\u0105cz do nas ju\u017c teraz!","breadcrumb":{"@id":"https:\/\/pyrkon.pl\/en\/pyrkon-photo-cosplay\/#breadcrumb"},"inLanguage":"en-US","potentialAction":[{"@type":"ReadAction","target":["https:\/\/pyrkon.pl\/en\/pyrkon-photo-cosplay\/"]}]},{"@type":"ImageObject","inLanguage":"en-US","@id":"https:\/\/pyrkon.pl\/en\/pyrkon-photo-cosplay\/#primaryimage","url":"https:\/\/pyrkon.pl\/wp-content\/uploads\/2026\/05\/NataliaZahora.jpg","contentUrl":"https:\/\/pyrkon.pl\/wp-content\/uploads\/2026\/05\/NataliaZahora.jpg"},{"@type":"BreadcrumbList","@id":"https:\/\/pyrkon.pl\/en\/pyrkon-photo-cosplay\/#breadcrumb","itemListElement":[{"@type":"ListItem","position":1,"name":"Strona g\u0142\u00f3wna","item":"https:\/\/pyrkon.pl\/en\/"},{"@type":"ListItem","position":2,"name":"Pyrkon Photo Cosplay"}]},{"@type":"WebSite","@id":"https:\/\/pyrkon.pl\/#website","url":"https:\/\/pyrkon.pl\/","name":"Pyrkon Fantastyczne Miejsce Spotka\u0144","description":"Festiwal Fantastyki","publisher":{"@id":"https:\/\/pyrkon.pl\/#organization"},"potentialAction":[{"@type":"SearchAction","target":{"@type":"EntryPoint","urlTemplate":"https:\/\/pyrkon.pl\/?s={search_term_string}"},"query-input":{"@type":"PropertyValueSpecification","valueRequired":true,"valueName":"search_term_string"}}],"inLanguage":"en-US"},{"@type":"Organization","@id":"https:\/\/pyrkon.pl\/#organization","name":"Pyrkon Fantastyczne Miejsce Spotka\u0144","url":"https:\/\/pyrkon.pl\/","logo":{"@type":"ImageObject","inLanguage":"en-US","@id":"https:\/\/pyrkon.pl\/#\/schema\/logo\/image\/","url":"https:\/\/pyrkon.pl\/wp-content\/uploads\/2018\/02\/Festiwal_Fantastyki_Pyrkon_logo_Black_CMYK.jpg","contentUrl":"https:\/\/pyrkon.pl\/wp-content\/uploads\/2018\/02\/Festiwal_Fantastyki_Pyrkon_logo_Black_CMYK.jpg","width":1300,"height":401,"caption":"Pyrkon Fantastyczne Miejsce Spotka\u0144"},"image":{"@id":"https:\/\/pyrkon.pl\/#\/schema\/logo\/image\/"},"sameAs":["https:\/\/www.facebook.com\/Pyrkon","https:\/\/x.com\/pyrkon","https:\/\/www.instagram.com\/pyrkon\/","https:\/\/www.youtube.com\/user\/FestiwalPyrkon"]}]}},"_links":{"self":[{"href":"https:\/\/pyrkon.pl\/en\/wp-json\/wp\/v2\/pages\/52362","targetHints":{"allow":["GET"]}}],"collection":[{"href":"https:\/\/pyrkon.pl\/en\/wp-json\/wp\/v2\/pages"}],"about":[{"href":"https:\/\/pyrkon.pl\/en\/wp-json\/wp\/v2\/types\/page"}],"author":[{"embeddable":true,"href":"https:\/\/pyrkon.pl\/en\/wp-json\/wp\/v2\/users\/2763"}],"replies":[{"embeddable":true,"href":"https:\/\/pyrkon.pl\/en\/wp-json\/wp\/v2\/comments?post=52362"}],"version-history":[{"count":2,"href":"https:\/\/pyrkon.pl\/en\/wp-json\/wp\/v2\/pages\/52362\/revisions"}],"predecessor-version":[{"id":52372,"href":"https:\/\/pyrkon.pl\/en\/wp-json\/wp\/v2\/pages\/52362\/revisions\/52372"}],"wp:attachment":[{"href":"https:\/\/pyrkon.pl\/en\/wp-json\/wp\/v2\/media?parent=52362"}],"wp:term":[{"taxonomy":"pyr_topics","embeddable":true,"href":"https:\/\/pyrkon.pl\/en\/wp-json\/wp\/v2\/pyr_topics?post=52362"}],"curies":[{"name":"wp","href":"https:\/\/api.w.org\/{rel}","templated":true}]}}