{"id":52822,"date":"2026-05-13T10:03:54","date_gmt":"2026-05-13T08:03:54","guid":{"rendered":"https:\/\/pyrkon.pl\/?page_id=52822"},"modified":"2026-05-13T15:18:59","modified_gmt":"2026-05-13T13:18:59","slug":"deep-designer-experience-exchange-at-pyrkon","status":"publish","type":"page","link":"https:\/\/pyrkon.pl\/en\/deep-designer-experience-exchange-at-pyrkon\/","title":{"rendered":"DEEP &#8211; Designer Experience Exchange at Pyrkon"},"content":{"rendered":"\n<p><strong>Pyrkon is doing a conference for TTRPG designers! We\u2019re putting together a single-day conference for the TTRPG designers community in Pozna\u0144 a day before Pyrkon. <\/strong><\/p>\n\n\n\n<!--more-->\n\n\n\n<figure class=\"wp-block-image aligncenter size-full\"><img loading=\"lazy\" decoding=\"async\" width=\"1040\" height=\"584\" src=\"https:\/\/pyrkon.pl\/wp-content\/uploads\/2026\/05\/DEEP-1.jpg\" alt=\"\" class=\"wp-image-52763\" srcset=\"https:\/\/pyrkon.pl\/wp-content\/uploads\/2026\/05\/DEEP-1.jpg 1040w, https:\/\/pyrkon.pl\/wp-content\/uploads\/2026\/05\/DEEP-1-300x168.jpg 300w, https:\/\/pyrkon.pl\/wp-content\/uploads\/2026\/05\/DEEP-1-768x431.jpg 768w\" sizes=\"auto, (max-width: 1040px) 100vw, 1040px\" \/><\/figure>\n\n\n\n<h2 class=\"wp-block-heading\" id=\"h-what-is-it-and-why\"><strong>What is it, and why?<\/strong><\/h2>\n\n\n\n<p>Designer Experience Exchange at Pyrkon (DEEP) is a one-day conference focused on TTRPG design and directed to people working within this field (or aspiring and looking to enter it). Pyrkon is our meeting place for all fantasy &amp; scfi-fi fans, but over the years we noticed that it is rarely allowing our TTRPG guests to meet with each other for more than a quick coffee chat in passing in the Green Room. This is apparently a pretty standard experience for designers at most conventions.<\/p>\n\n\n\n<p>Which is a great shame that people working daily on designing games for players to weave stories together, having wonderful experiences and stories thanks to those games, don\u2019t have their own place and time to freely meet, discuss, exchange experiences, and find interesting new collaborations.<\/p>\n\n\n\n<p>We\u2019d like to make DEEP such a space where you can do that all among your peers, without this nagging feeling in the back of your mind, \u201cI should probably sell my game right now to those people\u201d. Let\u2019s build together a place and time for the TTRPG designers community to come together and foster growth by exchanging experiences and ideas within.<\/p>\n\n\n\n<p><strong>We\u2019d love to know if you\u2019re interested in attending or participating actively in panels, so please fill out the application form. We\u2019ll contact you as soon as possible to discuss the details of your participation in the panels, or we\u2019ll redirect you to the ticket purchase page. You can only purchase tickets for the event after submitting your application (at the price of 94.99 PLN).<\/strong><\/p>\n\n\n\n<div class=\"wp-block-buttons is-content-justification-center is-layout-flex wp-container-core-buttons-is-layout-16018d1d wp-block-buttons-is-layout-flex\">\n<div class=\"wp-block-button has-custom-width wp-block-button__width-50\"><a class=\"wp-block-button__link has-text-align-center wp-element-button\" href=\"https:\/\/docs.google.com\/forms\/d\/e\/1FAIpQLSfyjR-TAcvVJfZNiW3H_v6fylFkcrqhK3ZOc9j4GhkKhlVy_w\/viewform\">application form for DEEP<\/a><\/div>\n<\/div>\n\n\n\n<p class=\"has-text-align-center\"><strong><em>Conference tickets cost 94.99 PLN!<\/em><\/strong><\/p>\n\n\n\n<h2 class=\"wp-block-heading\" id=\"h-how-will-it-work-when-and-where\"><strong>How will it work? (When and where)<\/strong><\/h2>\n\n\n\n<p>Designer Experience Exchange at Pyrkon is, as the name suggests, connected to Pyrkon and will take place on a day prior (Thursday, 18th June 2026) to the convention in Pozna\u0144. We\u2019ll meet at S\u0142odownia, 1st floor, Stary Browar, 42 P\u00f3\u0142wiejska Street, from 10:00 a.m. to 8:00 p.m.<\/p>\n\n\n\n<p>This is not an open event for people just interested in TTRPG as a hobby. Our focus is on designers, so we expect topics and themes to run deeper than what a regular TTRPG player would find interesting. We\u2019re looking at small, curated attendance..<\/p>\n\n\n\n<p>We are interested in this being more of a discussion and actual exchange of ideas and experiences, so rather than simple talks, we\u2019re looking to have ~2h discussion panels where you can see different viewpoints and approaches.<\/p>\n\n\n\n<p>This year we\u2019re aiming for 2-3 tracks covering 4-5 topics each, keeping in mind that in this case quality is definitely more important than quantity. To truly foster more collaboration and exchange of experiences, we are also making room in the schedule for an extended lunch break (who doesn\u2019t like interesting discussions over a good meal?) and an evening mixer at the venue to keep talking over drinks.<\/p>\n\n\n\n<h2 class=\"wp-block-heading\" id=\"h-the-panels-and-topics\"><strong>The panels and topics<\/strong><\/h2>\n\n\n\n<p>The current themes and topics we\u2019re looking to discuss are below:<\/p>\n\n\n\n<ul class=\"wp-block-list\">\n<li>Designing the Product\n<ul class=\"wp-block-list\">\n<li>Rulebooks as an Experience<\/li>\n\n\n\n<li>Designing games in the age of AI<\/li>\n\n\n\n<li>The Lifespan of a Game<\/li>\n<\/ul>\n<\/li>\n\n\n\n<li>Designing the Game\n<ul class=\"wp-block-list\">\n<li>Evolution of Role-Players<\/li>\n\n\n\n<li>Role-Playing Genres<\/li>\n\n\n\n<li>Safety vs Comfort<\/li>\n<\/ul>\n<\/li>\n<\/ul>\n\n\n\n<p>All of these are subject to change if the community shows different interests and are not set in stone. If you\u2019re interested in sharing your experience and insights on any of this topics in front of your peers &#8211; please let us know before buying tickets! We\u2019ll contact you as soon as possible in terms of becoming one of the panelists.&nbsp;<\/p>\n\n\n\n<p>Of course this list is not exhaustive, and if there is a topic that you\u2019re interested in and looking forward to discussing with other TTRPG designers, please let us know at <a href=\"mailto:deep@pyrkon.pl\">deep@pyrkon.pl<\/a> , and we\u2019ll see if there is enough interest for it and if we can make it into an actual discussion panel.<\/p>\n\n\n\n<h2 class=\"wp-block-heading\" id=\"h-what-we-offer\"><strong>What we offer<\/strong><\/h2>\n\n\n\n<p>For our DEEP panelists, we have some additional benefits, as we\u2019re offering full 3-day passes to Pyrkon as a thank you for helping to grow the TTRPG designer community by sharing their own perspective, experience, and insights during DEEP panels.<\/p>\n\n\n\n<p>Even if you won\u2019t be a DEEP panelist, we invite you to stay for the weekend and visit Pyrkon! You can find tickets and details below.<\/p>\n\n\n\n<div class=\"wp-block-buttons is-content-justification-center is-layout-flex wp-container-core-buttons-is-layout-16018d1d wp-block-buttons-is-layout-flex\">\n<div class=\"wp-block-button has-custom-width wp-block-button__width-25\"><a class=\"wp-block-button__link has-violet-color has-lime-background-color has-text-color has-background has-link-color wp-element-button\" href=\"https:\/\/pyrkon.pl\/en\/kup-bilet\/\"><strong>Pyrkon tickets<\/strong><\/a><\/div>\n<\/div>\n\n\n\n<h2 class=\"wp-block-heading\" id=\"h-summary\"><strong>Summary<\/strong><\/h2>\n\n\n\n<p>Remember that you can only purchase tickets for the event after submitting your application form. <\/p>\n\n\n\n<div class=\"wp-block-buttons is-content-justification-center is-layout-flex wp-container-core-buttons-is-layout-16018d1d wp-block-buttons-is-layout-flex\">\n<div class=\"wp-block-button has-custom-width wp-block-button__width-50\"><a class=\"wp-block-button__link has-text-align-center wp-element-button\" href=\"https:\/\/docs.google.com\/forms\/d\/e\/1FAIpQLSfyjR-TAcvVJfZNiW3H_v6fylFkcrqhK3ZOc9j4GhkKhlVy_w\/viewform\">application form for DEEP<\/a><\/div>\n<\/div>\n\n\n\n<p class=\"has-text-align-center\"><strong><em>Conference tickets cost 94.99 PLN!<\/em><\/strong><\/p>\n\n\n\n<p>You are welcome to share this information with other TTRPG designers so they know about this event. <\/p>\n\n\n\n<p>If you have any further questions, feel free to email us at <a href=\"mailto:deep@pyrkon.pl\">deep@pyrkon.pl<\/a>&nbsp;<\/p>\n\n\n\n<p class=\"has-text-align-center\"><strong>Let\u2019s dive in DEEP and see you in Pozna\u0144!<\/strong><\/p>\n","protected":false},"excerpt":{"rendered":"<p>Pyrkon is doing a conference for TTRPG designers! We\u2019re putting together a single-day conference for the TTRPG designers community in Pozna\u0144 a day before Pyrkon.<\/p>\n","protected":false},"author":2763,"featured_media":0,"parent":0,"menu_order":0,"comment_status":"closed","ping_status":"closed","template":"","meta":{"_acf_changed":false,"footnotes":""},"pyr_topics":[],"class_list":["post-52822","page","type-page","status-publish","hentry"],"acf":[],"yoast_head":"<!-- This site is optimized with the Yoast SEO Premium plugin v25.9 (Yoast SEO v25.9) - https:\/\/yoast.com\/wordpress\/plugins\/seo\/ -->\n<title>DEEP - Designer Experience Exchange at Pyrkon &#8902; Pyrkon Fantastyczne Miejsce Spotka\u0144<\/title>\n<meta name=\"description\" content=\"Pyrkon to przede wszystkim ludzie \u2013 fani fantastyki, tw\u00f3rcy, producenci, wystawcy i\u2026 Ty, poniewa\u017c Pyrkon to fantastyczne miejsce spotka\u0144. Spotkaj dziesi\u0105tki tysi\u0119cy niesamowitych ludzi, kt\u00f3rzy dziel\u0105 to samo hobby, co Ty! Podobnie do nich wr\u00f3cisz z fantastycznymi wspomnieniami do ko\u0144ca \u017cycia! Do\u0142\u0105cz do nas ju\u017c teraz!\" \/>\n<meta name=\"robots\" content=\"index, follow, max-snippet:-1, max-image-preview:large, max-video-preview:-1\" \/>\n<link rel=\"canonical\" href=\"https:\/\/pyrkon.pl\/en\/deep-designer-experience-exchange-at-pyrkon\/\" \/>\n<meta property=\"og:locale\" content=\"en_US\" \/>\n<meta property=\"og:type\" content=\"article\" \/>\n<meta property=\"og:title\" content=\"DEEP - Designer Experience Exchange at Pyrkon\" \/>\n<meta property=\"og:description\" content=\"Pyrkon to przede wszystkim ludzie \u2013 fani fantastyki, tw\u00f3rcy, producenci, wystawcy i\u2026 Ty, poniewa\u017c Pyrkon to fantastyczne miejsce spotka\u0144. Spotkaj dziesi\u0105tki tysi\u0119cy niesamowitych ludzi, kt\u00f3rzy dziel\u0105 to samo hobby, co Ty! Podobnie do nich wr\u00f3cisz z fantastycznymi wspomnieniami do ko\u0144ca \u017cycia! Do\u0142\u0105cz do nas ju\u017c teraz!\" \/>\n<meta property=\"og:url\" content=\"https:\/\/pyrkon.pl\/en\/deep-designer-experience-exchange-at-pyrkon\/\" \/>\n<meta property=\"og:site_name\" content=\"Pyrkon Fantastyczne Miejsce Spotka\u0144\" \/>\n<meta property=\"article:publisher\" content=\"https:\/\/www.facebook.com\/Pyrkon\" \/>\n<meta property=\"article:modified_time\" content=\"2026-05-13T13:18:59+00:00\" \/>\n<meta property=\"og:image\" content=\"https:\/\/pyrkon.pl\/wp-content\/uploads\/2026\/05\/DEEP-1.jpg\" \/>\n\t<meta property=\"og:image:width\" content=\"1040\" \/>\n\t<meta property=\"og:image:height\" content=\"584\" \/>\n\t<meta property=\"og:image:type\" content=\"image\/jpeg\" \/>\n<meta name=\"twitter:card\" content=\"summary_large_image\" \/>\n<meta name=\"twitter:site\" content=\"@pyrkon\" \/>\n<meta name=\"twitter:label1\" content=\"Est. reading time\" \/>\n\t<meta name=\"twitter:data1\" content=\"5 minutes\" \/>\n<script type=\"application\/ld+json\" class=\"yoast-schema-graph\">{\"@context\":\"https:\/\/schema.org\",\"@graph\":[{\"@type\":\"WebPage\",\"@id\":\"https:\/\/pyrkon.pl\/en\/deep-designer-experience-exchange-at-pyrkon\/\",\"url\":\"https:\/\/pyrkon.pl\/en\/deep-designer-experience-exchange-at-pyrkon\/\",\"name\":\"DEEP - Designer Experience Exchange at Pyrkon &#8902; Pyrkon Fantastyczne Miejsce Spotka\u0144\",\"isPartOf\":{\"@id\":\"https:\/\/pyrkon.pl\/#website\"},\"primaryImageOfPage\":{\"@id\":\"https:\/\/pyrkon.pl\/en\/deep-designer-experience-exchange-at-pyrkon\/#primaryimage\"},\"image\":{\"@id\":\"https:\/\/pyrkon.pl\/en\/deep-designer-experience-exchange-at-pyrkon\/#primaryimage\"},\"thumbnailUrl\":\"https:\/\/pyrkon.pl\/wp-content\/uploads\/2026\/05\/DEEP-1.jpg\",\"datePublished\":\"2026-05-13T08:03:54+00:00\",\"dateModified\":\"2026-05-13T13:18:59+00:00\",\"description\":\"Pyrkon to przede wszystkim ludzie \u2013 fani fantastyki, tw\u00f3rcy, producenci, wystawcy i\u2026 Ty, poniewa\u017c Pyrkon to fantastyczne miejsce spotka\u0144. Spotkaj dziesi\u0105tki tysi\u0119cy niesamowitych ludzi, kt\u00f3rzy dziel\u0105 to samo hobby, co Ty! Podobnie do nich wr\u00f3cisz z fantastycznymi wspomnieniami do ko\u0144ca \u017cycia! Do\u0142\u0105cz do nas ju\u017c teraz!\",\"breadcrumb\":{\"@id\":\"https:\/\/pyrkon.pl\/en\/deep-designer-experience-exchange-at-pyrkon\/#breadcrumb\"},\"inLanguage\":\"en-US\",\"potentialAction\":[{\"@type\":\"ReadAction\",\"target\":[\"https:\/\/pyrkon.pl\/en\/deep-designer-experience-exchange-at-pyrkon\/\"]}]},{\"@type\":\"ImageObject\",\"inLanguage\":\"en-US\",\"@id\":\"https:\/\/pyrkon.pl\/en\/deep-designer-experience-exchange-at-pyrkon\/#primaryimage\",\"url\":\"https:\/\/pyrkon.pl\/wp-content\/uploads\/2026\/05\/DEEP-1.jpg\",\"contentUrl\":\"https:\/\/pyrkon.pl\/wp-content\/uploads\/2026\/05\/DEEP-1.jpg\"},{\"@type\":\"BreadcrumbList\",\"@id\":\"https:\/\/pyrkon.pl\/en\/deep-designer-experience-exchange-at-pyrkon\/#breadcrumb\",\"itemListElement\":[{\"@type\":\"ListItem\",\"position\":1,\"name\":\"Strona g\u0142\u00f3wna\",\"item\":\"https:\/\/pyrkon.pl\/en\/\"},{\"@type\":\"ListItem\",\"position\":2,\"name\":\"DEEP &#8211; Designer Experience Exchange at Pyrkon\"}]},{\"@type\":\"WebSite\",\"@id\":\"https:\/\/pyrkon.pl\/#website\",\"url\":\"https:\/\/pyrkon.pl\/\",\"name\":\"Pyrkon Fantastyczne Miejsce Spotka\u0144\",\"description\":\"Festiwal Fantastyki\",\"publisher\":{\"@id\":\"https:\/\/pyrkon.pl\/#organization\"},\"potentialAction\":[{\"@type\":\"SearchAction\",\"target\":{\"@type\":\"EntryPoint\",\"urlTemplate\":\"https:\/\/pyrkon.pl\/?s={search_term_string}\"},\"query-input\":{\"@type\":\"PropertyValueSpecification\",\"valueRequired\":true,\"valueName\":\"search_term_string\"}}],\"inLanguage\":\"en-US\"},{\"@type\":\"Organization\",\"@id\":\"https:\/\/pyrkon.pl\/#organization\",\"name\":\"Pyrkon Fantastyczne Miejsce Spotka\u0144\",\"url\":\"https:\/\/pyrkon.pl\/\",\"logo\":{\"@type\":\"ImageObject\",\"inLanguage\":\"en-US\",\"@id\":\"https:\/\/pyrkon.pl\/#\/schema\/logo\/image\/\",\"url\":\"https:\/\/pyrkon.pl\/wp-content\/uploads\/2018\/02\/Festiwal_Fantastyki_Pyrkon_logo_Black_CMYK.jpg\",\"contentUrl\":\"https:\/\/pyrkon.pl\/wp-content\/uploads\/2018\/02\/Festiwal_Fantastyki_Pyrkon_logo_Black_CMYK.jpg\",\"width\":1300,\"height\":401,\"caption\":\"Pyrkon Fantastyczne Miejsce Spotka\u0144\"},\"image\":{\"@id\":\"https:\/\/pyrkon.pl\/#\/schema\/logo\/image\/\"},\"sameAs\":[\"https:\/\/www.facebook.com\/Pyrkon\",\"https:\/\/x.com\/pyrkon\",\"https:\/\/www.instagram.com\/pyrkon\/\",\"https:\/\/www.youtube.com\/user\/FestiwalPyrkon\"]}]}<\/script>\n<!-- \/ Yoast SEO Premium plugin. -->","yoast_head_json":{"title":"DEEP - Designer Experience Exchange at Pyrkon &#8902; Pyrkon Fantastyczne Miejsce Spotka\u0144","description":"Pyrkon to przede wszystkim ludzie \u2013 fani fantastyki, tw\u00f3rcy, producenci, wystawcy i\u2026 Ty, poniewa\u017c Pyrkon to fantastyczne miejsce spotka\u0144. Spotkaj dziesi\u0105tki tysi\u0119cy niesamowitych ludzi, kt\u00f3rzy dziel\u0105 to samo hobby, co Ty! Podobnie do nich wr\u00f3cisz z fantastycznymi wspomnieniami do ko\u0144ca \u017cycia! Do\u0142\u0105cz do nas ju\u017c teraz!","robots":{"index":"index","follow":"follow","max-snippet":"max-snippet:-1","max-image-preview":"max-image-preview:large","max-video-preview":"max-video-preview:-1"},"canonical":"https:\/\/pyrkon.pl\/en\/deep-designer-experience-exchange-at-pyrkon\/","og_locale":"en_US","og_type":"article","og_title":"DEEP - Designer Experience Exchange at Pyrkon","og_description":"Pyrkon to przede wszystkim ludzie \u2013 fani fantastyki, tw\u00f3rcy, producenci, wystawcy i\u2026 Ty, poniewa\u017c Pyrkon to fantastyczne miejsce spotka\u0144. Spotkaj dziesi\u0105tki tysi\u0119cy niesamowitych ludzi, kt\u00f3rzy dziel\u0105 to samo hobby, co Ty! Podobnie do nich wr\u00f3cisz z fantastycznymi wspomnieniami do ko\u0144ca \u017cycia! Do\u0142\u0105cz do nas ju\u017c teraz!","og_url":"https:\/\/pyrkon.pl\/en\/deep-designer-experience-exchange-at-pyrkon\/","og_site_name":"Pyrkon Fantastyczne Miejsce Spotka\u0144","article_publisher":"https:\/\/www.facebook.com\/Pyrkon","article_modified_time":"2026-05-13T13:18:59+00:00","og_image":[{"width":1040,"height":584,"url":"https:\/\/pyrkon.pl\/wp-content\/uploads\/2026\/05\/DEEP-1.jpg","type":"image\/jpeg"}],"twitter_card":"summary_large_image","twitter_site":"@pyrkon","twitter_misc":{"Est. reading time":"5 minutes"},"schema":{"@context":"https:\/\/schema.org","@graph":[{"@type":"WebPage","@id":"https:\/\/pyrkon.pl\/en\/deep-designer-experience-exchange-at-pyrkon\/","url":"https:\/\/pyrkon.pl\/en\/deep-designer-experience-exchange-at-pyrkon\/","name":"DEEP - Designer Experience Exchange at Pyrkon &#8902; Pyrkon Fantastyczne Miejsce Spotka\u0144","isPartOf":{"@id":"https:\/\/pyrkon.pl\/#website"},"primaryImageOfPage":{"@id":"https:\/\/pyrkon.pl\/en\/deep-designer-experience-exchange-at-pyrkon\/#primaryimage"},"image":{"@id":"https:\/\/pyrkon.pl\/en\/deep-designer-experience-exchange-at-pyrkon\/#primaryimage"},"thumbnailUrl":"https:\/\/pyrkon.pl\/wp-content\/uploads\/2026\/05\/DEEP-1.jpg","datePublished":"2026-05-13T08:03:54+00:00","dateModified":"2026-05-13T13:18:59+00:00","description":"Pyrkon to przede wszystkim ludzie \u2013 fani fantastyki, tw\u00f3rcy, producenci, wystawcy i\u2026 Ty, poniewa\u017c Pyrkon to fantastyczne miejsce spotka\u0144. Spotkaj dziesi\u0105tki tysi\u0119cy niesamowitych ludzi, kt\u00f3rzy dziel\u0105 to samo hobby, co Ty! Podobnie do nich wr\u00f3cisz z fantastycznymi wspomnieniami do ko\u0144ca \u017cycia! Do\u0142\u0105cz do nas ju\u017c teraz!","breadcrumb":{"@id":"https:\/\/pyrkon.pl\/en\/deep-designer-experience-exchange-at-pyrkon\/#breadcrumb"},"inLanguage":"en-US","potentialAction":[{"@type":"ReadAction","target":["https:\/\/pyrkon.pl\/en\/deep-designer-experience-exchange-at-pyrkon\/"]}]},{"@type":"ImageObject","inLanguage":"en-US","@id":"https:\/\/pyrkon.pl\/en\/deep-designer-experience-exchange-at-pyrkon\/#primaryimage","url":"https:\/\/pyrkon.pl\/wp-content\/uploads\/2026\/05\/DEEP-1.jpg","contentUrl":"https:\/\/pyrkon.pl\/wp-content\/uploads\/2026\/05\/DEEP-1.jpg"},{"@type":"BreadcrumbList","@id":"https:\/\/pyrkon.pl\/en\/deep-designer-experience-exchange-at-pyrkon\/#breadcrumb","itemListElement":[{"@type":"ListItem","position":1,"name":"Strona g\u0142\u00f3wna","item":"https:\/\/pyrkon.pl\/en\/"},{"@type":"ListItem","position":2,"name":"DEEP &#8211; Designer Experience Exchange at Pyrkon"}]},{"@type":"WebSite","@id":"https:\/\/pyrkon.pl\/#website","url":"https:\/\/pyrkon.pl\/","name":"Pyrkon Fantastyczne Miejsce Spotka\u0144","description":"Festiwal Fantastyki","publisher":{"@id":"https:\/\/pyrkon.pl\/#organization"},"potentialAction":[{"@type":"SearchAction","target":{"@type":"EntryPoint","urlTemplate":"https:\/\/pyrkon.pl\/?s={search_term_string}"},"query-input":{"@type":"PropertyValueSpecification","valueRequired":true,"valueName":"search_term_string"}}],"inLanguage":"en-US"},{"@type":"Organization","@id":"https:\/\/pyrkon.pl\/#organization","name":"Pyrkon Fantastyczne Miejsce Spotka\u0144","url":"https:\/\/pyrkon.pl\/","logo":{"@type":"ImageObject","inLanguage":"en-US","@id":"https:\/\/pyrkon.pl\/#\/schema\/logo\/image\/","url":"https:\/\/pyrkon.pl\/wp-content\/uploads\/2018\/02\/Festiwal_Fantastyki_Pyrkon_logo_Black_CMYK.jpg","contentUrl":"https:\/\/pyrkon.pl\/wp-content\/uploads\/2018\/02\/Festiwal_Fantastyki_Pyrkon_logo_Black_CMYK.jpg","width":1300,"height":401,"caption":"Pyrkon Fantastyczne Miejsce Spotka\u0144"},"image":{"@id":"https:\/\/pyrkon.pl\/#\/schema\/logo\/image\/"},"sameAs":["https:\/\/www.facebook.com\/Pyrkon","https:\/\/x.com\/pyrkon","https:\/\/www.instagram.com\/pyrkon\/","https:\/\/www.youtube.com\/user\/FestiwalPyrkon"]}]}},"_links":{"self":[{"href":"https:\/\/pyrkon.pl\/en\/wp-json\/wp\/v2\/pages\/52822","targetHints":{"allow":["GET"]}}],"collection":[{"href":"https:\/\/pyrkon.pl\/en\/wp-json\/wp\/v2\/pages"}],"about":[{"href":"https:\/\/pyrkon.pl\/en\/wp-json\/wp\/v2\/types\/page"}],"author":[{"embeddable":true,"href":"https:\/\/pyrkon.pl\/en\/wp-json\/wp\/v2\/users\/2763"}],"replies":[{"embeddable":true,"href":"https:\/\/pyrkon.pl\/en\/wp-json\/wp\/v2\/comments?post=52822"}],"version-history":[{"count":2,"href":"https:\/\/pyrkon.pl\/en\/wp-json\/wp\/v2\/pages\/52822\/revisions"}],"predecessor-version":[{"id":52849,"href":"https:\/\/pyrkon.pl\/en\/wp-json\/wp\/v2\/pages\/52822\/revisions\/52849"}],"wp:attachment":[{"href":"https:\/\/pyrkon.pl\/en\/wp-json\/wp\/v2\/media?parent=52822"}],"wp:term":[{"taxonomy":"pyr_topics","embeddable":true,"href":"https:\/\/pyrkon.pl\/en\/wp-json\/wp\/v2\/pyr_topics?post=52822"}],"curies":[{"name":"wp","href":"https:\/\/api.w.org\/{rel}","templated":true}]}}