{"id":655,"date":"2017-11-24T16:31:42","date_gmt":"2017-11-24T15:31:42","guid":{"rendered":"http:\/\/serwer19483.lh.pl\/Pyrkon\/resetowanie-hasla\/"},"modified":"2017-12-19T18:25:22","modified_gmt":"2017-12-19T17:25:22","slug":"password-reset","status":"publish","type":"page","link":"https:\/\/pyrkon.pl\/en\/password-reset\/","title":{"rendered":"Password Reset"},"content":{"rendered":"<p>Don&#8217;t remember your password? No problem. Please use your email in the form below and we&#8217;ll send the password reset link.<\/p>\n","protected":false},"excerpt":{"rendered":"<p>Don&#8217;t remember your password? No problem. Please use your email in the form below and we&#8217;ll send the password reset link.<\/p>\n","protected":false},"author":1,"featured_media":0,"parent":0,"menu_order":0,"comment_status":"closed","ping_status":"closed","template":"template-password-reset.php","meta":{"_acf_changed":false,"footnotes":""},"pyr_topics":[],"class_list":["post-655","page","type-page","status-publish","hentry"],"acf":[],"yoast_head":"<!-- This site is optimized with the Yoast SEO Premium plugin v25.9 (Yoast SEO v25.9) - https:\/\/yoast.com\/wordpress\/plugins\/seo\/ -->\n<title>Password Reset &#8902; Pyrkon Fantastyczne Miejsce Spotka\u0144<\/title>\n<meta name=\"description\" content=\"Pyrkon to przede wszystkim ludzie \u2013 fani fantastyki, tw\u00f3rcy, producenci, wystawcy i\u2026 Ty, poniewa\u017c Pyrkon to fantastyczne miejsce spotka\u0144. Spotkaj dziesi\u0105tki tysi\u0119cy niesamowitych ludzi, kt\u00f3rzy dziel\u0105 to samo hobby, co Ty! Podobnie do nich wr\u00f3cisz z fantastycznymi wspomnieniami do ko\u0144ca \u017cycia! Do\u0142\u0105cz do nas ju\u017c teraz!\" \/>\n<meta name=\"robots\" content=\"index, follow, max-snippet:-1, max-image-preview:large, max-video-preview:-1\" \/>\n<link rel=\"canonical\" href=\"https:\/\/pyrkon.pl\/en\/password-reset\/\" \/>\n<meta property=\"og:locale\" content=\"en_US\" \/>\n<meta property=\"og:type\" content=\"article\" \/>\n<meta property=\"og:title\" content=\"Password Reset\" \/>\n<meta property=\"og:description\" content=\"Pyrkon to przede wszystkim ludzie \u2013 fani fantastyki, tw\u00f3rcy, producenci, wystawcy i\u2026 Ty, poniewa\u017c Pyrkon to fantastyczne miejsce spotka\u0144. Spotkaj dziesi\u0105tki tysi\u0119cy niesamowitych ludzi, kt\u00f3rzy dziel\u0105 to samo hobby, co Ty! Podobnie do nich wr\u00f3cisz z fantastycznymi wspomnieniami do ko\u0144ca \u017cycia! Do\u0142\u0105cz do nas ju\u017c teraz!\" \/>\n<meta property=\"og:url\" content=\"https:\/\/pyrkon.pl\/en\/password-reset\/\" \/>\n<meta property=\"og:site_name\" content=\"Pyrkon Fantastyczne Miejsce Spotka\u0144\" \/>\n<meta property=\"article:publisher\" content=\"https:\/\/www.facebook.com\/Pyrkon\" \/>\n<meta property=\"article:modified_time\" content=\"2017-12-19T17:25:22+00:00\" \/>\n<meta name=\"twitter:card\" content=\"summary_large_image\" \/>\n<meta name=\"twitter:site\" content=\"@pyrkon\" \/>\n<script type=\"application\/ld+json\" class=\"yoast-schema-graph\">{\"@context\":\"https:\/\/schema.org\",\"@graph\":[{\"@type\":\"WebPage\",\"@id\":\"https:\/\/pyrkon.pl\/en\/password-reset\/\",\"url\":\"https:\/\/pyrkon.pl\/en\/password-reset\/\",\"name\":\"Password Reset &#8902; Pyrkon Fantastyczne Miejsce Spotka\u0144\",\"isPartOf\":{\"@id\":\"https:\/\/pyrkon.pl\/#website\"},\"datePublished\":\"2017-11-24T15:31:42+00:00\",\"dateModified\":\"2017-12-19T17:25:22+00:00\",\"description\":\"Pyrkon to przede wszystkim ludzie \u2013 fani fantastyki, tw\u00f3rcy, producenci, wystawcy i\u2026 Ty, poniewa\u017c Pyrkon to fantastyczne miejsce spotka\u0144. Spotkaj dziesi\u0105tki tysi\u0119cy niesamowitych ludzi, kt\u00f3rzy dziel\u0105 to samo hobby, co Ty! Podobnie do nich wr\u00f3cisz z fantastycznymi wspomnieniami do ko\u0144ca \u017cycia! Do\u0142\u0105cz do nas ju\u017c teraz!\",\"breadcrumb\":{\"@id\":\"https:\/\/pyrkon.pl\/en\/password-reset\/#breadcrumb\"},\"inLanguage\":\"en-US\",\"potentialAction\":[{\"@type\":\"ReadAction\",\"target\":[\"https:\/\/pyrkon.pl\/en\/password-reset\/\"]}]},{\"@type\":\"BreadcrumbList\",\"@id\":\"https:\/\/pyrkon.pl\/en\/password-reset\/#breadcrumb\",\"itemListElement\":[{\"@type\":\"ListItem\",\"position\":1,\"name\":\"Strona g\u0142\u00f3wna\",\"item\":\"https:\/\/pyrkon.pl\/en\/\"},{\"@type\":\"ListItem\",\"position\":2,\"name\":\"Password Reset\"}]},{\"@type\":\"WebSite\",\"@id\":\"https:\/\/pyrkon.pl\/#website\",\"url\":\"https:\/\/pyrkon.pl\/\",\"name\":\"Pyrkon Fantastyczne Miejsce Spotka\u0144\",\"description\":\"Festiwal Fantastyki\",\"publisher\":{\"@id\":\"https:\/\/pyrkon.pl\/#organization\"},\"potentialAction\":[{\"@type\":\"SearchAction\",\"target\":{\"@type\":\"EntryPoint\",\"urlTemplate\":\"https:\/\/pyrkon.pl\/?s={search_term_string}\"},\"query-input\":{\"@type\":\"PropertyValueSpecification\",\"valueRequired\":true,\"valueName\":\"search_term_string\"}}],\"inLanguage\":\"en-US\"},{\"@type\":\"Organization\",\"@id\":\"https:\/\/pyrkon.pl\/#organization\",\"name\":\"Pyrkon Fantastyczne Miejsce Spotka\u0144\",\"url\":\"https:\/\/pyrkon.pl\/\",\"logo\":{\"@type\":\"ImageObject\",\"inLanguage\":\"en-US\",\"@id\":\"https:\/\/pyrkon.pl\/#\/schema\/logo\/image\/\",\"url\":\"https:\/\/pyrkon.pl\/wp-content\/uploads\/2018\/02\/Festiwal_Fantastyki_Pyrkon_logo_Black_CMYK.jpg\",\"contentUrl\":\"https:\/\/pyrkon.pl\/wp-content\/uploads\/2018\/02\/Festiwal_Fantastyki_Pyrkon_logo_Black_CMYK.jpg\",\"width\":1300,\"height\":401,\"caption\":\"Pyrkon Fantastyczne Miejsce Spotka\u0144\"},\"image\":{\"@id\":\"https:\/\/pyrkon.pl\/#\/schema\/logo\/image\/\"},\"sameAs\":[\"https:\/\/www.facebook.com\/Pyrkon\",\"https:\/\/x.com\/pyrkon\",\"https:\/\/www.instagram.com\/pyrkon\/\",\"https:\/\/www.youtube.com\/user\/FestiwalPyrkon\"]}]}<\/script>\n<!-- \/ Yoast SEO Premium plugin. -->","yoast_head_json":{"title":"Password Reset &#8902; Pyrkon Fantastyczne Miejsce Spotka\u0144","description":"Pyrkon to przede wszystkim ludzie \u2013 fani fantastyki, tw\u00f3rcy, producenci, wystawcy i\u2026 Ty, poniewa\u017c Pyrkon to fantastyczne miejsce spotka\u0144. Spotkaj dziesi\u0105tki tysi\u0119cy niesamowitych ludzi, kt\u00f3rzy dziel\u0105 to samo hobby, co Ty! Podobnie do nich wr\u00f3cisz z fantastycznymi wspomnieniami do ko\u0144ca \u017cycia! Do\u0142\u0105cz do nas ju\u017c teraz!","robots":{"index":"index","follow":"follow","max-snippet":"max-snippet:-1","max-image-preview":"max-image-preview:large","max-video-preview":"max-video-preview:-1"},"canonical":"https:\/\/pyrkon.pl\/en\/password-reset\/","og_locale":"en_US","og_type":"article","og_title":"Password Reset","og_description":"Pyrkon to przede wszystkim ludzie \u2013 fani fantastyki, tw\u00f3rcy, producenci, wystawcy i\u2026 Ty, poniewa\u017c Pyrkon to fantastyczne miejsce spotka\u0144. Spotkaj dziesi\u0105tki tysi\u0119cy niesamowitych ludzi, kt\u00f3rzy dziel\u0105 to samo hobby, co Ty! Podobnie do nich wr\u00f3cisz z fantastycznymi wspomnieniami do ko\u0144ca \u017cycia! Do\u0142\u0105cz do nas ju\u017c teraz!","og_url":"https:\/\/pyrkon.pl\/en\/password-reset\/","og_site_name":"Pyrkon Fantastyczne Miejsce Spotka\u0144","article_publisher":"https:\/\/www.facebook.com\/Pyrkon","article_modified_time":"2017-12-19T17:25:22+00:00","twitter_card":"summary_large_image","twitter_site":"@pyrkon","schema":{"@context":"https:\/\/schema.org","@graph":[{"@type":"WebPage","@id":"https:\/\/pyrkon.pl\/en\/password-reset\/","url":"https:\/\/pyrkon.pl\/en\/password-reset\/","name":"Password Reset &#8902; Pyrkon Fantastyczne Miejsce Spotka\u0144","isPartOf":{"@id":"https:\/\/pyrkon.pl\/#website"},"datePublished":"2017-11-24T15:31:42+00:00","dateModified":"2017-12-19T17:25:22+00:00","description":"Pyrkon to przede wszystkim ludzie \u2013 fani fantastyki, tw\u00f3rcy, producenci, wystawcy i\u2026 Ty, poniewa\u017c Pyrkon to fantastyczne miejsce spotka\u0144. Spotkaj dziesi\u0105tki tysi\u0119cy niesamowitych ludzi, kt\u00f3rzy dziel\u0105 to samo hobby, co Ty! Podobnie do nich wr\u00f3cisz z fantastycznymi wspomnieniami do ko\u0144ca \u017cycia! Do\u0142\u0105cz do nas ju\u017c teraz!","breadcrumb":{"@id":"https:\/\/pyrkon.pl\/en\/password-reset\/#breadcrumb"},"inLanguage":"en-US","potentialAction":[{"@type":"ReadAction","target":["https:\/\/pyrkon.pl\/en\/password-reset\/"]}]},{"@type":"BreadcrumbList","@id":"https:\/\/pyrkon.pl\/en\/password-reset\/#breadcrumb","itemListElement":[{"@type":"ListItem","position":1,"name":"Strona g\u0142\u00f3wna","item":"https:\/\/pyrkon.pl\/en\/"},{"@type":"ListItem","position":2,"name":"Password Reset"}]},{"@type":"WebSite","@id":"https:\/\/pyrkon.pl\/#website","url":"https:\/\/pyrkon.pl\/","name":"Pyrkon Fantastyczne Miejsce Spotka\u0144","description":"Festiwal Fantastyki","publisher":{"@id":"https:\/\/pyrkon.pl\/#organization"},"potentialAction":[{"@type":"SearchAction","target":{"@type":"EntryPoint","urlTemplate":"https:\/\/pyrkon.pl\/?s={search_term_string}"},"query-input":{"@type":"PropertyValueSpecification","valueRequired":true,"valueName":"search_term_string"}}],"inLanguage":"en-US"},{"@type":"Organization","@id":"https:\/\/pyrkon.pl\/#organization","name":"Pyrkon Fantastyczne Miejsce Spotka\u0144","url":"https:\/\/pyrkon.pl\/","logo":{"@type":"ImageObject","inLanguage":"en-US","@id":"https:\/\/pyrkon.pl\/#\/schema\/logo\/image\/","url":"https:\/\/pyrkon.pl\/wp-content\/uploads\/2018\/02\/Festiwal_Fantastyki_Pyrkon_logo_Black_CMYK.jpg","contentUrl":"https:\/\/pyrkon.pl\/wp-content\/uploads\/2018\/02\/Festiwal_Fantastyki_Pyrkon_logo_Black_CMYK.jpg","width":1300,"height":401,"caption":"Pyrkon Fantastyczne Miejsce Spotka\u0144"},"image":{"@id":"https:\/\/pyrkon.pl\/#\/schema\/logo\/image\/"},"sameAs":["https:\/\/www.facebook.com\/Pyrkon","https:\/\/x.com\/pyrkon","https:\/\/www.instagram.com\/pyrkon\/","https:\/\/www.youtube.com\/user\/FestiwalPyrkon"]}]}},"_links":{"self":[{"href":"https:\/\/pyrkon.pl\/en\/wp-json\/wp\/v2\/pages\/655","targetHints":{"allow":["GET"]}}],"collection":[{"href":"https:\/\/pyrkon.pl\/en\/wp-json\/wp\/v2\/pages"}],"about":[{"href":"https:\/\/pyrkon.pl\/en\/wp-json\/wp\/v2\/types\/page"}],"author":[{"embeddable":true,"href":"https:\/\/pyrkon.pl\/en\/wp-json\/wp\/v2\/users\/1"}],"replies":[{"embeddable":true,"href":"https:\/\/pyrkon.pl\/en\/wp-json\/wp\/v2\/comments?post=655"}],"version-history":[{"count":4,"href":"https:\/\/pyrkon.pl\/en\/wp-json\/wp\/v2\/pages\/655\/revisions"}],"predecessor-version":[{"id":1207,"href":"https:\/\/pyrkon.pl\/en\/wp-json\/wp\/v2\/pages\/655\/revisions\/1207"}],"wp:attachment":[{"href":"https:\/\/pyrkon.pl\/en\/wp-json\/wp\/v2\/media?parent=655"}],"wp:term":[{"taxonomy":"pyr_topics","embeddable":true,"href":"https:\/\/pyrkon.pl\/en\/wp-json\/wp\/v2\/pyr_topics?post=655"}],"curies":[{"name":"wp","href":"https:\/\/api.w.org\/{rel}","templated":true}]}}